{"id":1770,"date":"2024-04-02T11:00:40","date_gmt":"2024-04-02T11:00:40","guid":{"rendered":"https:\/\/casadolivreiro.pt\/?post_type=product&#038;p=1770"},"modified":"2024-04-02T11:00:41","modified_gmt":"2024-04-02T11:00:41","slug":"o-ballet-no-2-junho-de-1966","status":"publish","type":"product","link":"https:\/\/casadolivreiro.pt\/index.php\/product\/o-ballet-no-2-junho-de-1966\/","title":{"rendered":"O BALLET No. 2, Junho de 1966"},"content":{"rendered":"<p>O BALLET No. 2, Junho de 1966<br \/>\nRevista Portiguesa de dan\u00e7a e bailado, Director Antonio pinto Machado, Editora\u00a0 Maria Madalena Gamito Nunes dos Santos<br \/>\nAno de edi\u00e7\u00e3o:\u00a0 1966<br \/>\nEditor: O Ballet<br \/>\nIdioma: Portugu\u00eas<br \/>\nDimens\u00f5es: 21 x 0.2 x 27.5 cm<br \/>\nEncaderna\u00e7\u00e3o: Capa mole<br \/>\nP\u00e1ginas: 24<\/p>\n","protected":false},"excerpt":{"rendered":"<p>O BALLET No. 2, Junho de 1966 Revista Portiguesa de dan\u00e7a e bailado, Director Antonio pinto Machado, Editora\u00a0 Maria Madalena Gamito Nunes dos Santos Ano de edi\u00e7\u00e3o:\u00a0 1966 Editor: O Ballet Idioma: Portugu\u00eas Dimens\u00f5es: 21 x 0.2 x 27.5 cm Encaderna\u00e7\u00e3o: Capa mole P\u00e1ginas: 24<\/p>\n","protected":false},"featured_media":1771,"comment_status":"open","ping_status":"closed","template":"","meta":{"om_disable_all_campaigns":false,"_monsterinsights_skip_tracking":false,"_monsterinsights_sitenote_active":false,"_monsterinsights_sitenote_note":"","_monsterinsights_sitenote_category":0,"_uf_show_specific_survey":0,"_uf_disable_surveys":false},"product_cat":[24,65],"product_tag":[],"aioseo_notices":[],"jetpack_sharing_enabled":true,"_links":{"self":[{"href":"https:\/\/casadolivreiro.pt\/index.php\/wp-json\/wp\/v2\/product\/1770"}],"collection":[{"href":"https:\/\/casadolivreiro.pt\/index.php\/wp-json\/wp\/v2\/product"}],"about":[{"href":"https:\/\/casadolivreiro.pt\/index.php\/wp-json\/wp\/v2\/types\/product"}],"replies":[{"embeddable":true,"href":"https:\/\/casadolivreiro.pt\/index.php\/wp-json\/wp\/v2\/comments?post=1770"}],"wp:featuredmedia":[{"embeddable":true,"href":"https:\/\/casadolivreiro.pt\/index.php\/wp-json\/wp\/v2\/media\/1771"}],"wp:attachment":[{"href":"https:\/\/casadolivreiro.pt\/index.php\/wp-json\/wp\/v2\/media?parent=1770"}],"wp:term":[{"taxonomy":"product_cat","embeddable":true,"href":"https:\/\/casadolivreiro.pt\/index.php\/wp-json\/wp\/v2\/product_cat?post=1770"},{"taxonomy":"product_tag","embeddable":true,"href":"https:\/\/casadolivreiro.pt\/index.php\/wp-json\/wp\/v2\/product_tag?post=1770"}],"curies":[{"name":"wp","href":"https:\/\/api.w.org\/{rel}","templated":true}]}}