{"id":1766,"date":"2024-04-02T10:42:37","date_gmt":"2024-04-02T10:42:37","guid":{"rendered":"https:\/\/casadolivreiro.pt\/?post_type=product&#038;p=1766"},"modified":"2024-04-02T10:42:37","modified_gmt":"2024-04-02T10:42:37","slug":"mamas-e-bebes-revista-quinzenal-no-4-lisboa-15-de-maio-de-1962","status":"publish","type":"product","link":"https:\/\/casadolivreiro.pt\/index.php\/product\/mamas-e-bebes-revista-quinzenal-no-4-lisboa-15-de-maio-de-1962\/","title":{"rendered":"MAM\u00c3S E BEB\u00c9S Revista Quinzenal No.4 Lisboa, 15 de maio de 1962"},"content":{"rendered":"<p>MAM\u00c3S E BEB\u00c9S<br \/>\nRevista Quinzenal No.4<br \/>\nLisboa, 15 de maio de 1962<br \/>\nDirectora e editora:\u00a0 Isa Meireles de Sousa Martins<br \/>\nIdioma: Portugu\u00eas<br \/>\nDimens\u00f5es: 16.5 x 0.2 x 24 cm<br \/>\nEncaderna\u00e7\u00e3o: Capa mole<br \/>\nP\u00e1ginas: 32<\/p>\n","protected":false},"excerpt":{"rendered":"<p>MAM\u00c3S E BEB\u00c9S Revista Quinzenal No.4 Lisboa, 15 de maio de 1962 Directora e editora:\u00a0 Isa Meireles de Sousa Martins Idioma: Portugu\u00eas Dimens\u00f5es: 16.5 x 0.2 x 24 cm Encaderna\u00e7\u00e3o: Capa mole P\u00e1ginas: 32<\/p>\n","protected":false},"featured_media":1767,"comment_status":"open","ping_status":"closed","template":"","meta":{"om_disable_all_campaigns":false,"_monsterinsights_skip_tracking":false,"_monsterinsights_sitenote_active":false,"_monsterinsights_sitenote_note":"","_monsterinsights_sitenote_category":0,"_uf_show_specific_survey":0,"_uf_disable_surveys":false},"product_cat":[65],"product_tag":[],"aioseo_notices":[],"jetpack_sharing_enabled":true,"_links":{"self":[{"href":"https:\/\/casadolivreiro.pt\/index.php\/wp-json\/wp\/v2\/product\/1766"}],"collection":[{"href":"https:\/\/casadolivreiro.pt\/index.php\/wp-json\/wp\/v2\/product"}],"about":[{"href":"https:\/\/casadolivreiro.pt\/index.php\/wp-json\/wp\/v2\/types\/product"}],"replies":[{"embeddable":true,"href":"https:\/\/casadolivreiro.pt\/index.php\/wp-json\/wp\/v2\/comments?post=1766"}],"wp:featuredmedia":[{"embeddable":true,"href":"https:\/\/casadolivreiro.pt\/index.php\/wp-json\/wp\/v2\/media\/1767"}],"wp:attachment":[{"href":"https:\/\/casadolivreiro.pt\/index.php\/wp-json\/wp\/v2\/media?parent=1766"}],"wp:term":[{"taxonomy":"product_cat","embeddable":true,"href":"https:\/\/casadolivreiro.pt\/index.php\/wp-json\/wp\/v2\/product_cat?post=1766"},{"taxonomy":"product_tag","embeddable":true,"href":"https:\/\/casadolivreiro.pt\/index.php\/wp-json\/wp\/v2\/product_tag?post=1766"}],"curies":[{"name":"wp","href":"https:\/\/api.w.org\/{rel}","templated":true}]}}