{"id":1758,"date":"2024-04-02T10:25:27","date_gmt":"2024-04-02T10:25:27","guid":{"rendered":"https:\/\/casadolivreiro.pt\/?post_type=product&#038;p=1758"},"modified":"2024-04-02T10:25:27","modified_gmt":"2024-04-02T10:25:27","slug":"arte-moderna-e-contemporanea-14-de-julho-de-2016-veritas-art-auctioneers-catalog","status":"publish","type":"product","link":"https:\/\/casadolivreiro.pt\/index.php\/product\/arte-moderna-e-contemporanea-14-de-julho-de-2016-veritas-art-auctioneers-catalog\/","title":{"rendered":"ARTE MODERNA E CONTEMPOR\u00c2NEA: 14 de Julho de 2016 VERITAS, Art Auctioneers catalog"},"content":{"rendered":"<p>ARTE MODERNA E CONTEMPOR\u00c2NEA: 14 de Julho de 2016<br \/>\nVERITAS, Art Auctioneers catalog<br \/>\nAno de edi\u00e7\u00e3o:\u00a0 2016<br \/>\nEditor: VERITAS, Art Auctioneers, Lisboa<br \/>\nIdioma: Portugu\u00eas, Ingl\u00eas<br \/>\nDimens\u00f5es: 21 x 0.9 x 27 cm<br \/>\nEncaderna\u00e7\u00e3o: Capa mole<br \/>\nP\u00e1ginas: 154<\/p>\n","protected":false},"excerpt":{"rendered":"<p>ARTE MODERNA E CONTEMPOR\u00c2NEA: 14 de Julho de 2016 VERITAS, Art Auctioneers catalog Ano de edi\u00e7\u00e3o:\u00a0 2016 Editor: VERITAS, Art Auctioneers, Lisboa Idioma: Portugu\u00eas, Ingl\u00eas Dimens\u00f5es: 21 x 0.9 x 27 cm Encaderna\u00e7\u00e3o: Capa mole P\u00e1ginas: 154<\/p>\n","protected":false},"featured_media":1759,"comment_status":"open","ping_status":"closed","template":"","meta":{"om_disable_all_campaigns":false,"_monsterinsights_skip_tracking":false,"_monsterinsights_sitenote_active":false,"_monsterinsights_sitenote_note":"","_monsterinsights_sitenote_category":0,"_uf_show_specific_survey":0,"_uf_disable_surveys":false},"product_cat":[24,65],"product_tag":[],"aioseo_notices":[],"jetpack_sharing_enabled":true,"_links":{"self":[{"href":"https:\/\/casadolivreiro.pt\/index.php\/wp-json\/wp\/v2\/product\/1758"}],"collection":[{"href":"https:\/\/casadolivreiro.pt\/index.php\/wp-json\/wp\/v2\/product"}],"about":[{"href":"https:\/\/casadolivreiro.pt\/index.php\/wp-json\/wp\/v2\/types\/product"}],"replies":[{"embeddable":true,"href":"https:\/\/casadolivreiro.pt\/index.php\/wp-json\/wp\/v2\/comments?post=1758"}],"wp:featuredmedia":[{"embeddable":true,"href":"https:\/\/casadolivreiro.pt\/index.php\/wp-json\/wp\/v2\/media\/1759"}],"wp:attachment":[{"href":"https:\/\/casadolivreiro.pt\/index.php\/wp-json\/wp\/v2\/media?parent=1758"}],"wp:term":[{"taxonomy":"product_cat","embeddable":true,"href":"https:\/\/casadolivreiro.pt\/index.php\/wp-json\/wp\/v2\/product_cat?post=1758"},{"taxonomy":"product_tag","embeddable":true,"href":"https:\/\/casadolivreiro.pt\/index.php\/wp-json\/wp\/v2\/product_tag?post=1758"}],"curies":[{"name":"wp","href":"https:\/\/api.w.org\/{rel}","templated":true}]}}