{"id":1755,"date":"2024-04-01T23:51:29","date_gmt":"2024-04-01T23:51:29","guid":{"rendered":"https:\/\/casadolivreiro.pt\/?post_type=product&#038;p=1755"},"modified":"2024-04-01T23:51:29","modified_gmt":"2024-04-01T23:51:29","slug":"orchestration-walter-piston","status":"publish","type":"product","link":"https:\/\/casadolivreiro.pt\/index.php\/product\/orchestration-walter-piston\/","title":{"rendered":"ORCHESTRATION &#8211; Walter Piston"},"content":{"rendered":"<p>ORCHESTRATION<br \/>\nWalter Piston<br \/>\nISBN: 0 393 09740 4<br \/>\nAno de edi\u00e7\u00e3o:\u00a0 1955<br \/>\nEditor: W.W. Norton &amp; Company, Inc.<br \/>\nIdioma: Ingl\u00eas<br \/>\nDimens\u00f5es: 15 x 3.6 x 24 cm<br \/>\nEncaderna\u00e7\u00e3o: Capa dura<br \/>\nP\u00e1ginas: 477<\/p>\n","protected":false},"excerpt":{"rendered":"<p>ORCHESTRATION Walter Piston ISBN: 0 393 09740 4 Ano de edi\u00e7\u00e3o:\u00a0 1955 Editor: W.W. Norton &amp; Company, Inc. Idioma: Ingl\u00eas Dimens\u00f5es: 15 x 3.6 x 24 cm Encaderna\u00e7\u00e3o: Capa dura P\u00e1ginas: 477<\/p>\n","protected":false},"featured_media":1757,"comment_status":"open","ping_status":"closed","template":"","meta":{"om_disable_all_campaigns":false,"_monsterinsights_skip_tracking":false,"_monsterinsights_sitenote_active":false,"_monsterinsights_sitenote_note":"","_monsterinsights_sitenote_category":0,"_uf_show_specific_survey":0,"_uf_disable_surveys":false},"product_cat":[24,47],"product_tag":[],"aioseo_notices":[],"jetpack_sharing_enabled":true,"_links":{"self":[{"href":"https:\/\/casadolivreiro.pt\/index.php\/wp-json\/wp\/v2\/product\/1755"}],"collection":[{"href":"https:\/\/casadolivreiro.pt\/index.php\/wp-json\/wp\/v2\/product"}],"about":[{"href":"https:\/\/casadolivreiro.pt\/index.php\/wp-json\/wp\/v2\/types\/product"}],"replies":[{"embeddable":true,"href":"https:\/\/casadolivreiro.pt\/index.php\/wp-json\/wp\/v2\/comments?post=1755"}],"wp:featuredmedia":[{"embeddable":true,"href":"https:\/\/casadolivreiro.pt\/index.php\/wp-json\/wp\/v2\/media\/1757"}],"wp:attachment":[{"href":"https:\/\/casadolivreiro.pt\/index.php\/wp-json\/wp\/v2\/media?parent=1755"}],"wp:term":[{"taxonomy":"product_cat","embeddable":true,"href":"https:\/\/casadolivreiro.pt\/index.php\/wp-json\/wp\/v2\/product_cat?post=1755"},{"taxonomy":"product_tag","embeddable":true,"href":"https:\/\/casadolivreiro.pt\/index.php\/wp-json\/wp\/v2\/product_tag?post=1755"}],"curies":[{"name":"wp","href":"https:\/\/api.w.org\/{rel}","templated":true}]}}