{"id":1749,"date":"2024-04-01T23:39:25","date_gmt":"2024-04-01T23:39:25","guid":{"rendered":"https:\/\/casadolivreiro.pt\/?post_type=product&#038;p=1749"},"modified":"2024-04-01T23:39:25","modified_gmt":"2024-04-01T23:39:25","slug":"o-calo-gabriel-bosco","status":"publish","type":"product","link":"https:\/\/casadolivreiro.pt\/index.php\/product\/o-calo-gabriel-bosco\/","title":{"rendered":"O CAL\u00d3 &#8211; Gabriel Bosco"},"content":{"rendered":"<p>O CAL\u00d3<br \/>\nGabriel Bosco<br \/>\nColec\u00e7\u00e3o Biografias<br \/>\nAno de edi\u00e7\u00e3o:\u00a0 1960<br \/>\nEditor: Edi\u00e7\u00f5es\u00a0 Salesianas, Porto<br \/>\nIdioma: Portugu\u00eas<br \/>\nDimens\u00f5es: 12 x 1 x 17.5 cm<br \/>\nEncaderna\u00e7\u00e3o: Capa mole<br \/>\nP\u00e1ginas: 176<\/p>\n","protected":false},"excerpt":{"rendered":"<p>O CAL\u00d3 Gabriel Bosco Colec\u00e7\u00e3o Biografias Ano de edi\u00e7\u00e3o:\u00a0 1960 Editor: Edi\u00e7\u00f5es\u00a0 Salesianas, Porto Idioma: Portugu\u00eas Dimens\u00f5es: 12 x 1 x 17.5 cm Encaderna\u00e7\u00e3o: Capa mole P\u00e1ginas: 176<\/p>\n","protected":false},"featured_media":1750,"comment_status":"open","ping_status":"closed","template":"","meta":{"om_disable_all_campaigns":false,"_monsterinsights_skip_tracking":false,"_monsterinsights_sitenote_active":false,"_monsterinsights_sitenote_note":"","_monsterinsights_sitenote_category":0,"_uf_show_specific_survey":0,"_uf_disable_surveys":false},"product_cat":[28,33],"product_tag":[],"aioseo_notices":[],"jetpack_sharing_enabled":true,"_links":{"self":[{"href":"https:\/\/casadolivreiro.pt\/index.php\/wp-json\/wp\/v2\/product\/1749"}],"collection":[{"href":"https:\/\/casadolivreiro.pt\/index.php\/wp-json\/wp\/v2\/product"}],"about":[{"href":"https:\/\/casadolivreiro.pt\/index.php\/wp-json\/wp\/v2\/types\/product"}],"replies":[{"embeddable":true,"href":"https:\/\/casadolivreiro.pt\/index.php\/wp-json\/wp\/v2\/comments?post=1749"}],"wp:featuredmedia":[{"embeddable":true,"href":"https:\/\/casadolivreiro.pt\/index.php\/wp-json\/wp\/v2\/media\/1750"}],"wp:attachment":[{"href":"https:\/\/casadolivreiro.pt\/index.php\/wp-json\/wp\/v2\/media?parent=1749"}],"wp:term":[{"taxonomy":"product_cat","embeddable":true,"href":"https:\/\/casadolivreiro.pt\/index.php\/wp-json\/wp\/v2\/product_cat?post=1749"},{"taxonomy":"product_tag","embeddable":true,"href":"https:\/\/casadolivreiro.pt\/index.php\/wp-json\/wp\/v2\/product_tag?post=1749"}],"curies":[{"name":"wp","href":"https:\/\/api.w.org\/{rel}","templated":true}]}}