{"id":1740,"date":"2024-04-01T23:26:46","date_gmt":"2024-04-01T23:26:46","guid":{"rendered":"https:\/\/casadolivreiro.pt\/?post_type=product&#038;p=1740"},"modified":"2026-01-11T14:40:41","modified_gmt":"2026-01-11T14:40:41","slug":"o-hissope-antonio-dinis-da-cruz-e-silva","status":"publish","type":"product","link":"https:\/\/casadolivreiro.pt\/index.php\/product\/o-hissope-antonio-dinis-da-cruz-e-silva\/","title":{"rendered":"O HISSOPE &#8211; Ant\u00f3nio Dinis da Cruz e Silva"},"content":{"rendered":"<p>O HISSOPE<br \/>\nAnt\u00f3nio Dinis da Cruz e Silva<br \/>\nColec\u00e7\u00e3o Portugal No. 34, Introdu\u00e7\u00e3o e notas Joaquim Ferreira<br \/>\nAno de edi\u00e7\u00e3o:\u00a0 1966<br \/>\nEditor: Editorial Domingos Barreira, Porto<br \/>\nIdioma: Portugu\u00eas<br \/>\nDimens\u00f5es: 12.4 x 2.1 x 18.5 cm<br \/>\nEncaderna\u00e7\u00e3o: Capa mole<br \/>\nP\u00e1ginas: 260<\/p>\n","protected":false},"excerpt":{"rendered":"<p>O HISSOPE Ant\u00f3nio Dinis da Cruz e Silva Colec\u00e7\u00e3o Portugal No. 34, Introdu\u00e7\u00e3o e notas Joaquim Ferreira Ano de edi\u00e7\u00e3o:\u00a0 1966 Editor: Editorial Domingos Barreira, Porto Idioma: Portugu\u00eas Dimens\u00f5es: 12.4 x 2.1 x 18.5 cm Encaderna\u00e7\u00e3o: Capa mole P\u00e1ginas: 260<\/p>\n","protected":false},"featured_media":1741,"comment_status":"open","ping_status":"closed","template":"","meta":{"om_disable_all_campaigns":false,"_monsterinsights_skip_tracking":false,"_monsterinsights_sitenote_active":false,"_monsterinsights_sitenote_note":"","_monsterinsights_sitenote_category":0,"_uf_show_specific_survey":0,"_uf_disable_surveys":false},"product_cat":[25],"product_tag":[],"aioseo_notices":[],"jetpack_sharing_enabled":true,"_links":{"self":[{"href":"https:\/\/casadolivreiro.pt\/index.php\/wp-json\/wp\/v2\/product\/1740"}],"collection":[{"href":"https:\/\/casadolivreiro.pt\/index.php\/wp-json\/wp\/v2\/product"}],"about":[{"href":"https:\/\/casadolivreiro.pt\/index.php\/wp-json\/wp\/v2\/types\/product"}],"replies":[{"embeddable":true,"href":"https:\/\/casadolivreiro.pt\/index.php\/wp-json\/wp\/v2\/comments?post=1740"}],"wp:featuredmedia":[{"embeddable":true,"href":"https:\/\/casadolivreiro.pt\/index.php\/wp-json\/wp\/v2\/media\/1741"}],"wp:attachment":[{"href":"https:\/\/casadolivreiro.pt\/index.php\/wp-json\/wp\/v2\/media?parent=1740"}],"wp:term":[{"taxonomy":"product_cat","embeddable":true,"href":"https:\/\/casadolivreiro.pt\/index.php\/wp-json\/wp\/v2\/product_cat?post=1740"},{"taxonomy":"product_tag","embeddable":true,"href":"https:\/\/casadolivreiro.pt\/index.php\/wp-json\/wp\/v2\/product_tag?post=1740"}],"curies":[{"name":"wp","href":"https:\/\/api.w.org\/{rel}","templated":true}]}}