{"id":1738,"date":"2024-04-01T23:23:49","date_gmt":"2024-04-01T23:23:49","guid":{"rendered":"https:\/\/casadolivreiro.pt\/?post_type=product&#038;p=1738"},"modified":"2024-04-01T23:23:49","modified_gmt":"2024-04-01T23:23:49","slug":"a-queda-de-paris-ilia-ehrenburg","status":"publish","type":"product","link":"https:\/\/casadolivreiro.pt\/index.php\/product\/a-queda-de-paris-ilia-ehrenburg\/","title":{"rendered":"A QUEDA DE PARIS &#8211; Ilia Ehrenburg"},"content":{"rendered":"<p>A QUEDA DE PARIS<br \/>\nIlia Ehrenburg<br \/>\nObra traduzida por M\u00e1rio Delgado.<br \/>\nAno de edi\u00e7\u00e3o:\u00a0 1970<br \/>\nEditor: Editora Arc\u00e1dia Limitada, Lisboa<br \/>\nIdioma: Portugu\u00eas<br \/>\nDimens\u00f5es: 14 x 5.4 x 21 cm<br \/>\nEncaderna\u00e7\u00e3o: Capa dura<br \/>\nP\u00e1ginas: 628<\/p>\n","protected":false},"excerpt":{"rendered":"<p>A QUEDA DE PARIS Ilia Ehrenburg Obra traduzida por M\u00e1rio Delgado. Ano de edi\u00e7\u00e3o:\u00a0 1970 Editor: Editora Arc\u00e1dia Limitada, Lisboa Idioma: Portugu\u00eas Dimens\u00f5es: 14 x 5.4 x 21 cm Encaderna\u00e7\u00e3o: Capa dura P\u00e1ginas: 628<\/p>\n","protected":false},"featured_media":1739,"comment_status":"open","ping_status":"closed","template":"","meta":{"om_disable_all_campaigns":false,"_monsterinsights_skip_tracking":false,"_monsterinsights_sitenote_active":false,"_monsterinsights_sitenote_note":"","_monsterinsights_sitenote_category":0,"_uf_show_specific_survey":0,"_uf_disable_surveys":false},"product_cat":[26],"product_tag":[],"aioseo_notices":[],"jetpack_sharing_enabled":true,"_links":{"self":[{"href":"https:\/\/casadolivreiro.pt\/index.php\/wp-json\/wp\/v2\/product\/1738"}],"collection":[{"href":"https:\/\/casadolivreiro.pt\/index.php\/wp-json\/wp\/v2\/product"}],"about":[{"href":"https:\/\/casadolivreiro.pt\/index.php\/wp-json\/wp\/v2\/types\/product"}],"replies":[{"embeddable":true,"href":"https:\/\/casadolivreiro.pt\/index.php\/wp-json\/wp\/v2\/comments?post=1738"}],"wp:featuredmedia":[{"embeddable":true,"href":"https:\/\/casadolivreiro.pt\/index.php\/wp-json\/wp\/v2\/media\/1739"}],"wp:attachment":[{"href":"https:\/\/casadolivreiro.pt\/index.php\/wp-json\/wp\/v2\/media?parent=1738"}],"wp:term":[{"taxonomy":"product_cat","embeddable":true,"href":"https:\/\/casadolivreiro.pt\/index.php\/wp-json\/wp\/v2\/product_cat?post=1738"},{"taxonomy":"product_tag","embeddable":true,"href":"https:\/\/casadolivreiro.pt\/index.php\/wp-json\/wp\/v2\/product_tag?post=1738"}],"curies":[{"name":"wp","href":"https:\/\/api.w.org\/{rel}","templated":true}]}}