{"id":1736,"date":"2024-04-01T23:20:39","date_gmt":"2024-04-01T23:20:39","guid":{"rendered":"https:\/\/casadolivreiro.pt\/?post_type=product&#038;p=1736"},"modified":"2024-04-01T23:20:39","modified_gmt":"2024-04-01T23:20:39","slug":"profetas-e-profecias-nostradamus-preve-em-1555-todos-od-grandes-acontecimentos-do-mundo-ate-1999-joao-paulo-freire-mario","status":"publish","type":"product","link":"https:\/\/casadolivreiro.pt\/index.php\/product\/profetas-e-profecias-nostradamus-preve-em-1555-todos-od-grandes-acontecimentos-do-mundo-ate-1999-joao-paulo-freire-mario\/","title":{"rendered":"PROFETAS E PROFECIAS: NOSTRADAMUS . Prev\u00ea em 1555, Todos od grandes acontecimentos do mundo at\u00e9 1999 &#8211; Jo\u00e3o Paulo Freire (Mario)"},"content":{"rendered":"<p>PROFETAS E PROFECIAS: NOSTRADAMUS . Prev\u00ea em 1555, Todos od grandes acontecimentos do mundo at\u00e9 1999<br \/>\nJo\u00e3o Paulo Freire (Mario)<br \/>\nAno de edi\u00e7\u00e3o:\u00a0 1939<br \/>\nEditor: Edi\u00e7\u00e3o do Autor<br \/>\nIdioma: Portugu\u00eas<br \/>\nDimens\u00f5es: 13 x 1 x 19 cm<br \/>\nEncaderna\u00e7\u00e3o: Capa mole<br \/>\nP\u00e1ginas: 254<\/p>\n","protected":false},"excerpt":{"rendered":"<p>PROFETAS E PROFECIAS: NOSTRADAMUS . Prev\u00ea em 1555, Todos od grandes acontecimentos do mundo at\u00e9 1999 Jo\u00e3o Paulo Freire (Mario) Ano de edi\u00e7\u00e3o:\u00a0 1939 Editor: Edi\u00e7\u00e3o do Autor Idioma: Portugu\u00eas Dimens\u00f5es: 13 x 1 x 19 cm Encaderna\u00e7\u00e3o: Capa mole P\u00e1ginas: 254<\/p>\n","protected":false},"featured_media":1737,"comment_status":"open","ping_status":"closed","template":"","meta":{"om_disable_all_campaigns":false,"_monsterinsights_skip_tracking":false,"_monsterinsights_sitenote_active":false,"_monsterinsights_sitenote_note":"","_monsterinsights_sitenote_category":0,"_uf_show_specific_survey":0,"_uf_disable_surveys":false},"product_cat":[33,30,36,66],"product_tag":[],"aioseo_notices":[],"jetpack_sharing_enabled":true,"_links":{"self":[{"href":"https:\/\/casadolivreiro.pt\/index.php\/wp-json\/wp\/v2\/product\/1736"}],"collection":[{"href":"https:\/\/casadolivreiro.pt\/index.php\/wp-json\/wp\/v2\/product"}],"about":[{"href":"https:\/\/casadolivreiro.pt\/index.php\/wp-json\/wp\/v2\/types\/product"}],"replies":[{"embeddable":true,"href":"https:\/\/casadolivreiro.pt\/index.php\/wp-json\/wp\/v2\/comments?post=1736"}],"wp:featuredmedia":[{"embeddable":true,"href":"https:\/\/casadolivreiro.pt\/index.php\/wp-json\/wp\/v2\/media\/1737"}],"wp:attachment":[{"href":"https:\/\/casadolivreiro.pt\/index.php\/wp-json\/wp\/v2\/media?parent=1736"}],"wp:term":[{"taxonomy":"product_cat","embeddable":true,"href":"https:\/\/casadolivreiro.pt\/index.php\/wp-json\/wp\/v2\/product_cat?post=1736"},{"taxonomy":"product_tag","embeddable":true,"href":"https:\/\/casadolivreiro.pt\/index.php\/wp-json\/wp\/v2\/product_tag?post=1736"}],"curies":[{"name":"wp","href":"https:\/\/api.w.org\/{rel}","templated":true}]}}