{"id":1733,"date":"2024-04-01T23:16:52","date_gmt":"2024-04-01T23:16:52","guid":{"rendered":"https:\/\/casadolivreiro.pt\/?post_type=product&#038;p=1733"},"modified":"2024-04-01T23:16:53","modified_gmt":"2024-04-01T23:16:53","slug":"a-nossa-luta-samora-moises-machel-presidente-da-frelimo","status":"publish","type":"product","link":"https:\/\/casadolivreiro.pt\/index.php\/product\/a-nossa-luta-samora-moises-machel-presidente-da-frelimo\/","title":{"rendered":"A NOSSA LUTA &#8211; Samora Mois\u00e9s Machel, Presidente da FRELIMO"},"content":{"rendered":"<p>A NOSSA LUTA<br \/>\nSamora Mois\u00e9s Machel, Presidente da FRELIMO<br \/>\nAno de edi\u00e7\u00e3o:\u00a0 1975<br \/>\nEditor: Imprensa Nacional de Mo\u00e7ambique<br \/>\nIdioma: Portugu\u00eas<br \/>\nDimens\u00f5es: 14.7 x 1.1 x 20.7 cm<br \/>\nEncaderna\u00e7\u00e3o: Capa mole<br \/>\nP\u00e1ginas: 254<\/p>\n<p>\u201cO desenvolvimento da nossa luta de liberta\u00e7\u00e3o nacional faz nascer muitas situa\u00e7\u00f5es novas e problemas novos (&#8230;) Atendendo a esta situa\u00e7\u00e3o, e para fornecer aos militantes e sobretudo aos quadros da FRELIMO\u00a0 elementos que lhes permitam melhor compreender a realizar com acerto as tarefas revolucion\u00e1rias, a FRELIMO inicia aqui a publica\u00e7\u00e3o de uma colec\u00e7\u00e3o de textos intitulados Estudos e Orienta\u00e7\u00f5es. Esses textos conter\u00e3o an\u00e1lises de quest\u00f5es fundamentais como a estrat\u00e9gia, a produ\u00e7\u00e3o, a educa\u00e7\u00e3o, etc., e sempre que necess\u00e1rio ser\u00e3o acompanhados de palavras de ordem da FRELIMO (&#8230;)\u201d \u2014 retirado da Introdu\u00e7\u00e3o.<\/p>\n","protected":false},"excerpt":{"rendered":"<p>A NOSSA LUTA Samora Mois\u00e9s Machel, Presidente da FRELIMO Ano de edi\u00e7\u00e3o:\u00a0 1975 Editor: Imprensa Nacional de Mo\u00e7ambique Idioma: Portugu\u00eas Dimens\u00f5es: 14.7 x 1.1 x 20.7 cm Encaderna\u00e7\u00e3o: Capa mole P\u00e1ginas: 254 \u201cO desenvolvimento da nossa luta de liberta\u00e7\u00e3o nacional faz nascer muitas situa\u00e7\u00f5es novas e problemas novos (&#8230;) Atendendo a esta situa\u00e7\u00e3o, e para [&hellip;]<\/p>\n","protected":false},"featured_media":1735,"comment_status":"open","ping_status":"closed","template":"","meta":{"om_disable_all_campaigns":false,"_monsterinsights_skip_tracking":false,"_monsterinsights_sitenote_active":false,"_monsterinsights_sitenote_note":"","_monsterinsights_sitenote_category":0,"_uf_show_specific_survey":0,"_uf_disable_surveys":false},"product_cat":[30,36,51],"product_tag":[],"aioseo_notices":[],"jetpack_sharing_enabled":true,"_links":{"self":[{"href":"https:\/\/casadolivreiro.pt\/index.php\/wp-json\/wp\/v2\/product\/1733"}],"collection":[{"href":"https:\/\/casadolivreiro.pt\/index.php\/wp-json\/wp\/v2\/product"}],"about":[{"href":"https:\/\/casadolivreiro.pt\/index.php\/wp-json\/wp\/v2\/types\/product"}],"replies":[{"embeddable":true,"href":"https:\/\/casadolivreiro.pt\/index.php\/wp-json\/wp\/v2\/comments?post=1733"}],"wp:featuredmedia":[{"embeddable":true,"href":"https:\/\/casadolivreiro.pt\/index.php\/wp-json\/wp\/v2\/media\/1735"}],"wp:attachment":[{"href":"https:\/\/casadolivreiro.pt\/index.php\/wp-json\/wp\/v2\/media?parent=1733"}],"wp:term":[{"taxonomy":"product_cat","embeddable":true,"href":"https:\/\/casadolivreiro.pt\/index.php\/wp-json\/wp\/v2\/product_cat?post=1733"},{"taxonomy":"product_tag","embeddable":true,"href":"https:\/\/casadolivreiro.pt\/index.php\/wp-json\/wp\/v2\/product_tag?post=1733"}],"curies":[{"name":"wp","href":"https:\/\/api.w.org\/{rel}","templated":true}]}}