{"id":1729,"date":"2024-04-01T23:09:44","date_gmt":"2024-04-01T23:09:44","guid":{"rendered":"https:\/\/casadolivreiro.pt\/?post_type=product&#038;p=1729"},"modified":"2024-04-01T23:09:45","modified_gmt":"2024-04-01T23:09:45","slug":"jakobson-o-estruturalismo-fenomenologico-elmar-holenstein","status":"publish","type":"product","link":"https:\/\/casadolivreiro.pt\/index.php\/product\/jakobson-o-estruturalismo-fenomenologico-elmar-holenstein\/","title":{"rendered":"JAKOBSON: O ESTRUTURALISMO FENOMENOL\u00d3GICO &#8211; Elmar Holenstein"},"content":{"rendered":"<p>JAKOBSON: O ESTRUTURALISMO FENOMENOL\u00d3GICO<br \/>\nElmar Holenstein<br \/>\nAno de edi\u00e7\u00e3o:\u00a0 1975<br \/>\nEditor: Editorial Veja, Lisboa<br \/>\nIdioma: Portugu\u00eas<br \/>\nDimens\u00f5es: 14 x 1.8 x 20<br \/>\nEncaderna\u00e7\u00e3o: Capa mole<br \/>\nP\u00e1ginas: 274<\/p>\n","protected":false},"excerpt":{"rendered":"<p>JAKOBSON: O ESTRUTURALISMO FENOMENOL\u00d3GICO Elmar Holenstein Ano de edi\u00e7\u00e3o:\u00a0 1975 Editor: Editorial Veja, Lisboa Idioma: Portugu\u00eas Dimens\u00f5es: 14 x 1.8 x 20 Encaderna\u00e7\u00e3o: Capa mole P\u00e1ginas: 274<\/p>\n","protected":false},"featured_media":1730,"comment_status":"open","ping_status":"closed","template":"","meta":{"om_disable_all_campaigns":false,"_monsterinsights_skip_tracking":false,"_monsterinsights_sitenote_active":false,"_monsterinsights_sitenote_note":"","_monsterinsights_sitenote_category":0,"_uf_show_specific_survey":0,"_uf_disable_surveys":false},"product_cat":[31,47,29],"product_tag":[],"aioseo_notices":[],"jetpack_sharing_enabled":true,"_links":{"self":[{"href":"https:\/\/casadolivreiro.pt\/index.php\/wp-json\/wp\/v2\/product\/1729"}],"collection":[{"href":"https:\/\/casadolivreiro.pt\/index.php\/wp-json\/wp\/v2\/product"}],"about":[{"href":"https:\/\/casadolivreiro.pt\/index.php\/wp-json\/wp\/v2\/types\/product"}],"replies":[{"embeddable":true,"href":"https:\/\/casadolivreiro.pt\/index.php\/wp-json\/wp\/v2\/comments?post=1729"}],"wp:featuredmedia":[{"embeddable":true,"href":"https:\/\/casadolivreiro.pt\/index.php\/wp-json\/wp\/v2\/media\/1730"}],"wp:attachment":[{"href":"https:\/\/casadolivreiro.pt\/index.php\/wp-json\/wp\/v2\/media?parent=1729"}],"wp:term":[{"taxonomy":"product_cat","embeddable":true,"href":"https:\/\/casadolivreiro.pt\/index.php\/wp-json\/wp\/v2\/product_cat?post=1729"},{"taxonomy":"product_tag","embeddable":true,"href":"https:\/\/casadolivreiro.pt\/index.php\/wp-json\/wp\/v2\/product_tag?post=1729"}],"curies":[{"name":"wp","href":"https:\/\/api.w.org\/{rel}","templated":true}]}}