{"id":1720,"date":"2024-04-01T22:53:58","date_gmt":"2024-04-01T22:53:58","guid":{"rendered":"https:\/\/casadolivreiro.pt\/?post_type=product&#038;p=1720"},"modified":"2024-04-01T22:53:58","modified_gmt":"2024-04-01T22:53:58","slug":"joao-machado-selos-introducao-rene-wanner","status":"publish","type":"product","link":"https:\/\/casadolivreiro.pt\/index.php\/product\/joao-machado-selos-introducao-rene-wanner\/","title":{"rendered":"JO\u00c3O MACHADO: SELOS &#8211; Introdu\u00e7\u00e3o: Rene Wanner"},"content":{"rendered":"<p>JO\u00c3O MACHADO: SELOS<br \/>\nIntrodu\u00e7\u00e3o: Rene Wanner<br \/>\nISBN: 978-989-658-089-6<br \/>\nAno de edi\u00e7\u00e3o:\u00a0 2010 (Primeira edi\u00e7\u00e3o)<br \/>\nEditor: Caleiddosc\u00f3pio Edi\u00e7\u00e3o e Artes Gr\u00e1ficas S.A., Casal de Cambra<br \/>\nIdioma: Portugu\u00eas, Ingl\u00eas<br \/>\nDimens\u00f5es: 16 x 2.2 x 27cm<br \/>\nEncaderna\u00e7\u00e3o: Capa dura<br \/>\nP\u00e1ginas: 159<\/p>\n","protected":false},"excerpt":{"rendered":"<p>JO\u00c3O MACHADO: SELOS Introdu\u00e7\u00e3o: Rene Wanner ISBN: 978-989-658-089-6 Ano de edi\u00e7\u00e3o:\u00a0 2010 (Primeira edi\u00e7\u00e3o) Editor: Caleiddosc\u00f3pio Edi\u00e7\u00e3o e Artes Gr\u00e1ficas S.A., Casal de Cambra Idioma: Portugu\u00eas, Ingl\u00eas Dimens\u00f5es: 16 x 2.2 x 27cm Encaderna\u00e7\u00e3o: Capa dura P\u00e1ginas: 159<\/p>\n","protected":false},"featured_media":1721,"comment_status":"open","ping_status":"closed","template":"","meta":{"om_disable_all_campaigns":false,"_monsterinsights_skip_tracking":false,"_monsterinsights_sitenote_active":false,"_monsterinsights_sitenote_note":"","_monsterinsights_sitenote_category":0,"_uf_show_specific_survey":0,"_uf_disable_surveys":false},"product_cat":[24,61,66],"product_tag":[],"aioseo_notices":[],"jetpack_sharing_enabled":true,"_links":{"self":[{"href":"https:\/\/casadolivreiro.pt\/index.php\/wp-json\/wp\/v2\/product\/1720"}],"collection":[{"href":"https:\/\/casadolivreiro.pt\/index.php\/wp-json\/wp\/v2\/product"}],"about":[{"href":"https:\/\/casadolivreiro.pt\/index.php\/wp-json\/wp\/v2\/types\/product"}],"replies":[{"embeddable":true,"href":"https:\/\/casadolivreiro.pt\/index.php\/wp-json\/wp\/v2\/comments?post=1720"}],"wp:featuredmedia":[{"embeddable":true,"href":"https:\/\/casadolivreiro.pt\/index.php\/wp-json\/wp\/v2\/media\/1721"}],"wp:attachment":[{"href":"https:\/\/casadolivreiro.pt\/index.php\/wp-json\/wp\/v2\/media?parent=1720"}],"wp:term":[{"taxonomy":"product_cat","embeddable":true,"href":"https:\/\/casadolivreiro.pt\/index.php\/wp-json\/wp\/v2\/product_cat?post=1720"},{"taxonomy":"product_tag","embeddable":true,"href":"https:\/\/casadolivreiro.pt\/index.php\/wp-json\/wp\/v2\/product_tag?post=1720"}],"curies":[{"name":"wp","href":"https:\/\/api.w.org\/{rel}","templated":true}]}}