{"id":1714,"date":"2024-04-01T22:46:32","date_gmt":"2024-04-01T22:46:32","guid":{"rendered":"https:\/\/casadolivreiro.pt\/?post_type=product&#038;p=1714"},"modified":"2024-04-01T22:46:32","modified_gmt":"2024-04-01T22:46:32","slug":"aventuras-de-3-russos-e-tres-inglezes-julio-verne","status":"publish","type":"product","link":"https:\/\/casadolivreiro.pt\/index.php\/product\/aventuras-de-3-russos-e-tres-inglezes-julio-verne\/","title":{"rendered":"AVENTURAS DE 3 RUSSOS E TRES INGLEZES &#8211; Julio Verne"},"content":{"rendered":"<p>AVENTURAS DE 3 RUSSOS E TRES INGLEZES<br \/>\nJulio Verne<br \/>\nTradu\u00e7\u00e3o de Mariano Cyrillo de Carvalho<br \/>\nColec\u00e7\u00e3o Viagens Maravilhosas Aos Mundos Conhecidos e Desconhecidos<br \/>\nAno de edi\u00e7\u00e3o:\u00a0 1886 ( Terceira edi\u00e7\u00e3o)<br \/>\nEditor: David Corazzi, Editor, Rio de Janeiro<br \/>\nIdioma: Portugu\u00eas<br \/>\nDimens\u00f5es: 13 x 1.2 x 19 cm<br \/>\nEncaderna\u00e7\u00e3o: Capa dura<br \/>\nP\u00e1ginas: 207<\/p>\n","protected":false},"excerpt":{"rendered":"<p>AVENTURAS DE 3 RUSSOS E TRES INGLEZES Julio Verne Tradu\u00e7\u00e3o de Mariano Cyrillo de Carvalho Colec\u00e7\u00e3o Viagens Maravilhosas Aos Mundos Conhecidos e Desconhecidos Ano de edi\u00e7\u00e3o:\u00a0 1886 ( Terceira edi\u00e7\u00e3o) Editor: David Corazzi, Editor, Rio de Janeiro Idioma: Portugu\u00eas Dimens\u00f5es: 13 x 1.2 x 19 cm Encaderna\u00e7\u00e3o: Capa dura P\u00e1ginas: 207<\/p>\n","protected":false},"featured_media":1717,"comment_status":"open","ping_status":"closed","template":"","meta":{"om_disable_all_campaigns":false,"_monsterinsights_skip_tracking":false,"_monsterinsights_sitenote_active":false,"_monsterinsights_sitenote_note":"","_monsterinsights_sitenote_category":0,"_uf_show_specific_survey":0,"_uf_disable_surveys":false},"product_cat":[34,26,59],"product_tag":[],"aioseo_notices":[],"jetpack_sharing_enabled":true,"_links":{"self":[{"href":"https:\/\/casadolivreiro.pt\/index.php\/wp-json\/wp\/v2\/product\/1714"}],"collection":[{"href":"https:\/\/casadolivreiro.pt\/index.php\/wp-json\/wp\/v2\/product"}],"about":[{"href":"https:\/\/casadolivreiro.pt\/index.php\/wp-json\/wp\/v2\/types\/product"}],"replies":[{"embeddable":true,"href":"https:\/\/casadolivreiro.pt\/index.php\/wp-json\/wp\/v2\/comments?post=1714"}],"wp:featuredmedia":[{"embeddable":true,"href":"https:\/\/casadolivreiro.pt\/index.php\/wp-json\/wp\/v2\/media\/1717"}],"wp:attachment":[{"href":"https:\/\/casadolivreiro.pt\/index.php\/wp-json\/wp\/v2\/media?parent=1714"}],"wp:term":[{"taxonomy":"product_cat","embeddable":true,"href":"https:\/\/casadolivreiro.pt\/index.php\/wp-json\/wp\/v2\/product_cat?post=1714"},{"taxonomy":"product_tag","embeddable":true,"href":"https:\/\/casadolivreiro.pt\/index.php\/wp-json\/wp\/v2\/product_tag?post=1714"}],"curies":[{"name":"wp","href":"https:\/\/api.w.org\/{rel}","templated":true}]}}