{"id":1711,"date":"2024-04-01T22:37:46","date_gmt":"2024-04-01T22:37:46","guid":{"rendered":"https:\/\/casadolivreiro.pt\/?post_type=product&#038;p=1711"},"modified":"2025-02-19T19:04:54","modified_gmt":"2025-02-19T19:04:54","slug":"cesar-cascabel-primeira-parte-a-despedida-do-novo-continente-julio-verne","status":"publish","type":"product","link":"https:\/\/casadolivreiro.pt\/index.php\/product\/cesar-cascabel-primeira-parte-a-despedida-do-novo-continente-julio-verne\/","title":{"rendered":"CESAR CASCABEL ( Primeira parte \u2013 A Despedida do Novo  Continente) &#8211; Julio Verne"},"content":{"rendered":"<p>CESAR CASCABEL ( Primeira parte \u2013 A Despedida do Novo\u00a0 Continente)<br \/>\nJulio Verne<br \/>\nColec\u00e7\u00e3o Viagens Maravilhosas Aos Mundos Conhecidos e Desconhecidos<br \/>\nAno de edi\u00e7\u00e3o:\u00a0 1891<br \/>\nEditor: Companhia Nacional Editora, Lisboa<br \/>\nIdioma: Portugu\u00eas<br \/>\nDimens\u00f5es: 13 x 1.2 x 19 cm<br \/>\nEncaderna\u00e7\u00e3o: Capa dura<br \/>\nP\u00e1ginas: 187<\/p>\n","protected":false},"excerpt":{"rendered":"<p>CESAR CASCABEL ( Primeira parte \u2013 A Despedida do Novo\u00a0 Continente) Julio Verne Colec\u00e7\u00e3o Viagens Maravilhosas Aos Mundos Conhecidos e Desconhecidos Ano de edi\u00e7\u00e3o:\u00a0 1891 Editor: Companhia Nacional Editora, Lisboa Idioma: Portugu\u00eas Dimens\u00f5es: 13 x 1.2 x 19 cm Encaderna\u00e7\u00e3o: Capa dura P\u00e1ginas: 187<\/p>\n","protected":false},"featured_media":1712,"comment_status":"open","ping_status":"closed","template":"","meta":{"om_disable_all_campaigns":false,"_monsterinsights_skip_tracking":false,"_monsterinsights_sitenote_active":false,"_monsterinsights_sitenote_note":"","_monsterinsights_sitenote_category":0,"_uf_show_specific_survey":0,"_uf_disable_surveys":false},"product_cat":[34,26,59],"product_tag":[],"aioseo_notices":[],"jetpack_sharing_enabled":true,"_links":{"self":[{"href":"https:\/\/casadolivreiro.pt\/index.php\/wp-json\/wp\/v2\/product\/1711"}],"collection":[{"href":"https:\/\/casadolivreiro.pt\/index.php\/wp-json\/wp\/v2\/product"}],"about":[{"href":"https:\/\/casadolivreiro.pt\/index.php\/wp-json\/wp\/v2\/types\/product"}],"replies":[{"embeddable":true,"href":"https:\/\/casadolivreiro.pt\/index.php\/wp-json\/wp\/v2\/comments?post=1711"}],"wp:featuredmedia":[{"embeddable":true,"href":"https:\/\/casadolivreiro.pt\/index.php\/wp-json\/wp\/v2\/media\/1712"}],"wp:attachment":[{"href":"https:\/\/casadolivreiro.pt\/index.php\/wp-json\/wp\/v2\/media?parent=1711"}],"wp:term":[{"taxonomy":"product_cat","embeddable":true,"href":"https:\/\/casadolivreiro.pt\/index.php\/wp-json\/wp\/v2\/product_cat?post=1711"},{"taxonomy":"product_tag","embeddable":true,"href":"https:\/\/casadolivreiro.pt\/index.php\/wp-json\/wp\/v2\/product_tag?post=1711"}],"curies":[{"name":"wp","href":"https:\/\/api.w.org\/{rel}","templated":true}]}}