{"id":1707,"date":"2024-04-01T22:30:08","date_gmt":"2024-04-01T22:30:08","guid":{"rendered":"https:\/\/casadolivreiro.pt\/?post_type=product&#038;p=1707"},"modified":"2025-02-19T19:02:43","modified_gmt":"2025-02-19T19:02:43","slug":"mathias-sandorf-segunda-parte-cabo-matifoux-julio-verne","status":"publish","type":"product","link":"https:\/\/casadolivreiro.pt\/index.php\/product\/mathias-sandorf-segunda-parte-cabo-matifoux-julio-verne\/","title":{"rendered":"MATHIAS SANDORF ( Segunda Parte \u2013 Cabo Matifoux) &#8211; Julio Verne"},"content":{"rendered":"<p>MATHIAS SANDORF ( Segunda Parte \u2013 Cabo Matifoux)<br \/>\nJulio Verne<br \/>\nColec\u00e7\u00e3o Viagens Maravilhosas Aos Mundos Conhecidos e Desconhecidos<br \/>\nAno de edi\u00e7\u00e3o:\u00a0 1890 ( Segunda edi\u00e7\u00e3o)<br \/>\nEditor: Companhia Nacional Editora, Lisboa<br \/>\nIdioma: Portugu\u00eas<br \/>\nDimens\u00f5es: 13 x 1.2 x 19 cm<br \/>\nEncaderna\u00e7\u00e3o: Capa dura<br \/>\nP\u00e1ginas: 191<\/p>\n<p>Mathias Sandorf \u00e9 um livro de aventuras Foi publicado pela primeira vez em Le Temps em 1885, e foi a \u00e9pica aventura mediterr\u00e2nea de Verne. Emprega muitos dos dispositivos que serviram bem em seus romances anteriores: ilhas, criptogramas, revela\u00e7\u00f5es surpreendentes de identidade, e uma figura solit\u00e1ria empenhada em vingan\u00e7a. Verne dedicou o romance \u00e0 mem\u00f3ria de Alexandre Dumas, pai , na esperan\u00e7a de fazer de Mathias Sandorf o Monte Cristo da s\u00e9rie Viagens Maravilhosas .<\/p>\n","protected":false},"excerpt":{"rendered":"<p>MATHIAS SANDORF ( Segunda Parte \u2013 Cabo Matifoux) Julio Verne Colec\u00e7\u00e3o Viagens Maravilhosas Aos Mundos Conhecidos e Desconhecidos Ano de edi\u00e7\u00e3o:\u00a0 1890 ( Segunda edi\u00e7\u00e3o) Editor: Companhia Nacional Editora, Lisboa Idioma: Portugu\u00eas Dimens\u00f5es: 13 x 1.2 x 19 cm Encaderna\u00e7\u00e3o: Capa dura P\u00e1ginas: 191 Mathias Sandorf \u00e9 um livro de aventuras Foi publicado pela primeira [&hellip;]<\/p>\n","protected":false},"featured_media":1708,"comment_status":"open","ping_status":"closed","template":"","meta":{"om_disable_all_campaigns":false,"_monsterinsights_skip_tracking":false,"_monsterinsights_sitenote_active":false,"_monsterinsights_sitenote_note":"","_monsterinsights_sitenote_category":0,"_uf_show_specific_survey":0,"_uf_disable_surveys":false},"product_cat":[34,26,59],"product_tag":[],"aioseo_notices":[],"jetpack_sharing_enabled":true,"_links":{"self":[{"href":"https:\/\/casadolivreiro.pt\/index.php\/wp-json\/wp\/v2\/product\/1707"}],"collection":[{"href":"https:\/\/casadolivreiro.pt\/index.php\/wp-json\/wp\/v2\/product"}],"about":[{"href":"https:\/\/casadolivreiro.pt\/index.php\/wp-json\/wp\/v2\/types\/product"}],"replies":[{"embeddable":true,"href":"https:\/\/casadolivreiro.pt\/index.php\/wp-json\/wp\/v2\/comments?post=1707"}],"wp:featuredmedia":[{"embeddable":true,"href":"https:\/\/casadolivreiro.pt\/index.php\/wp-json\/wp\/v2\/media\/1708"}],"wp:attachment":[{"href":"https:\/\/casadolivreiro.pt\/index.php\/wp-json\/wp\/v2\/media?parent=1707"}],"wp:term":[{"taxonomy":"product_cat","embeddable":true,"href":"https:\/\/casadolivreiro.pt\/index.php\/wp-json\/wp\/v2\/product_cat?post=1707"},{"taxonomy":"product_tag","embeddable":true,"href":"https:\/\/casadolivreiro.pt\/index.php\/wp-json\/wp\/v2\/product_tag?post=1707"}],"curies":[{"name":"wp","href":"https:\/\/api.w.org\/{rel}","templated":true}]}}