{"id":1705,"date":"2024-04-01T21:02:13","date_gmt":"2024-04-01T21:02:13","guid":{"rendered":"https:\/\/casadolivreiro.pt\/?post_type=product&#038;p=1705"},"modified":"2024-04-01T21:02:13","modified_gmt":"2024-04-01T21:02:13","slug":"elementos-de-calculo-comercial-para-o-ensino-tecnico-profissional-luis-fontela-pinheiro-henriques","status":"publish","type":"product","link":"https:\/\/casadolivreiro.pt\/index.php\/product\/elementos-de-calculo-comercial-para-o-ensino-tecnico-profissional-luis-fontela-pinheiro-henriques\/","title":{"rendered":"ELEMENTOS DE C\u00c1LCULO COMERCIAL para o Ensino T\u00e9cnico Profissional &#8211; Lu\u00eds Fontela, Pinheiro Henriques"},"content":{"rendered":"<p>ELEMENTOS DE C\u00c1LCULO COMERCIAL para o Ensino T\u00e9cnico Profissional<br \/>\nLu\u00eds Fontela, Pinheiro Henriques<br \/>\nAno de edi\u00e7\u00e3o:\u00a0 1955<br \/>\nEditor: Livraria Popular, de Francisco Franco, Lisboa<br \/>\nIdioma: Portugu\u00eas<br \/>\nDimens\u00f5es: 16.5 x 2.2 x 22.5 cm<br \/>\nEncaderna\u00e7\u00e3o: Capa mole<br \/>\nP\u00e1ginas: 409<\/p>\n","protected":false},"excerpt":{"rendered":"<p>ELEMENTOS DE C\u00c1LCULO COMERCIAL para o Ensino T\u00e9cnico Profissional Lu\u00eds Fontela, Pinheiro Henriques Ano de edi\u00e7\u00e3o:\u00a0 1955 Editor: Livraria Popular, de Francisco Franco, Lisboa Idioma: Portugu\u00eas Dimens\u00f5es: 16.5 x 2.2 x 22.5 cm Encaderna\u00e7\u00e3o: Capa mole P\u00e1ginas: 409<\/p>\n","protected":false},"featured_media":1706,"comment_status":"open","ping_status":"closed","template":"","meta":{"om_disable_all_campaigns":false,"_monsterinsights_skip_tracking":false,"_monsterinsights_sitenote_active":false,"_monsterinsights_sitenote_note":"","_monsterinsights_sitenote_category":0,"_uf_show_specific_survey":0,"_uf_disable_surveys":false},"product_cat":[32,47],"product_tag":[],"aioseo_notices":[],"jetpack_sharing_enabled":true,"_links":{"self":[{"href":"https:\/\/casadolivreiro.pt\/index.php\/wp-json\/wp\/v2\/product\/1705"}],"collection":[{"href":"https:\/\/casadolivreiro.pt\/index.php\/wp-json\/wp\/v2\/product"}],"about":[{"href":"https:\/\/casadolivreiro.pt\/index.php\/wp-json\/wp\/v2\/types\/product"}],"replies":[{"embeddable":true,"href":"https:\/\/casadolivreiro.pt\/index.php\/wp-json\/wp\/v2\/comments?post=1705"}],"wp:featuredmedia":[{"embeddable":true,"href":"https:\/\/casadolivreiro.pt\/index.php\/wp-json\/wp\/v2\/media\/1706"}],"wp:attachment":[{"href":"https:\/\/casadolivreiro.pt\/index.php\/wp-json\/wp\/v2\/media?parent=1705"}],"wp:term":[{"taxonomy":"product_cat","embeddable":true,"href":"https:\/\/casadolivreiro.pt\/index.php\/wp-json\/wp\/v2\/product_cat?post=1705"},{"taxonomy":"product_tag","embeddable":true,"href":"https:\/\/casadolivreiro.pt\/index.php\/wp-json\/wp\/v2\/product_tag?post=1705"}],"curies":[{"name":"wp","href":"https:\/\/api.w.org\/{rel}","templated":true}]}}