{"id":1702,"date":"2024-04-01T20:58:54","date_gmt":"2024-04-01T20:58:54","guid":{"rendered":"https:\/\/casadolivreiro.pt\/?post_type=product&#038;p=1702"},"modified":"2024-04-01T20:58:55","modified_gmt":"2024-04-01T20:58:55","slug":"o-delfim-jose-cardoso-pires","status":"publish","type":"product","link":"https:\/\/casadolivreiro.pt\/index.php\/product\/o-delfim-jose-cardoso-pires\/","title":{"rendered":"O DELFIM &#8211; Jos\u00e9 Cardoso Pires"},"content":{"rendered":"<p>O DELFIM<br \/>\nJos\u00e9 Cardoso Pires<br \/>\nAno de edi\u00e7\u00e3o:\u00a0 1968 ( Primeira edi\u00e7\u00e3o)<br \/>\nEditor: Moraes Editores, Lisboa<br \/>\nIdioma: Portugu\u00eas<br \/>\nDimens\u00f5es: 11.5 x 2.5\u00a0 x 18.5 cm<br \/>\nEncaderna\u00e7\u00e3o: Capa dura<br \/>\nP\u00e1ginas: 363<\/p>\n","protected":false},"excerpt":{"rendered":"<p>O DELFIM Jos\u00e9 Cardoso Pires Ano de edi\u00e7\u00e3o:\u00a0 1968 ( Primeira edi\u00e7\u00e3o) Editor: Moraes Editores, Lisboa Idioma: Portugu\u00eas Dimens\u00f5es: 11.5 x 2.5\u00a0 x 18.5 cm Encaderna\u00e7\u00e3o: Capa dura P\u00e1ginas: 363<\/p>\n","protected":false},"featured_media":1703,"comment_status":"open","ping_status":"closed","template":"","meta":{"om_disable_all_campaigns":false,"_monsterinsights_skip_tracking":false,"_monsterinsights_sitenote_active":false,"_monsterinsights_sitenote_note":"","_monsterinsights_sitenote_category":0,"_uf_show_specific_survey":0,"_uf_disable_surveys":false},"product_cat":[25,61],"product_tag":[],"aioseo_notices":[],"jetpack_sharing_enabled":true,"_links":{"self":[{"href":"https:\/\/casadolivreiro.pt\/index.php\/wp-json\/wp\/v2\/product\/1702"}],"collection":[{"href":"https:\/\/casadolivreiro.pt\/index.php\/wp-json\/wp\/v2\/product"}],"about":[{"href":"https:\/\/casadolivreiro.pt\/index.php\/wp-json\/wp\/v2\/types\/product"}],"replies":[{"embeddable":true,"href":"https:\/\/casadolivreiro.pt\/index.php\/wp-json\/wp\/v2\/comments?post=1702"}],"wp:featuredmedia":[{"embeddable":true,"href":"https:\/\/casadolivreiro.pt\/index.php\/wp-json\/wp\/v2\/media\/1703"}],"wp:attachment":[{"href":"https:\/\/casadolivreiro.pt\/index.php\/wp-json\/wp\/v2\/media?parent=1702"}],"wp:term":[{"taxonomy":"product_cat","embeddable":true,"href":"https:\/\/casadolivreiro.pt\/index.php\/wp-json\/wp\/v2\/product_cat?post=1702"},{"taxonomy":"product_tag","embeddable":true,"href":"https:\/\/casadolivreiro.pt\/index.php\/wp-json\/wp\/v2\/product_tag?post=1702"}],"curies":[{"name":"wp","href":"https:\/\/api.w.org\/{rel}","templated":true}]}}