{"id":1698,"date":"2024-04-01T20:50:18","date_gmt":"2024-04-01T20:50:18","guid":{"rendered":"https:\/\/casadolivreiro.pt\/?post_type=product&#038;p=1698"},"modified":"2024-04-01T20:50:19","modified_gmt":"2024-04-01T20:50:19","slug":"nova-aventura-dos-cinco-no-2-enid-blyton","status":"publish","type":"product","link":"https:\/\/casadolivreiro.pt\/index.php\/product\/nova-aventura-dos-cinco-no-2-enid-blyton\/","title":{"rendered":"NOVA AVENTURA DOS CINCO No. 2 &#8211; Enid Blyton"},"content":{"rendered":"<p>NOVA AVENTURA DOS CINCO No. 2<br \/>\nEnid Blyton<br \/>\nTradu\u00e7\u00e3o de Maria da Gra\u00e7a Lobato Faria<br \/>\nColec\u00e7\u00e3o Juvenil No.2<br \/>\nAno de edi\u00e7\u00e3o:\u00a0 194?<br \/>\nEditor: Empresa Nacional de Publicidade<br \/>\nIdioma: Portugu\u00eas<br \/>\nDimens\u00f5es: 10.5 x 1.2\u00a0 x 16.3 cm<br \/>\nEncaderna\u00e7\u00e3o: Capa mole<br \/>\nP\u00e1ginas: 190<\/p>\n","protected":false},"excerpt":{"rendered":"<p>NOVA AVENTURA DOS CINCO No. 2 Enid Blyton Tradu\u00e7\u00e3o de Maria da Gra\u00e7a Lobato Faria Colec\u00e7\u00e3o Juvenil No.2 Ano de edi\u00e7\u00e3o:\u00a0 194? Editor: Empresa Nacional de Publicidade Idioma: Portugu\u00eas Dimens\u00f5es: 10.5 x 1.2\u00a0 x 16.3 cm Encaderna\u00e7\u00e3o: Capa mole P\u00e1ginas: 190<\/p>\n","protected":false},"featured_media":1699,"comment_status":"open","ping_status":"closed","template":"","meta":{"om_disable_all_campaigns":false,"_monsterinsights_skip_tracking":false,"_monsterinsights_sitenote_active":false,"_monsterinsights_sitenote_note":"","_monsterinsights_sitenote_category":0,"_uf_show_specific_survey":0,"_uf_disable_surveys":false},"product_cat":[34],"product_tag":[],"aioseo_notices":[],"jetpack_sharing_enabled":true,"_links":{"self":[{"href":"https:\/\/casadolivreiro.pt\/index.php\/wp-json\/wp\/v2\/product\/1698"}],"collection":[{"href":"https:\/\/casadolivreiro.pt\/index.php\/wp-json\/wp\/v2\/product"}],"about":[{"href":"https:\/\/casadolivreiro.pt\/index.php\/wp-json\/wp\/v2\/types\/product"}],"replies":[{"embeddable":true,"href":"https:\/\/casadolivreiro.pt\/index.php\/wp-json\/wp\/v2\/comments?post=1698"}],"wp:featuredmedia":[{"embeddable":true,"href":"https:\/\/casadolivreiro.pt\/index.php\/wp-json\/wp\/v2\/media\/1699"}],"wp:attachment":[{"href":"https:\/\/casadolivreiro.pt\/index.php\/wp-json\/wp\/v2\/media?parent=1698"}],"wp:term":[{"taxonomy":"product_cat","embeddable":true,"href":"https:\/\/casadolivreiro.pt\/index.php\/wp-json\/wp\/v2\/product_cat?post=1698"},{"taxonomy":"product_tag","embeddable":true,"href":"https:\/\/casadolivreiro.pt\/index.php\/wp-json\/wp\/v2\/product_tag?post=1698"}],"curies":[{"name":"wp","href":"https:\/\/api.w.org\/{rel}","templated":true}]}}