{"id":1696,"date":"2024-04-01T20:46:23","date_gmt":"2024-04-01T20:46:23","guid":{"rendered":"https:\/\/casadolivreiro.pt\/?post_type=product&#038;p=1696"},"modified":"2024-04-01T20:46:23","modified_gmt":"2024-04-01T20:46:23","slug":"frei-luis-de-sousa-almeida-garrett","status":"publish","type":"product","link":"https:\/\/casadolivreiro.pt\/index.php\/product\/frei-luis-de-sousa-almeida-garrett\/","title":{"rendered":"FREI LU\u00cdS DE SOUSA  &#8211; Almeida Garrett"},"content":{"rendered":"<p>FREI LU\u00cdS DE SOUSA<br \/>\nAlmeida Garrett<br \/>\nCom Pref\u00e1cio, Notas e Gloss\u00e1rio (4.a edi\u00e7\u00e3o)<br \/>\nrevis\u00e3o do Prof. Eduardo Pinhero<br \/>\nColec\u00e7\u00e3o- Portugal No.17, Augusto C. Pires de Lima<br \/>\nAno de edi\u00e7\u00e3o:<br \/>\nEditor: Editorial Domingos Barreira, Porto<br \/>\nIdioma: Portugu\u00eas<br \/>\nDimens\u00f5es: 13 x 1\u00a0 x 19 cm<br \/>\nEncaderna\u00e7\u00e3o: Capa mole<br \/>\nP\u00e1ginas: 192<\/p>\n","protected":false},"excerpt":{"rendered":"<p>FREI LU\u00cdS DE SOUSA Almeida Garrett Com Pref\u00e1cio, Notas e Gloss\u00e1rio (4.a edi\u00e7\u00e3o) revis\u00e3o do Prof. Eduardo Pinhero Colec\u00e7\u00e3o- Portugal No.17, Augusto C. Pires de Lima Ano de edi\u00e7\u00e3o: Editor: Editorial Domingos Barreira, Porto Idioma: Portugu\u00eas Dimens\u00f5es: 13 x 1\u00a0 x 19 cm Encaderna\u00e7\u00e3o: Capa mole P\u00e1ginas: 192<\/p>\n","protected":false},"featured_media":1697,"comment_status":"open","ping_status":"closed","template":"","meta":{"om_disable_all_campaigns":false,"_monsterinsights_skip_tracking":false,"_monsterinsights_sitenote_active":false,"_monsterinsights_sitenote_note":"","_monsterinsights_sitenote_category":0,"_uf_show_specific_survey":0,"_uf_disable_surveys":false},"product_cat":[25],"product_tag":[],"aioseo_notices":[],"jetpack_sharing_enabled":true,"_links":{"self":[{"href":"https:\/\/casadolivreiro.pt\/index.php\/wp-json\/wp\/v2\/product\/1696"}],"collection":[{"href":"https:\/\/casadolivreiro.pt\/index.php\/wp-json\/wp\/v2\/product"}],"about":[{"href":"https:\/\/casadolivreiro.pt\/index.php\/wp-json\/wp\/v2\/types\/product"}],"replies":[{"embeddable":true,"href":"https:\/\/casadolivreiro.pt\/index.php\/wp-json\/wp\/v2\/comments?post=1696"}],"wp:featuredmedia":[{"embeddable":true,"href":"https:\/\/casadolivreiro.pt\/index.php\/wp-json\/wp\/v2\/media\/1697"}],"wp:attachment":[{"href":"https:\/\/casadolivreiro.pt\/index.php\/wp-json\/wp\/v2\/media?parent=1696"}],"wp:term":[{"taxonomy":"product_cat","embeddable":true,"href":"https:\/\/casadolivreiro.pt\/index.php\/wp-json\/wp\/v2\/product_cat?post=1696"},{"taxonomy":"product_tag","embeddable":true,"href":"https:\/\/casadolivreiro.pt\/index.php\/wp-json\/wp\/v2\/product_tag?post=1696"}],"curies":[{"name":"wp","href":"https:\/\/api.w.org\/{rel}","templated":true}]}}