{"id":1680,"date":"2024-04-01T20:37:36","date_gmt":"2024-04-01T20:37:36","guid":{"rendered":"https:\/\/casadolivreiro.pt\/?post_type=product&#038;p=1680"},"modified":"2024-04-01T20:37:36","modified_gmt":"2024-04-01T20:37:36","slug":"historia-secreta-da-guerra-dramas-de-espionagem-12-volumes-editorial-seculo","status":"publish","type":"product","link":"https:\/\/casadolivreiro.pt\/index.php\/product\/historia-secreta-da-guerra-dramas-de-espionagem-12-volumes-editorial-seculo\/","title":{"rendered":"HIST\u00d3RIA SECRETA DA GUERRA: DRAMAS DE ESPIONAGEM (12 Volumes) &#8211; Editorial-Seculo"},"content":{"rendered":"<p>HIST\u00d3RIA SECRETA DA GUERRA: DRAMAS DE ESPIONAGEM (12 Volumes)<br \/>\nEditorial-Seculo<br \/>\nAno de edi\u00e7\u00e3o:<br \/>\nEditor: Editorial-Seculo<br \/>\nIdioma: Portugu\u00eas<br \/>\nDimens\u00f5es: 12.5 x v\u00e1rios x 19 cm<br \/>\nEncaderna\u00e7\u00e3o: Capa mole<br \/>\nP\u00e1ginas: v\u00e1rios<br \/>\nIlustrados em extratexto com fotografias a preto e branco. Conjunto completo de uma excelente obra sobre a assoladora 2.\u00aa Guerra Mundial vista dos seus bastidores.<\/p>\n<p>Volume 2 \u2013 236 p\u00e1gs.<br \/>\nVolume 3 \u2013 240 p\u00e1gs.<br \/>\nVolume 4 \u2013 231 p\u00e1gs.<br \/>\nVolume 5 \u2013 234 p\u00e1gs.<br \/>\nVolume 8 \u2013 212 p\u00e1gs.<br \/>\nVolume 9 \u2013 220 p\u00e1gs.<br \/>\nVolume 10 \u2013 230 p\u00e1gs.<br \/>\nVolume 11 \u2013 235 p\u00e1gs.<br \/>\nVolume 12 &#8211; \u00a0224p\u00e1gs.<\/p>\n","protected":false},"excerpt":{"rendered":"<p>HIST\u00d3RIA SECRETA DA GUERRA: DRAMAS DE ESPIONAGEM (12 Volumes) Editorial-Seculo Ano de edi\u00e7\u00e3o: Editor: Editorial-Seculo Idioma: Portugu\u00eas Dimens\u00f5es: 12.5 x v\u00e1rios x 19 cm Encaderna\u00e7\u00e3o: Capa mole P\u00e1ginas: v\u00e1rios Ilustrados em extratexto com fotografias a preto e branco. Conjunto completo de uma excelente obra sobre a assoladora 2.\u00aa Guerra Mundial vista dos seus bastidores. Volume [&hellip;]<\/p>\n","protected":false},"featured_media":1691,"comment_status":"open","ping_status":"closed","template":"","meta":{"om_disable_all_campaigns":false,"_monsterinsights_skip_tracking":false,"_monsterinsights_sitenote_active":false,"_monsterinsights_sitenote_note":"","_monsterinsights_sitenote_category":0,"_uf_show_specific_survey":0,"_uf_disable_surveys":false},"product_cat":[30,44],"product_tag":[],"aioseo_notices":[],"jetpack_sharing_enabled":true,"_links":{"self":[{"href":"https:\/\/casadolivreiro.pt\/index.php\/wp-json\/wp\/v2\/product\/1680"}],"collection":[{"href":"https:\/\/casadolivreiro.pt\/index.php\/wp-json\/wp\/v2\/product"}],"about":[{"href":"https:\/\/casadolivreiro.pt\/index.php\/wp-json\/wp\/v2\/types\/product"}],"replies":[{"embeddable":true,"href":"https:\/\/casadolivreiro.pt\/index.php\/wp-json\/wp\/v2\/comments?post=1680"}],"wp:featuredmedia":[{"embeddable":true,"href":"https:\/\/casadolivreiro.pt\/index.php\/wp-json\/wp\/v2\/media\/1691"}],"wp:attachment":[{"href":"https:\/\/casadolivreiro.pt\/index.php\/wp-json\/wp\/v2\/media?parent=1680"}],"wp:term":[{"taxonomy":"product_cat","embeddable":true,"href":"https:\/\/casadolivreiro.pt\/index.php\/wp-json\/wp\/v2\/product_cat?post=1680"},{"taxonomy":"product_tag","embeddable":true,"href":"https:\/\/casadolivreiro.pt\/index.php\/wp-json\/wp\/v2\/product_tag?post=1680"}],"curies":[{"name":"wp","href":"https:\/\/api.w.org\/{rel}","templated":true}]}}