{"id":1673,"date":"2024-04-01T11:12:12","date_gmt":"2024-04-01T11:12:12","guid":{"rendered":"https:\/\/casadolivreiro.pt\/?post_type=product&#038;p=1673"},"modified":"2024-04-01T11:12:12","modified_gmt":"2024-04-01T11:12:12","slug":"trilogia-do-templo-volume-ii-zorobabel-reconstruindo-o-templo-z-rodrix","status":"publish","type":"product","link":"https:\/\/casadolivreiro.pt\/index.php\/product\/trilogia-do-templo-volume-ii-zorobabel-reconstruindo-o-templo-z-rodrix\/","title":{"rendered":"TRILOGIA DO TEMPLO, Volume II ZOROBABEL: RECONSTRUINDO  O TEMPLO &#8211; Z. Rodrix"},"content":{"rendered":"<p>TRILOGIA DO TEMPLO, Volume II, ZOROBABEL: RECONSTRUINDO\u00a0 O TEMPLO<br \/>\nZ. Rodrix<br \/>\nISBN: 85-01-07254-0<br \/>\nAno de edi\u00e7\u00e3o:\u00a0 2005<br \/>\nEditor: Editora Record, Rio de Janeiro<br \/>\nIdioma: Portugu\u00eas<br \/>\nDimens\u00f5es: 15.8 x 3.4 x 22.5 cm<br \/>\nEncaderna\u00e7\u00e3o: Capa mole<br \/>\nP\u00e1ginas: 640<\/p>\n<p>Depois de quatro anos de pesquisas, Z. Rodrix est\u00e1 de volta para continuar as aventuras da trilogia sobre o Templo de Jerusal\u00e9m. Segundo volume da saga, Zorobabel: Reconstruindo o Templo, mant\u00e9m a linguagem simb\u00f3lica de Johaben: Di\u00e1rio de um construtor do Templo e volta a lidar com os prim\u00f3rdios da Ma\u00e7onaria, desta vez narrando um trecho da hist\u00f3ria do povo judeu que pela primeira vez \u00e9 objeto de romance \u2013 entre diversos momentos importantes, a hist\u00f3ria mostra o in\u00edcio do conflito entre \u00e1rabes e judeus. O autor mergulhou fundo no tempo para contar a hist\u00f3ria de um menino de rua da Grande Baab\u2019bel que se descobre o principal respons\u00e1vel por reerguer o Templo de Jerusal\u00e9m. Zorobabel \u00e9 movido por sua miss\u00e3o, seus desejos e sua arte, dividido entre um Imp\u00e9rio Babil\u00f4nio rico e poderoso, e uma Jerusal\u00e9m decadente e esquecida at\u00e9 mesmo pelo Grande Arquiteto do Universo.Neste segundo volume da Trilogia, conheceremos n\u00e3o apenas os grandes senhores da \u00e9poca, como Cyro e Darius, mas tamb\u00e9m nos aprofundaremos mais ainda nos segredos dos pedreiros e nas ricas e antigas tradi\u00e7\u00f5es da Ma\u00e7onaria, como eram praticadas em seus prim\u00f3rdios.<\/p>\n","protected":false},"excerpt":{"rendered":"<p>TRILOGIA DO TEMPLO, Volume II, ZOROBABEL: RECONSTRUINDO\u00a0 O TEMPLO Z. Rodrix ISBN: 85-01-07254-0 Ano de edi\u00e7\u00e3o:\u00a0 2005 Editor: Editora Record, Rio de Janeiro Idioma: Portugu\u00eas Dimens\u00f5es: 15.8 x 3.4 x 22.5 cm Encaderna\u00e7\u00e3o: Capa mole P\u00e1ginas: 640 Depois de quatro anos de pesquisas, Z. Rodrix est\u00e1 de volta para continuar as aventuras da trilogia sobre [&hellip;]<\/p>\n","protected":false},"featured_media":1674,"comment_status":"open","ping_status":"closed","template":"","meta":{"om_disable_all_campaigns":false,"_monsterinsights_skip_tracking":false,"_monsterinsights_sitenote_active":false,"_monsterinsights_sitenote_note":"","_monsterinsights_sitenote_category":0,"_uf_show_specific_survey":0,"_uf_disable_surveys":false},"product_cat":[33,30,25,38],"product_tag":[],"aioseo_notices":[],"jetpack_sharing_enabled":true,"_links":{"self":[{"href":"https:\/\/casadolivreiro.pt\/index.php\/wp-json\/wp\/v2\/product\/1673"}],"collection":[{"href":"https:\/\/casadolivreiro.pt\/index.php\/wp-json\/wp\/v2\/product"}],"about":[{"href":"https:\/\/casadolivreiro.pt\/index.php\/wp-json\/wp\/v2\/types\/product"}],"replies":[{"embeddable":true,"href":"https:\/\/casadolivreiro.pt\/index.php\/wp-json\/wp\/v2\/comments?post=1673"}],"wp:featuredmedia":[{"embeddable":true,"href":"https:\/\/casadolivreiro.pt\/index.php\/wp-json\/wp\/v2\/media\/1674"}],"wp:attachment":[{"href":"https:\/\/casadolivreiro.pt\/index.php\/wp-json\/wp\/v2\/media?parent=1673"}],"wp:term":[{"taxonomy":"product_cat","embeddable":true,"href":"https:\/\/casadolivreiro.pt\/index.php\/wp-json\/wp\/v2\/product_cat?post=1673"},{"taxonomy":"product_tag","embeddable":true,"href":"https:\/\/casadolivreiro.pt\/index.php\/wp-json\/wp\/v2\/product_tag?post=1673"}],"curies":[{"name":"wp","href":"https:\/\/api.w.org\/{rel}","templated":true}]}}