{"id":1671,"date":"2024-04-01T11:07:47","date_gmt":"2024-04-01T11:07:47","guid":{"rendered":"https:\/\/casadolivreiro.pt\/?post_type=product&#038;p=1671"},"modified":"2024-04-01T11:12:46","modified_gmt":"2024-04-01T11:12:46","slug":"trilogia-do-templo-volume-i-johaben-diario-de-um-construtor-do-templo-z-rodrix","status":"publish","type":"product","link":"https:\/\/casadolivreiro.pt\/index.php\/product\/trilogia-do-templo-volume-i-johaben-diario-de-um-construtor-do-templo-z-rodrix\/","title":{"rendered":"TRILOGIA DO TEMPLO, Volume I JOHABEN: DI\u00c1RIO DE UM CONSTRUTOR DO TEMPLO &#8211; Z. Rodrix"},"content":{"rendered":"<p>TRILOGIA DO TEMPLO, Volume I, JOHABEN: DI\u00c1RIO DE UM CONSTRUTOR DO TEMPLO<br \/>\nZ. Rodrix<br \/>\nISBN: 978-85-01-05576-7<br \/>\nAno de edi\u00e7\u00e3o:\u00a0 2017<br \/>\nEditor: Editora Record, Rio de Janeiro<br \/>\nIdioma: Portugu\u00eas<br \/>\nDimens\u00f5es: 15.8 x 2.5 x 22.5 cm<br \/>\nEncaderna\u00e7\u00e3o: Capa mole<br \/>\nP\u00e1ginas: 441<\/p>\n<p>Joab, filho \u00f3rf\u00e3o de um soldado fen\u00edcio, sem compreender por que \u00e9 guindado por seu tio Jubal, o coxo, a uma posi\u00e7\u00e3o invej\u00e1vel entre os comerciantes de Tiro. Buscando um deus que possa chamar de seu, se v\u00ea enredado na armadilha de um destino artificialmente criado, e acaba por encontrar como \u00fanico ref\u00fagio a cidade de Jerusal\u00e9m, onde trabalha como oper\u00e1rio na constru\u00e7\u00e3o do Templo de Salom\u00e3o. Johaben: Di\u00e1rio De Um Construtor Do Templo, livro de estreia de Z\u00e9 Rodrix, \u00e9 um romance hist\u00f3rico que tem por foco central o Templo de Yahweh em Jerusal\u00e9m, cuja constru\u00e7\u00e3o se tornou s\u00edmbolo essencial de todo o esoterismo ocidental. Os personagens hist\u00f3ricos e b\u00edblicos se sucedem, \u00e0 medida em que a hist\u00f3ria avan\u00e7a, em uma narrativa t\u00e3o aventuresca quanto densa, mergulhando profundamente nas paisagens e nas almas desse peda\u00e7o de Humanidade ainda sem rumo definido. A busca de Joab por um sentido para sua vida se mistura com a estrutura\u00e7\u00e3o original do povo israelita, durante a qual podemos privar da intimidade do Rei Salom\u00e3o e conhecer o segredo da Pedra, semente das irmandades de pedreiros-livres que se sucederam no mundo deste momento em diante. Uma nova e rica vis\u00e3o de um dos mais importantes momentos da hist\u00f3ria da Humanidade d\u00e1 ao mesmo tempo uma nova import\u00e2ncia, seguimos a trilha de Joab na descoberta de tudo que o far\u00e1 ser, al\u00e9m de conhecedor do segredo da Pedra, um verdadeiro homem.<\/p>\n","protected":false},"excerpt":{"rendered":"<p>TRILOGIA DO TEMPLO, Volume I, JOHABEN: DI\u00c1RIO DE UM CONSTRUTOR DO TEMPLO Z. Rodrix ISBN: 978-85-01-05576-7 Ano de edi\u00e7\u00e3o:\u00a0 2017 Editor: Editora Record, Rio de Janeiro Idioma: Portugu\u00eas Dimens\u00f5es: 15.8 x 2.5 x 22.5 cm Encaderna\u00e7\u00e3o: Capa mole P\u00e1ginas: 441 Joab, filho \u00f3rf\u00e3o de um soldado fen\u00edcio, sem compreender por que \u00e9 guindado por seu [&hellip;]<\/p>\n","protected":false},"featured_media":1672,"comment_status":"open","ping_status":"closed","template":"","meta":{"om_disable_all_campaigns":false,"_monsterinsights_skip_tracking":false,"_monsterinsights_sitenote_active":false,"_monsterinsights_sitenote_note":"","_monsterinsights_sitenote_category":0,"_uf_show_specific_survey":0,"_uf_disable_surveys":false},"product_cat":[33,25,38],"product_tag":[],"aioseo_notices":[],"jetpack_sharing_enabled":true,"_links":{"self":[{"href":"https:\/\/casadolivreiro.pt\/index.php\/wp-json\/wp\/v2\/product\/1671"}],"collection":[{"href":"https:\/\/casadolivreiro.pt\/index.php\/wp-json\/wp\/v2\/product"}],"about":[{"href":"https:\/\/casadolivreiro.pt\/index.php\/wp-json\/wp\/v2\/types\/product"}],"replies":[{"embeddable":true,"href":"https:\/\/casadolivreiro.pt\/index.php\/wp-json\/wp\/v2\/comments?post=1671"}],"wp:featuredmedia":[{"embeddable":true,"href":"https:\/\/casadolivreiro.pt\/index.php\/wp-json\/wp\/v2\/media\/1672"}],"wp:attachment":[{"href":"https:\/\/casadolivreiro.pt\/index.php\/wp-json\/wp\/v2\/media?parent=1671"}],"wp:term":[{"taxonomy":"product_cat","embeddable":true,"href":"https:\/\/casadolivreiro.pt\/index.php\/wp-json\/wp\/v2\/product_cat?post=1671"},{"taxonomy":"product_tag","embeddable":true,"href":"https:\/\/casadolivreiro.pt\/index.php\/wp-json\/wp\/v2\/product_tag?post=1671"}],"curies":[{"name":"wp","href":"https:\/\/api.w.org\/{rel}","templated":true}]}}