{"id":1666,"date":"2024-04-01T11:03:17","date_gmt":"2024-04-01T11:03:17","guid":{"rendered":"https:\/\/casadolivreiro.pt\/?post_type=product&#038;p=1666"},"modified":"2024-04-01T11:03:17","modified_gmt":"2024-04-01T11:03:17","slug":"historia-da-maconaria-em-portugal-3-volumes-a-h-de-oliveira-marques","status":"publish","type":"product","link":"https:\/\/casadolivreiro.pt\/index.php\/product\/historia-da-maconaria-em-portugal-3-volumes-a-h-de-oliveira-marques\/","title":{"rendered":"HIST\u00d3RIA DA MA\u00c7ONARIA EM PORTUGAL (3 Volumes) &#8211; A H. de Oliveira Marques"},"content":{"rendered":"<p>HIST\u00d3RIA DA MA\u00c7ONARIA EM PORTUGAL (3 Volumes)<br \/>\nA H. de Oliveira Marques<\/p>\n<p>Volume I<\/p>\n<p><u>Das origens ao triunfo<\/u><\/p>\n<p>ISBN: 9789722312264<br \/>\nAno de edi\u00e7\u00e3o: 04-1990<br \/>\nEditor: Editorial Presen\u00e7a<br \/>\nIdioma: Portugu\u00eas<br \/>\nDimens\u00f5es: 18.6 x 3.5 x \u00a024.5cm<br \/>\nEncaderna\u00e7\u00e3o: Capa mole<br \/>\nP\u00e1ginas: 484<\/p>\n<p>Volume II<\/p>\n<p>Pol\u00edtica e Ma\u00e7onaria 1820-1869 (1\u00aa parte)<\/p>\n<p>ISBN: 9789722321242<br \/>\nAno de edi\u00e7\u00e3o: 04-1996<br \/>\nEditor: Editorial Presen\u00e7a<br \/>\nIdioma: Portugu\u00eas<br \/>\nDimens\u00f5es: 17.7 x 2.9 x \u00a023.9 cm<br \/>\nEncaderna\u00e7\u00e3o: Capa mole<br \/>\nP\u00e1ginas: 504<\/p>\n<p>&nbsp;<\/p>\n<p>Volume III<\/p>\n<p>Pol\u00edtica e Ma\u00e7onaria 1820-1869 (2\u00aa parte)<\/p>\n<p>ISBN: 9789722321631<br \/>\nAno de edi\u00e7\u00e3o: 04-1997<br \/>\nEditor: Editorial Presen\u00e7a<br \/>\nIdioma: Portugu\u00eas<br \/>\nDimens\u00f5es: 24.6 x 4.3 x 18.6 cm<br \/>\nP\u00e1ginas: 600<\/p>\n<p>&nbsp;<\/p>\n<p>Caracterizada como um projecto de grande envergadura, \u00abA Hist\u00f3ria da Ma\u00e7onaria em Portugal\u00bb, cujo segundo volume agora se publica, procura abordar as condi\u00e7\u00f5es de possibilidade do aparecimento desta institui\u00e7\u00e3o no pa\u00eds e todo o seu percurso evolutivo at\u00e9 \u00e0 d\u00e9cada de 1970. A direc\u00e7\u00e3o e orienta\u00e7\u00e3o deste estudo est\u00e1 a cargo do j\u00e1 conhecido historiador A. H. Oliveira Marques, que o estruturou em quatro per\u00edodos: o primeiro abarca os anos de 1727 a 1820 &#8211; das origens ao pleno triunfo dos ideais ma\u00e7\u00f3nicos em Portugal; o segundo inclui a \u00e9poca de 1820 a 1869, f\u00e9rtil em quest\u00f5es e divis\u00f5es e que culmina com a constitui\u00e7\u00e3o do Grande Oriente Lusitano Unido; o terceiro abarca o per\u00edodo de apogeu da Ma\u00e7onaria no nosso pa\u00eds; e o quarto acompanha o desenrolar dos acontecimentos numa \u00e9poca considerada de decad\u00eancia e clandestinidade (1914 a 1974).<\/p>\n","protected":false},"excerpt":{"rendered":"<p>HIST\u00d3RIA DA MA\u00c7ONARIA EM PORTUGAL (3 Volumes) A H. de Oliveira Marques Volume I Das origens ao triunfo ISBN: 9789722312264 Ano de edi\u00e7\u00e3o: 04-1990 Editor: Editorial Presen\u00e7a Idioma: Portugu\u00eas Dimens\u00f5es: 18.6 x 3.5 x \u00a024.5cm Encaderna\u00e7\u00e3o: Capa mole P\u00e1ginas: 484 Volume II Pol\u00edtica e Ma\u00e7onaria 1820-1869 (1\u00aa parte) ISBN: 9789722321242 Ano de edi\u00e7\u00e3o: 04-1996 Editor: [&hellip;]<\/p>\n","protected":false},"featured_media":1667,"comment_status":"open","ping_status":"closed","template":"","meta":{"om_disable_all_campaigns":false,"_monsterinsights_skip_tracking":false,"_monsterinsights_sitenote_active":false,"_monsterinsights_sitenote_note":"","_monsterinsights_sitenote_category":0,"_uf_show_specific_survey":0,"_uf_disable_surveys":false},"product_cat":[33,30,59],"product_tag":[],"aioseo_notices":[],"jetpack_sharing_enabled":true,"_links":{"self":[{"href":"https:\/\/casadolivreiro.pt\/index.php\/wp-json\/wp\/v2\/product\/1666"}],"collection":[{"href":"https:\/\/casadolivreiro.pt\/index.php\/wp-json\/wp\/v2\/product"}],"about":[{"href":"https:\/\/casadolivreiro.pt\/index.php\/wp-json\/wp\/v2\/types\/product"}],"replies":[{"embeddable":true,"href":"https:\/\/casadolivreiro.pt\/index.php\/wp-json\/wp\/v2\/comments?post=1666"}],"wp:featuredmedia":[{"embeddable":true,"href":"https:\/\/casadolivreiro.pt\/index.php\/wp-json\/wp\/v2\/media\/1667"}],"wp:attachment":[{"href":"https:\/\/casadolivreiro.pt\/index.php\/wp-json\/wp\/v2\/media?parent=1666"}],"wp:term":[{"taxonomy":"product_cat","embeddable":true,"href":"https:\/\/casadolivreiro.pt\/index.php\/wp-json\/wp\/v2\/product_cat?post=1666"},{"taxonomy":"product_tag","embeddable":true,"href":"https:\/\/casadolivreiro.pt\/index.php\/wp-json\/wp\/v2\/product_tag?post=1666"}],"curies":[{"name":"wp","href":"https:\/\/api.w.org\/{rel}","templated":true}]}}