{"id":1657,"date":"2024-04-01T10:45:50","date_gmt":"2024-04-01T10:45:50","guid":{"rendered":"https:\/\/casadolivreiro.pt\/?post_type=product&#038;p=1657"},"modified":"2024-04-01T10:46:07","modified_gmt":"2024-04-01T10:46:07","slug":"quando-os-robles-se-abatem-memorias-andre-malraux","status":"publish","type":"product","link":"https:\/\/casadolivreiro.pt\/index.php\/product\/quando-os-robles-se-abatem-memorias-andre-malraux\/","title":{"rendered":"QUANDO OS ROBLES SE ABATEM: Mem\u00f3rias &#8211; Andr\u00e9 Malraux"},"content":{"rendered":"<p>QUANDO OS ROBLES SE ABATEM: Mem\u00f3rias<br \/>\nAndr\u00e9 Malraux<br \/>\nTradu\u00e7\u00e3o de Jos\u00e9 Carlos Gonz\u00e3lez<br \/>\nAno de edi\u00e7\u00e3o:\u00a0 1971<br \/>\nEditor: Livros Brasil, Lisboa<br \/>\nIdioma: Portugu\u00eas<br \/>\nDimens\u00f5es: 14.5 x 1.4\u00a0 x 19.3 cm<br \/>\nEncaderna\u00e7\u00e3o: Capa mole<br \/>\nP\u00e1ginas: 240<\/p>\n","protected":false},"excerpt":{"rendered":"<p>QUANDO OS ROBLES SE ABATEM: Mem\u00f3rias Andr\u00e9 Malraux Tradu\u00e7\u00e3o de Jos\u00e9 Carlos Gonz\u00e3lez Ano de edi\u00e7\u00e3o:\u00a0 1971 Editor: Livros Brasil, Lisboa Idioma: Portugu\u00eas Dimens\u00f5es: 14.5 x 1.4\u00a0 x 19.3 cm Encaderna\u00e7\u00e3o: Capa mole P\u00e1ginas: 240<\/p>\n","protected":false},"featured_media":1658,"comment_status":"open","ping_status":"closed","template":"","meta":{"om_disable_all_campaigns":false,"_monsterinsights_skip_tracking":false,"_monsterinsights_sitenote_active":false,"_monsterinsights_sitenote_note":"","_monsterinsights_sitenote_category":0,"_uf_show_specific_survey":0,"_uf_disable_surveys":false},"product_cat":[30,59,36],"product_tag":[],"aioseo_notices":[],"jetpack_sharing_enabled":true,"_links":{"self":[{"href":"https:\/\/casadolivreiro.pt\/index.php\/wp-json\/wp\/v2\/product\/1657"}],"collection":[{"href":"https:\/\/casadolivreiro.pt\/index.php\/wp-json\/wp\/v2\/product"}],"about":[{"href":"https:\/\/casadolivreiro.pt\/index.php\/wp-json\/wp\/v2\/types\/product"}],"replies":[{"embeddable":true,"href":"https:\/\/casadolivreiro.pt\/index.php\/wp-json\/wp\/v2\/comments?post=1657"}],"wp:featuredmedia":[{"embeddable":true,"href":"https:\/\/casadolivreiro.pt\/index.php\/wp-json\/wp\/v2\/media\/1658"}],"wp:attachment":[{"href":"https:\/\/casadolivreiro.pt\/index.php\/wp-json\/wp\/v2\/media?parent=1657"}],"wp:term":[{"taxonomy":"product_cat","embeddable":true,"href":"https:\/\/casadolivreiro.pt\/index.php\/wp-json\/wp\/v2\/product_cat?post=1657"},{"taxonomy":"product_tag","embeddable":true,"href":"https:\/\/casadolivreiro.pt\/index.php\/wp-json\/wp\/v2\/product_tag?post=1657"}],"curies":[{"name":"wp","href":"https:\/\/api.w.org\/{rel}","templated":true}]}}