{"id":1654,"date":"2024-04-01T10:42:15","date_gmt":"2024-04-01T10:42:15","guid":{"rendered":"https:\/\/casadolivreiro.pt\/?post_type=product&#038;p=1654"},"modified":"2024-04-01T10:42:15","modified_gmt":"2024-04-01T10:42:15","slug":"pela-republica-dois-anos-de-luta-ao-parapeito-do-diario-da-noite-joao-paulo-freira-mario","status":"publish","type":"product","link":"https:\/\/casadolivreiro.pt\/index.php\/product\/pela-republica-dois-anos-de-luta-ao-parapeito-do-diario-da-noite-joao-paulo-freira-mario\/","title":{"rendered":"PELA REP\u00daBLICA! Dois anos de luta ao parapeito do \u2018\u2019Di\u00e1rio da Noite\u2019\u2019 &#8211; Jo\u00e3o Paulo Freira (M\u00e1rio)"},"content":{"rendered":"<p>PELA REP\u00daBLICA! Dois anos de luta ao parapeito do \u2018\u2019Di\u00e1rio da Noite\u2019\u2019<br \/>\nJo\u00e3o Paulo Freira (M\u00e1rio)<br \/>\nAno de edi\u00e7\u00e3o:\u00a0 1934<br \/>\nEditor: Livraria Central Editora de Gomes de Carvalho, Lisboa<br \/>\nIdioma: Portugu\u00eas<br \/>\nDimens\u00f5es: 12 x 1.2\u00a0 x 19 cm<br \/>\nEncaderna\u00e7\u00e3o: Capa mole<br \/>\nP\u00e1ginas: 236<\/p>\n","protected":false},"excerpt":{"rendered":"<p>PELA REP\u00daBLICA! Dois anos de luta ao parapeito do \u2018\u2019Di\u00e1rio da Noite\u2019\u2019 Jo\u00e3o Paulo Freira (M\u00e1rio) Ano de edi\u00e7\u00e3o:\u00a0 1934 Editor: Livraria Central Editora de Gomes de Carvalho, Lisboa Idioma: Portugu\u00eas Dimens\u00f5es: 12 x 1.2\u00a0 x 19 cm Encaderna\u00e7\u00e3o: Capa mole P\u00e1ginas: 236<\/p>\n","protected":false},"featured_media":1656,"comment_status":"open","ping_status":"closed","template":"","meta":{"om_disable_all_campaigns":false,"_monsterinsights_skip_tracking":false,"_monsterinsights_sitenote_active":false,"_monsterinsights_sitenote_note":"","_monsterinsights_sitenote_category":0,"_uf_show_specific_survey":0,"_uf_disable_surveys":false},"product_cat":[30,59,51],"product_tag":[],"aioseo_notices":[],"jetpack_sharing_enabled":true,"_links":{"self":[{"href":"https:\/\/casadolivreiro.pt\/index.php\/wp-json\/wp\/v2\/product\/1654"}],"collection":[{"href":"https:\/\/casadolivreiro.pt\/index.php\/wp-json\/wp\/v2\/product"}],"about":[{"href":"https:\/\/casadolivreiro.pt\/index.php\/wp-json\/wp\/v2\/types\/product"}],"replies":[{"embeddable":true,"href":"https:\/\/casadolivreiro.pt\/index.php\/wp-json\/wp\/v2\/comments?post=1654"}],"wp:featuredmedia":[{"embeddable":true,"href":"https:\/\/casadolivreiro.pt\/index.php\/wp-json\/wp\/v2\/media\/1656"}],"wp:attachment":[{"href":"https:\/\/casadolivreiro.pt\/index.php\/wp-json\/wp\/v2\/media?parent=1654"}],"wp:term":[{"taxonomy":"product_cat","embeddable":true,"href":"https:\/\/casadolivreiro.pt\/index.php\/wp-json\/wp\/v2\/product_cat?post=1654"},{"taxonomy":"product_tag","embeddable":true,"href":"https:\/\/casadolivreiro.pt\/index.php\/wp-json\/wp\/v2\/product_tag?post=1654"}],"curies":[{"name":"wp","href":"https:\/\/api.w.org\/{rel}","templated":true}]}}