{"id":1652,"date":"2024-04-01T10:38:24","date_gmt":"2024-04-01T10:38:24","guid":{"rendered":"https:\/\/casadolivreiro.pt\/?post_type=product&#038;p=1652"},"modified":"2024-04-01T10:38:24","modified_gmt":"2024-04-01T10:38:24","slug":"um-general-que-foi-comunista-general-protero","status":"publish","type":"product","link":"https:\/\/casadolivreiro.pt\/index.php\/product\/um-general-que-foi-comunista-general-protero\/","title":{"rendered":"UM GENERAL QUE FOI COMUNISTA!!!&#8230; &#8211; General Protero"},"content":{"rendered":"<p>UM GENERAL QUE FOI COMUNISTA!!!&#8230;<br \/>\nGeneral Protero<br \/>\nAno de edi\u00e7\u00e3o:\u00a0 1958 (4.a edi\u00e7\u00e3o)<br \/>\nEditor: Edi\u00e7\u00f5es Carlos ( Cooperativa de Rurais, Letrados e Oper\u00e1rios, S.C.R.L.) Lisboa<br \/>\nIdioma: Portugu\u00eas<br \/>\nDimens\u00f5es: 13 x 0.3\u00a0 x 18 cm<br \/>\nEncaderna\u00e7\u00e3o: Capa mole<br \/>\nP\u00e1ginas: 47<\/p>\n","protected":false},"excerpt":{"rendered":"<p>UM GENERAL QUE FOI COMUNISTA!!!&#8230; General Protero Ano de edi\u00e7\u00e3o:\u00a0 1958 (4.a edi\u00e7\u00e3o) Editor: Edi\u00e7\u00f5es Carlos ( Cooperativa de Rurais, Letrados e Oper\u00e1rios, S.C.R.L.) Lisboa Idioma: Portugu\u00eas Dimens\u00f5es: 13 x 0.3\u00a0 x 18 cm Encaderna\u00e7\u00e3o: Capa mole P\u00e1ginas: 47<\/p>\n","protected":false},"featured_media":1653,"comment_status":"open","ping_status":"closed","template":"","meta":{"om_disable_all_campaigns":false,"_monsterinsights_skip_tracking":false,"_monsterinsights_sitenote_active":false,"_monsterinsights_sitenote_note":"","_monsterinsights_sitenote_category":0,"_uf_show_specific_survey":0,"_uf_disable_surveys":false},"product_cat":[30,51],"product_tag":[],"aioseo_notices":[],"jetpack_sharing_enabled":true,"_links":{"self":[{"href":"https:\/\/casadolivreiro.pt\/index.php\/wp-json\/wp\/v2\/product\/1652"}],"collection":[{"href":"https:\/\/casadolivreiro.pt\/index.php\/wp-json\/wp\/v2\/product"}],"about":[{"href":"https:\/\/casadolivreiro.pt\/index.php\/wp-json\/wp\/v2\/types\/product"}],"replies":[{"embeddable":true,"href":"https:\/\/casadolivreiro.pt\/index.php\/wp-json\/wp\/v2\/comments?post=1652"}],"wp:featuredmedia":[{"embeddable":true,"href":"https:\/\/casadolivreiro.pt\/index.php\/wp-json\/wp\/v2\/media\/1653"}],"wp:attachment":[{"href":"https:\/\/casadolivreiro.pt\/index.php\/wp-json\/wp\/v2\/media?parent=1652"}],"wp:term":[{"taxonomy":"product_cat","embeddable":true,"href":"https:\/\/casadolivreiro.pt\/index.php\/wp-json\/wp\/v2\/product_cat?post=1652"},{"taxonomy":"product_tag","embeddable":true,"href":"https:\/\/casadolivreiro.pt\/index.php\/wp-json\/wp\/v2\/product_tag?post=1652"}],"curies":[{"name":"wp","href":"https:\/\/api.w.org\/{rel}","templated":true}]}}