{"id":1650,"date":"2024-04-01T00:01:12","date_gmt":"2024-04-01T00:01:12","guid":{"rendered":"https:\/\/casadolivreiro.pt\/?post_type=product&#038;p=1650"},"modified":"2024-04-01T00:01:28","modified_gmt":"2024-04-01T00:01:28","slug":"higiene-elementar-ludgero-lopes-parreira","status":"publish","type":"product","link":"https:\/\/casadolivreiro.pt\/index.php\/product\/higiene-elementar-ludgero-lopes-parreira\/","title":{"rendered":"HIGIENE ELEMENTAR &#8211; Ludgero Lopes Parreira"},"content":{"rendered":"<p>HIGIENE ELEMENTAR<br \/>\nLudgero Lopes Parreira<br \/>\nColec\u00e7\u00e3o \u2018\u2019Para o povo e para as escolas\u2019\u2019 Vol.4<br \/>\nAno de edi\u00e7\u00e3o:\u00a0 1947 (2.a edi\u00e7\u00e3o)<br \/>\nEditor: Livraria Tavares Martins, Porto<br \/>\nIdioma: Portugu\u00eas<br \/>\nDimens\u00f5es: 12.5 x 0.8\u00a0 x 19 cm<br \/>\nEncaderna\u00e7\u00e3o: Capa mole<br \/>\nP\u00e1ginas: 173<\/p>\n","protected":false},"excerpt":{"rendered":"<p>HIGIENE ELEMENTAR Ludgero Lopes Parreira Colec\u00e7\u00e3o \u2018\u2019Para o povo e para as escolas\u2019\u2019 Vol.4 Ano de edi\u00e7\u00e3o:\u00a0 1947 (2.a edi\u00e7\u00e3o) Editor: Livraria Tavares Martins, Porto Idioma: Portugu\u00eas Dimens\u00f5es: 12.5 x 0.8\u00a0 x 19 cm Encaderna\u00e7\u00e3o: Capa mole P\u00e1ginas: 173<\/p>\n","protected":false},"featured_media":1651,"comment_status":"open","ping_status":"closed","template":"","meta":{"om_disable_all_campaigns":false,"_monsterinsights_skip_tracking":false,"_monsterinsights_sitenote_active":false,"_monsterinsights_sitenote_note":"","_monsterinsights_sitenote_category":0,"_uf_show_specific_survey":0,"_uf_disable_surveys":false},"product_cat":[47,59,43],"product_tag":[],"aioseo_notices":[],"jetpack_sharing_enabled":true,"_links":{"self":[{"href":"https:\/\/casadolivreiro.pt\/index.php\/wp-json\/wp\/v2\/product\/1650"}],"collection":[{"href":"https:\/\/casadolivreiro.pt\/index.php\/wp-json\/wp\/v2\/product"}],"about":[{"href":"https:\/\/casadolivreiro.pt\/index.php\/wp-json\/wp\/v2\/types\/product"}],"replies":[{"embeddable":true,"href":"https:\/\/casadolivreiro.pt\/index.php\/wp-json\/wp\/v2\/comments?post=1650"}],"wp:featuredmedia":[{"embeddable":true,"href":"https:\/\/casadolivreiro.pt\/index.php\/wp-json\/wp\/v2\/media\/1651"}],"wp:attachment":[{"href":"https:\/\/casadolivreiro.pt\/index.php\/wp-json\/wp\/v2\/media?parent=1650"}],"wp:term":[{"taxonomy":"product_cat","embeddable":true,"href":"https:\/\/casadolivreiro.pt\/index.php\/wp-json\/wp\/v2\/product_cat?post=1650"},{"taxonomy":"product_tag","embeddable":true,"href":"https:\/\/casadolivreiro.pt\/index.php\/wp-json\/wp\/v2\/product_tag?post=1650"}],"curies":[{"name":"wp","href":"https:\/\/api.w.org\/{rel}","templated":true}]}}