{"id":1643,"date":"2024-03-31T23:48:37","date_gmt":"2024-03-31T23:48:37","guid":{"rendered":"https:\/\/casadolivreiro.pt\/?post_type=product&#038;p=1643"},"modified":"2024-03-31T23:48:37","modified_gmt":"2024-03-31T23:48:37","slug":"o-processo-historico-juan-clemente-zamora-traducao-de-marcolino-cardoso","status":"publish","type":"product","link":"https:\/\/casadolivreiro.pt\/index.php\/product\/o-processo-historico-juan-clemente-zamora-traducao-de-marcolino-cardoso\/","title":{"rendered":"O PROCESSO HIST\u00d3RICO &#8211; Juan Clemente,  Zamora Tradu\u00e7\u00e3o de Marcolino Cardoso"},"content":{"rendered":"<p>O PROCESSO HIST\u00d3RICO<br \/>\nJuan Clemente Zamora<br \/>\nTradu\u00e7\u00e3o de Marcolino Cardoso<br \/>\nBiblioteca de Hist\u00f3ria, Filosofia e Sociologia<br \/>\nAno de edi\u00e7\u00e3o:\u00a0 1965 ( 2.a edi\u00e7\u00e3o)<br \/>\nEditor: Livraria Renascen\u00e7a. Lisboa<br \/>\nIdioma: Portugu\u00eas<br \/>\nDimens\u00f5es: 15 x 2. 3\u00a0 x 22 cm<br \/>\nEncaderna\u00e7\u00e3o: Capa mole<br \/>\nP\u00e1ginas: 364-XII p\u00e1gs.<\/p>\n<p>Neste valioso livro, pleno de interesse, \u00e9 exposto duma maneira sint\u00e9tica e did\u00e1ctica o processo hist\u00f3rico e evolutivo da humanidade nas diversas manifesta\u00e7\u00f5es de actividade social do homem, desde os tempos pr\u00e9-hist\u00f3ricos mais remotos at\u00e9 aos nossos dias, e analisam-se com grande serenidade os diversos sistemas de organiza\u00e7\u00e3o pol\u00edtica que t\u00eam regido o povos desde a idade antiga dos grandes fil\u00f3sofos Plat\u00e3o e Arist\u00f3teles at\u00e9 \u00e0 contempor\u00e2nea de Mussolini \u2013 m\u00e1ximo representante do estado totalit\u00e1rio \u2013 e Roosevelt, encarna\u00e7\u00e3o da Nova Democracia.<\/p>\n","protected":false},"excerpt":{"rendered":"<p>O PROCESSO HIST\u00d3RICO Juan Clemente Zamora Tradu\u00e7\u00e3o de Marcolino Cardoso Biblioteca de Hist\u00f3ria, Filosofia e Sociologia Ano de edi\u00e7\u00e3o:\u00a0 1965 ( 2.a edi\u00e7\u00e3o) Editor: Livraria Renascen\u00e7a. Lisboa Idioma: Portugu\u00eas Dimens\u00f5es: 15 x 2. 3\u00a0 x 22 cm Encaderna\u00e7\u00e3o: Capa mole P\u00e1ginas: 364-XII p\u00e1gs. Neste valioso livro, pleno de interesse, \u00e9 exposto duma maneira sint\u00e9tica e [&hellip;]<\/p>\n","protected":false},"featured_media":1645,"comment_status":"open","ping_status":"closed","template":"","meta":{"om_disable_all_campaigns":false,"_monsterinsights_skip_tracking":false,"_monsterinsights_sitenote_active":false,"_monsterinsights_sitenote_note":"","_monsterinsights_sitenote_category":0,"_uf_show_specific_survey":0,"_uf_disable_surveys":false},"product_cat":[31,29,30,59],"product_tag":[],"aioseo_notices":[],"jetpack_sharing_enabled":true,"_links":{"self":[{"href":"https:\/\/casadolivreiro.pt\/index.php\/wp-json\/wp\/v2\/product\/1643"}],"collection":[{"href":"https:\/\/casadolivreiro.pt\/index.php\/wp-json\/wp\/v2\/product"}],"about":[{"href":"https:\/\/casadolivreiro.pt\/index.php\/wp-json\/wp\/v2\/types\/product"}],"replies":[{"embeddable":true,"href":"https:\/\/casadolivreiro.pt\/index.php\/wp-json\/wp\/v2\/comments?post=1643"}],"wp:featuredmedia":[{"embeddable":true,"href":"https:\/\/casadolivreiro.pt\/index.php\/wp-json\/wp\/v2\/media\/1645"}],"wp:attachment":[{"href":"https:\/\/casadolivreiro.pt\/index.php\/wp-json\/wp\/v2\/media?parent=1643"}],"wp:term":[{"taxonomy":"product_cat","embeddable":true,"href":"https:\/\/casadolivreiro.pt\/index.php\/wp-json\/wp\/v2\/product_cat?post=1643"},{"taxonomy":"product_tag","embeddable":true,"href":"https:\/\/casadolivreiro.pt\/index.php\/wp-json\/wp\/v2\/product_tag?post=1643"}],"curies":[{"name":"wp","href":"https:\/\/api.w.org\/{rel}","templated":true}]}}