{"id":1641,"date":"2024-03-31T23:43:55","date_gmt":"2024-03-31T23:43:55","guid":{"rendered":"https:\/\/casadolivreiro.pt\/?post_type=product&#038;p=1641"},"modified":"2024-03-31T23:57:42","modified_gmt":"2024-03-31T23:57:42","slug":"com-estas-minhas-maos-hans-hellmut-kirst-traducao-de-kathe-brudt-costa","status":"publish","type":"product","link":"https:\/\/casadolivreiro.pt\/index.php\/product\/com-estas-minhas-maos-hans-hellmut-kirst-traducao-de-kathe-brudt-costa\/","title":{"rendered":"COM ESTAS MINHAS M\u00c3OS  &#8211; Hans Hellmut Kirst,  Tradu\u00e7\u00e3o de K\u00e4the Br\u00fcdt Costa"},"content":{"rendered":"<p>COM ESTAS MINHAS M\u00c3OS<br \/>\nHans Hellmut Kirst<br \/>\nTradu\u00e7\u00e3o de K\u00e4the Br\u00fcdt Costa<br \/>\nBiblioteca da Paz No.1<br \/>\nAno de edi\u00e7\u00e3o:\u00a0 1954 ( Primeira edi\u00e7\u00e3o)<br \/>\nEditor: Editora Ulisseia, Ltd. Lisboa<br \/>\nIdioma: Portugu\u00eas<br \/>\nDimens\u00f5es: 13 x 3\u00a0 x 18.5 cm<br \/>\nEncaderna\u00e7\u00e3o: Capa mole<br \/>\nP\u00e1ginas: 420<\/p>\n","protected":false},"excerpt":{"rendered":"<p>COM ESTAS MINHAS M\u00c3OS Hans Hellmut Kirst Tradu\u00e7\u00e3o de K\u00e4the Br\u00fcdt Costa Biblioteca da Paz No.1 Ano de edi\u00e7\u00e3o:\u00a0 1954 ( Primeira edi\u00e7\u00e3o) Editor: Editora Ulisseia, Ltd. Lisboa Idioma: Portugu\u00eas Dimens\u00f5es: 13 x 3\u00a0 x 18.5 cm Encaderna\u00e7\u00e3o: Capa mole P\u00e1ginas: 420<\/p>\n","protected":false},"featured_media":1642,"comment_status":"open","ping_status":"closed","template":"","meta":{"om_disable_all_campaigns":false,"_monsterinsights_skip_tracking":false,"_monsterinsights_sitenote_active":false,"_monsterinsights_sitenote_note":"","_monsterinsights_sitenote_category":0,"_uf_show_specific_survey":0,"_uf_disable_surveys":false},"product_cat":[26,59,61],"product_tag":[],"aioseo_notices":[],"jetpack_sharing_enabled":true,"_links":{"self":[{"href":"https:\/\/casadolivreiro.pt\/index.php\/wp-json\/wp\/v2\/product\/1641"}],"collection":[{"href":"https:\/\/casadolivreiro.pt\/index.php\/wp-json\/wp\/v2\/product"}],"about":[{"href":"https:\/\/casadolivreiro.pt\/index.php\/wp-json\/wp\/v2\/types\/product"}],"replies":[{"embeddable":true,"href":"https:\/\/casadolivreiro.pt\/index.php\/wp-json\/wp\/v2\/comments?post=1641"}],"wp:featuredmedia":[{"embeddable":true,"href":"https:\/\/casadolivreiro.pt\/index.php\/wp-json\/wp\/v2\/media\/1642"}],"wp:attachment":[{"href":"https:\/\/casadolivreiro.pt\/index.php\/wp-json\/wp\/v2\/media?parent=1641"}],"wp:term":[{"taxonomy":"product_cat","embeddable":true,"href":"https:\/\/casadolivreiro.pt\/index.php\/wp-json\/wp\/v2\/product_cat?post=1641"},{"taxonomy":"product_tag","embeddable":true,"href":"https:\/\/casadolivreiro.pt\/index.php\/wp-json\/wp\/v2\/product_tag?post=1641"}],"curies":[{"name":"wp","href":"https:\/\/api.w.org\/{rel}","templated":true}]}}