{"id":1629,"date":"2024-03-31T23:19:48","date_gmt":"2024-03-31T23:19:48","guid":{"rendered":"https:\/\/casadolivreiro.pt\/?post_type=product&#038;p=1629"},"modified":"2024-03-31T23:19:48","modified_gmt":"2024-03-31T23:19:48","slug":"condicao-do-padre-casamento-ou-celibato-pierre-hermand-traducao-de-pedro-de-moncao","status":"publish","type":"product","link":"https:\/\/casadolivreiro.pt\/index.php\/product\/condicao-do-padre-casamento-ou-celibato-pierre-hermand-traducao-de-pedro-de-moncao\/","title":{"rendered":"CONDI\u00c7\u00c3O DO PADRE: casamento ou celibato? &#8211; Pierre Hermand, Tradu\u00e7\u00e3o de Pedro de Mon\u00e7\u00e3o"},"content":{"rendered":"<p>CONDI\u00c7\u00c3O DO PADRE: casamento ou celibato?<br \/>\nPierre Hermand<br \/>\nTradu\u00e7\u00e3o de Pedro de Mon\u00e7\u00e3o<br \/>\nColec\u00e7\u00e3o PROBLEMAS No.2<br \/>\nAno de edi\u00e7\u00e3o:\u00a0 1964<br \/>\nEditor: Portugalia Editora, Porto<br \/>\nIdioma: Portugu\u00eas<br \/>\nDimens\u00f5es: 14 x 1.2\u00a0 x 19 cm<br \/>\nEncaderna\u00e7\u00e3o: Capa mole<br \/>\nP\u00e1ginas: 212<\/p>\n","protected":false},"excerpt":{"rendered":"<p>CONDI\u00c7\u00c3O DO PADRE: casamento ou celibato? Pierre Hermand Tradu\u00e7\u00e3o de Pedro de Mon\u00e7\u00e3o Colec\u00e7\u00e3o PROBLEMAS No.2 Ano de edi\u00e7\u00e3o:\u00a0 1964 Editor: Portugalia Editora, Porto Idioma: Portugu\u00eas Dimens\u00f5es: 14 x 1.2\u00a0 x 19 cm Encaderna\u00e7\u00e3o: Capa mole P\u00e1ginas: 212<\/p>\n","protected":false},"featured_media":1630,"comment_status":"open","ping_status":"closed","template":"","meta":{"om_disable_all_campaigns":false,"_monsterinsights_skip_tracking":false,"_monsterinsights_sitenote_active":false,"_monsterinsights_sitenote_note":"","_monsterinsights_sitenote_category":0,"_uf_show_specific_survey":0,"_uf_disable_surveys":false},"product_cat":[33,29,59],"product_tag":[],"aioseo_notices":[],"jetpack_sharing_enabled":true,"_links":{"self":[{"href":"https:\/\/casadolivreiro.pt\/index.php\/wp-json\/wp\/v2\/product\/1629"}],"collection":[{"href":"https:\/\/casadolivreiro.pt\/index.php\/wp-json\/wp\/v2\/product"}],"about":[{"href":"https:\/\/casadolivreiro.pt\/index.php\/wp-json\/wp\/v2\/types\/product"}],"replies":[{"embeddable":true,"href":"https:\/\/casadolivreiro.pt\/index.php\/wp-json\/wp\/v2\/comments?post=1629"}],"wp:featuredmedia":[{"embeddable":true,"href":"https:\/\/casadolivreiro.pt\/index.php\/wp-json\/wp\/v2\/media\/1630"}],"wp:attachment":[{"href":"https:\/\/casadolivreiro.pt\/index.php\/wp-json\/wp\/v2\/media?parent=1629"}],"wp:term":[{"taxonomy":"product_cat","embeddable":true,"href":"https:\/\/casadolivreiro.pt\/index.php\/wp-json\/wp\/v2\/product_cat?post=1629"},{"taxonomy":"product_tag","embeddable":true,"href":"https:\/\/casadolivreiro.pt\/index.php\/wp-json\/wp\/v2\/product_tag?post=1629"}],"curies":[{"name":"wp","href":"https:\/\/api.w.org\/{rel}","templated":true}]}}