{"id":1621,"date":"2024-03-31T23:05:09","date_gmt":"2024-03-31T23:05:09","guid":{"rendered":"https:\/\/casadolivreiro.pt\/?post_type=product&#038;p=1621"},"modified":"2024-03-31T23:05:09","modified_gmt":"2024-03-31T23:05:09","slug":"a-guerra-dos-mundos-h-g-wells-traducao-de-h-da-silva-letra","status":"publish","type":"product","link":"https:\/\/casadolivreiro.pt\/index.php\/product\/a-guerra-dos-mundos-h-g-wells-traducao-de-h-da-silva-letra\/","title":{"rendered":"A GUERRA DOS MUNDOS &#8211; H.G. Wells, Tradu\u00e7\u00e3o de H. Da Silva Letra"},"content":{"rendered":"<p>A GUERRA DOS MUNDOS<br \/>\nH.G. Wells<br \/>\nTradu\u00e7\u00e3o de H. Da Silva Letra<br \/>\nAno de edi\u00e7\u00e3o:\u00a0 2002 (Colec\u00e7\u00e3o Vicio da Leitura)<br \/>\nEditor: Editora Ulisseia, Ltd. Lisboa<br \/>\nIdioma: Portugu\u00eas<br \/>\nDimens\u00f5es: 15.5 x 1.4\u00a0 x 23.3 cm<br \/>\nEncaderna\u00e7\u00e3o: Capa mole<br \/>\nP\u00e1ginas: 188<\/p>\n","protected":false},"excerpt":{"rendered":"<p>A GUERRA DOS MUNDOS H.G. Wells Tradu\u00e7\u00e3o de H. Da Silva Letra Ano de edi\u00e7\u00e3o:\u00a0 2002 (Colec\u00e7\u00e3o Vicio da Leitura) Editor: Editora Ulisseia, Ltd. Lisboa Idioma: Portugu\u00eas Dimens\u00f5es: 15.5 x 1.4\u00a0 x 23.3 cm Encaderna\u00e7\u00e3o: Capa mole P\u00e1ginas: 188<\/p>\n","protected":false},"featured_media":1622,"comment_status":"open","ping_status":"closed","template":"","meta":{"om_disable_all_campaigns":false,"_monsterinsights_skip_tracking":false,"_monsterinsights_sitenote_active":false,"_monsterinsights_sitenote_note":"","_monsterinsights_sitenote_category":0,"_uf_show_specific_survey":0,"_uf_disable_surveys":false},"product_cat":[26],"product_tag":[],"aioseo_notices":[],"jetpack_sharing_enabled":true,"_links":{"self":[{"href":"https:\/\/casadolivreiro.pt\/index.php\/wp-json\/wp\/v2\/product\/1621"}],"collection":[{"href":"https:\/\/casadolivreiro.pt\/index.php\/wp-json\/wp\/v2\/product"}],"about":[{"href":"https:\/\/casadolivreiro.pt\/index.php\/wp-json\/wp\/v2\/types\/product"}],"replies":[{"embeddable":true,"href":"https:\/\/casadolivreiro.pt\/index.php\/wp-json\/wp\/v2\/comments?post=1621"}],"wp:featuredmedia":[{"embeddable":true,"href":"https:\/\/casadolivreiro.pt\/index.php\/wp-json\/wp\/v2\/media\/1622"}],"wp:attachment":[{"href":"https:\/\/casadolivreiro.pt\/index.php\/wp-json\/wp\/v2\/media?parent=1621"}],"wp:term":[{"taxonomy":"product_cat","embeddable":true,"href":"https:\/\/casadolivreiro.pt\/index.php\/wp-json\/wp\/v2\/product_cat?post=1621"},{"taxonomy":"product_tag","embeddable":true,"href":"https:\/\/casadolivreiro.pt\/index.php\/wp-json\/wp\/v2\/product_tag?post=1621"}],"curies":[{"name":"wp","href":"https:\/\/api.w.org\/{rel}","templated":true}]}}