{"id":1616,"date":"2024-03-31T21:03:32","date_gmt":"2024-03-31T21:03:32","guid":{"rendered":"https:\/\/casadolivreiro.pt\/?post_type=product&#038;p=1616"},"modified":"2024-03-31T21:03:32","modified_gmt":"2024-03-31T21:03:32","slug":"meia-hora-de-espera-afonso-botelho","status":"publish","type":"product","link":"https:\/\/casadolivreiro.pt\/index.php\/product\/meia-hora-de-espera-afonso-botelho\/","title":{"rendered":"MEIA HORA DE ESPERA &#8211; Afonso Botelho"},"content":{"rendered":"<p>MEIA HORA DE ESPERA<br \/>\nAfonso Botelho<br \/>\nColec\u00e7\u00e3o Originais Portugueses<br \/>\nAno de edi\u00e7\u00e3o:\u00a0 1959 ( Primeira edi\u00e7\u00e3o)<br \/>\nEditor: Sociedade de Expans\u00e3o Cultural, Lisboa<br \/>\nIdioma: Portugu\u00eas<br \/>\nDimens\u00f5es: 12 x 1.2\u00a0 x 19 cm<br \/>\nEncaderna\u00e7\u00e3o: Capa mole<br \/>\nP\u00e1ginas: 160<\/p>\n","protected":false},"excerpt":{"rendered":"<p>MEIA HORA DE ESPERA Afonso Botelho Colec\u00e7\u00e3o Originais Portugueses Ano de edi\u00e7\u00e3o:\u00a0 1959 ( Primeira edi\u00e7\u00e3o) Editor: Sociedade de Expans\u00e3o Cultural, Lisboa Idioma: Portugu\u00eas Dimens\u00f5es: 12 x 1.2\u00a0 x 19 cm Encaderna\u00e7\u00e3o: Capa mole P\u00e1ginas: 160<\/p>\n","protected":false},"featured_media":1617,"comment_status":"open","ping_status":"closed","template":"","meta":{"om_disable_all_campaigns":false,"_monsterinsights_skip_tracking":false,"_monsterinsights_sitenote_active":false,"_monsterinsights_sitenote_note":"","_monsterinsights_sitenote_category":0,"_uf_show_specific_survey":0,"_uf_disable_surveys":false},"product_cat":[25,59,61],"product_tag":[],"aioseo_notices":[],"jetpack_sharing_enabled":true,"_links":{"self":[{"href":"https:\/\/casadolivreiro.pt\/index.php\/wp-json\/wp\/v2\/product\/1616"}],"collection":[{"href":"https:\/\/casadolivreiro.pt\/index.php\/wp-json\/wp\/v2\/product"}],"about":[{"href":"https:\/\/casadolivreiro.pt\/index.php\/wp-json\/wp\/v2\/types\/product"}],"replies":[{"embeddable":true,"href":"https:\/\/casadolivreiro.pt\/index.php\/wp-json\/wp\/v2\/comments?post=1616"}],"wp:featuredmedia":[{"embeddable":true,"href":"https:\/\/casadolivreiro.pt\/index.php\/wp-json\/wp\/v2\/media\/1617"}],"wp:attachment":[{"href":"https:\/\/casadolivreiro.pt\/index.php\/wp-json\/wp\/v2\/media?parent=1616"}],"wp:term":[{"taxonomy":"product_cat","embeddable":true,"href":"https:\/\/casadolivreiro.pt\/index.php\/wp-json\/wp\/v2\/product_cat?post=1616"},{"taxonomy":"product_tag","embeddable":true,"href":"https:\/\/casadolivreiro.pt\/index.php\/wp-json\/wp\/v2\/product_tag?post=1616"}],"curies":[{"name":"wp","href":"https:\/\/api.w.org\/{rel}","templated":true}]}}