{"id":1614,"date":"2024-03-31T20:56:57","date_gmt":"2024-03-31T20:56:57","guid":{"rendered":"https:\/\/casadolivreiro.pt\/?post_type=product&#038;p=1614"},"modified":"2024-03-31T20:56:57","modified_gmt":"2024-03-31T20:56:57","slug":"o-sonho-do-tio-fedor-dostoiewsky","status":"publish","type":"product","link":"https:\/\/casadolivreiro.pt\/index.php\/product\/o-sonho-do-tio-fedor-dostoiewsky\/","title":{"rendered":"O SONHO DO TIO &#8211; F\u00e9dor Dostoiewsky"},"content":{"rendered":"<p>O SONHO DO TIO<br \/>\nF\u00e9dor Dostoiewsky<br \/>\nTradu\u00e7\u00e3o de Domingos Monteiro<br \/>\nColec\u00e7\u00e3o Romances C\u00e9lebres No.4<br \/>\nAno de edi\u00e7\u00e3o:<br \/>\nEditor: Editorial GLEBA Lda.,Lisboa<br \/>\nIdioma: Portugu\u00eas<br \/>\nDimens\u00f5es: 13 x 1.2\u00a0 x 19.3 cm<br \/>\nEncaderna\u00e7\u00e3o: Capa mole<br \/>\nP\u00e1ginas: 185<\/p>\n","protected":false},"excerpt":{"rendered":"<p>O SONHO DO TIO F\u00e9dor Dostoiewsky Tradu\u00e7\u00e3o de Domingos Monteiro Colec\u00e7\u00e3o Romances C\u00e9lebres No.4 Ano de edi\u00e7\u00e3o: Editor: Editorial GLEBA Lda.,Lisboa Idioma: Portugu\u00eas Dimens\u00f5es: 13 x 1.2\u00a0 x 19.3 cm Encaderna\u00e7\u00e3o: Capa mole P\u00e1ginas: 185<\/p>\n","protected":false},"featured_media":1615,"comment_status":"open","ping_status":"closed","template":"","meta":{"om_disable_all_campaigns":false,"_monsterinsights_skip_tracking":false,"_monsterinsights_sitenote_active":false,"_monsterinsights_sitenote_note":"","_monsterinsights_sitenote_category":0,"_uf_show_specific_survey":0,"_uf_disable_surveys":false},"product_cat":[26,59],"product_tag":[],"aioseo_notices":[],"jetpack_sharing_enabled":true,"_links":{"self":[{"href":"https:\/\/casadolivreiro.pt\/index.php\/wp-json\/wp\/v2\/product\/1614"}],"collection":[{"href":"https:\/\/casadolivreiro.pt\/index.php\/wp-json\/wp\/v2\/product"}],"about":[{"href":"https:\/\/casadolivreiro.pt\/index.php\/wp-json\/wp\/v2\/types\/product"}],"replies":[{"embeddable":true,"href":"https:\/\/casadolivreiro.pt\/index.php\/wp-json\/wp\/v2\/comments?post=1614"}],"wp:featuredmedia":[{"embeddable":true,"href":"https:\/\/casadolivreiro.pt\/index.php\/wp-json\/wp\/v2\/media\/1615"}],"wp:attachment":[{"href":"https:\/\/casadolivreiro.pt\/index.php\/wp-json\/wp\/v2\/media?parent=1614"}],"wp:term":[{"taxonomy":"product_cat","embeddable":true,"href":"https:\/\/casadolivreiro.pt\/index.php\/wp-json\/wp\/v2\/product_cat?post=1614"},{"taxonomy":"product_tag","embeddable":true,"href":"https:\/\/casadolivreiro.pt\/index.php\/wp-json\/wp\/v2\/product_tag?post=1614"}],"curies":[{"name":"wp","href":"https:\/\/api.w.org\/{rel}","templated":true}]}}