{"id":1612,"date":"2024-03-31T20:53:41","date_gmt":"2024-03-31T20:53:41","guid":{"rendered":"https:\/\/casadolivreiro.pt\/?post_type=product&#038;p=1612"},"modified":"2024-03-31T20:53:41","modified_gmt":"2024-03-31T20:53:41","slug":"a-arte-de-pensar-mario-goncalves-viana","status":"publish","type":"product","link":"https:\/\/casadolivreiro.pt\/index.php\/product\/a-arte-de-pensar-mario-goncalves-viana\/","title":{"rendered":"A ARTE DE PENSAR &#8211; M\u00e1rio Gon\u00e7alves Viana"},"content":{"rendered":"<p>A ARTE DE PENSAR<br \/>\nM\u00e1rio Gon\u00e7alves Viana<br \/>\nColec\u00e7\u00e3o Did\u00e1ctica<br \/>\nAno de edi\u00e7\u00e3o:\u00a0 1954, (2.a edi\u00e7\u00e3o)<br \/>\nEditor: Editora Educa\u00e7\u00e3o Nacional, Porto<br \/>\nIdioma: Portugu\u00eas<br \/>\nDimens\u00f5es: 13 x 1.8\u00a0 x 19.3 cm<br \/>\nEncaderna\u00e7\u00e3o: Capa mole<br \/>\nP\u00e1ginas: 261<\/p>\n","protected":false},"excerpt":{"rendered":"<p>A ARTE DE PENSAR M\u00e1rio Gon\u00e7alves Viana Colec\u00e7\u00e3o Did\u00e1ctica Ano de edi\u00e7\u00e3o:\u00a0 1954, (2.a edi\u00e7\u00e3o) Editor: Editora Educa\u00e7\u00e3o Nacional, Porto Idioma: Portugu\u00eas Dimens\u00f5es: 13 x 1.8\u00a0 x 19.3 cm Encaderna\u00e7\u00e3o: Capa mole P\u00e1ginas: 261<\/p>\n","protected":false},"featured_media":1613,"comment_status":"open","ping_status":"closed","template":"","meta":{"om_disable_all_campaigns":false,"_monsterinsights_skip_tracking":false,"_monsterinsights_sitenote_active":false,"_monsterinsights_sitenote_note":"","_monsterinsights_sitenote_category":0,"_uf_show_specific_survey":0,"_uf_disable_surveys":false},"product_cat":[29,59],"product_tag":[],"aioseo_notices":[],"jetpack_sharing_enabled":true,"_links":{"self":[{"href":"https:\/\/casadolivreiro.pt\/index.php\/wp-json\/wp\/v2\/product\/1612"}],"collection":[{"href":"https:\/\/casadolivreiro.pt\/index.php\/wp-json\/wp\/v2\/product"}],"about":[{"href":"https:\/\/casadolivreiro.pt\/index.php\/wp-json\/wp\/v2\/types\/product"}],"replies":[{"embeddable":true,"href":"https:\/\/casadolivreiro.pt\/index.php\/wp-json\/wp\/v2\/comments?post=1612"}],"wp:featuredmedia":[{"embeddable":true,"href":"https:\/\/casadolivreiro.pt\/index.php\/wp-json\/wp\/v2\/media\/1613"}],"wp:attachment":[{"href":"https:\/\/casadolivreiro.pt\/index.php\/wp-json\/wp\/v2\/media?parent=1612"}],"wp:term":[{"taxonomy":"product_cat","embeddable":true,"href":"https:\/\/casadolivreiro.pt\/index.php\/wp-json\/wp\/v2\/product_cat?post=1612"},{"taxonomy":"product_tag","embeddable":true,"href":"https:\/\/casadolivreiro.pt\/index.php\/wp-json\/wp\/v2\/product_tag?post=1612"}],"curies":[{"name":"wp","href":"https:\/\/api.w.org\/{rel}","templated":true}]}}