{"id":1610,"date":"2024-03-31T20:50:13","date_gmt":"2024-03-31T20:50:13","guid":{"rendered":"https:\/\/casadolivreiro.pt\/?post_type=product&#038;p=1610"},"modified":"2024-03-31T20:50:13","modified_gmt":"2024-03-31T20:50:13","slug":"as-revolucoes-rebentam-de-madrugada-a-primeira-obra-sobre-a-revolucao-de-25-de-abril-henrique-de-sousa-e-melo","status":"publish","type":"product","link":"https:\/\/casadolivreiro.pt\/index.php\/product\/as-revolucoes-rebentam-de-madrugada-a-primeira-obra-sobre-a-revolucao-de-25-de-abril-henrique-de-sousa-e-melo\/","title":{"rendered":"AS REVOLU\u00c7\u00d5ES REBENTAM DE MADRUGADA: a primeira obra sobre a revolu\u00e7\u00e3o de 25 de Abril &#8211; Henrique de Sousa e Melo"},"content":{"rendered":"<p>AS REVOLU\u00c7\u00d5ES REBENTAM DE MADRUGADA: a primeira obra sobre a revolu\u00e7\u00e3o de 25 de Abril<br \/>\nHenrique de Sousa e Melo<br \/>\nAno de edi\u00e7\u00e3o:\u00a0 1974<br \/>\nEditor: Agencia Portuguesa de Revistas, Lisboa<br \/>\nIdioma: Portugu\u00eas<br \/>\nDimens\u00f5es: 14.5 x 0.5\u00a0 x 21 cm<br \/>\nEncaderna\u00e7\u00e3o: Capa mole<br \/>\nP\u00e1ginas: 143<\/p>\n","protected":false},"excerpt":{"rendered":"<p>AS REVOLU\u00c7\u00d5ES REBENTAM DE MADRUGADA: a primeira obra sobre a revolu\u00e7\u00e3o de 25 de Abril Henrique de Sousa e Melo Ano de edi\u00e7\u00e3o:\u00a0 1974 Editor: Agencia Portuguesa de Revistas, Lisboa Idioma: Portugu\u00eas Dimens\u00f5es: 14.5 x 0.5\u00a0 x 21 cm Encaderna\u00e7\u00e3o: Capa mole P\u00e1ginas: 143<\/p>\n","protected":false},"featured_media":1611,"comment_status":"open","ping_status":"closed","template":"","meta":{"om_disable_all_campaigns":false,"_monsterinsights_skip_tracking":false,"_monsterinsights_sitenote_active":false,"_monsterinsights_sitenote_note":"","_monsterinsights_sitenote_category":0,"_uf_show_specific_survey":0,"_uf_disable_surveys":false},"product_cat":[30,59,36],"product_tag":[],"aioseo_notices":[],"jetpack_sharing_enabled":true,"_links":{"self":[{"href":"https:\/\/casadolivreiro.pt\/index.php\/wp-json\/wp\/v2\/product\/1610"}],"collection":[{"href":"https:\/\/casadolivreiro.pt\/index.php\/wp-json\/wp\/v2\/product"}],"about":[{"href":"https:\/\/casadolivreiro.pt\/index.php\/wp-json\/wp\/v2\/types\/product"}],"replies":[{"embeddable":true,"href":"https:\/\/casadolivreiro.pt\/index.php\/wp-json\/wp\/v2\/comments?post=1610"}],"wp:featuredmedia":[{"embeddable":true,"href":"https:\/\/casadolivreiro.pt\/index.php\/wp-json\/wp\/v2\/media\/1611"}],"wp:attachment":[{"href":"https:\/\/casadolivreiro.pt\/index.php\/wp-json\/wp\/v2\/media?parent=1610"}],"wp:term":[{"taxonomy":"product_cat","embeddable":true,"href":"https:\/\/casadolivreiro.pt\/index.php\/wp-json\/wp\/v2\/product_cat?post=1610"},{"taxonomy":"product_tag","embeddable":true,"href":"https:\/\/casadolivreiro.pt\/index.php\/wp-json\/wp\/v2\/product_tag?post=1610"}],"curies":[{"name":"wp","href":"https:\/\/api.w.org\/{rel}","templated":true}]}}