{"id":1606,"date":"2024-03-31T20:44:08","date_gmt":"2024-03-31T20:44:08","guid":{"rendered":"https:\/\/casadolivreiro.pt\/?post_type=product&#038;p=1606"},"modified":"2024-03-31T20:44:08","modified_gmt":"2024-03-31T20:44:08","slug":"guerra-lo-que-sabe-el-fbi-y-la-inteligencia-militar-americana-sobre-cuando-estallara-y-quien-ganara-la-guerra-mauricio-carlavilla-mauricio-karl","status":"publish","type":"product","link":"https:\/\/casadolivreiro.pt\/index.php\/product\/guerra-lo-que-sabe-el-fbi-y-la-inteligencia-militar-americana-sobre-cuando-estallara-y-quien-ganara-la-guerra-mauricio-carlavilla-mauricio-karl\/","title":{"rendered":"GUERRA: Lo que sabe el FBI y la Inteligencia Militar Americana sobre cu\u00e1ndo estallar\u00e1 y qui\u00e9n ganar\u00e1 la guerra &#8211; Mauricio Carlavilla (Mauricio Karl)"},"content":{"rendered":"<p>GUERRA: Lo que sabe el FBI y la Inteligencia Militar Americana sobre cu\u00e1ndo estallar\u00e1 y qui\u00e9n ganar\u00e1 la guerra<br \/>\nMauricio Carlavilla (Mauricio Karl)<br \/>\nAno de edi\u00e7\u00e3o:\u00a0 1952<br \/>\nEditor: Editorial NOS, Madrid<br \/>\nIdioma: Espanhol<br \/>\nDimens\u00f5es: 15 x 2.2\u00a0 x 21 cm<br \/>\nEncaderna\u00e7\u00e3o: Capa mole<br \/>\nP\u00e1ginas: 370<\/p>\n","protected":false},"excerpt":{"rendered":"<p>GUERRA: Lo que sabe el FBI y la Inteligencia Militar Americana sobre cu\u00e1ndo estallar\u00e1 y qui\u00e9n ganar\u00e1 la guerra Mauricio Carlavilla (Mauricio Karl) Ano de edi\u00e7\u00e3o:\u00a0 1952 Editor: Editorial NOS, Madrid Idioma: Espanhol Dimens\u00f5es: 15 x 2.2\u00a0 x 21 cm Encaderna\u00e7\u00e3o: Capa mole P\u00e1ginas: 370<\/p>\n","protected":false},"featured_media":1607,"comment_status":"open","ping_status":"closed","template":"","meta":{"om_disable_all_campaigns":false,"_monsterinsights_skip_tracking":false,"_monsterinsights_sitenote_active":false,"_monsterinsights_sitenote_note":"","_monsterinsights_sitenote_category":0,"_uf_show_specific_survey":0,"_uf_disable_surveys":false},"product_cat":[30,57,44,51],"product_tag":[],"aioseo_notices":[],"jetpack_sharing_enabled":true,"_links":{"self":[{"href":"https:\/\/casadolivreiro.pt\/index.php\/wp-json\/wp\/v2\/product\/1606"}],"collection":[{"href":"https:\/\/casadolivreiro.pt\/index.php\/wp-json\/wp\/v2\/product"}],"about":[{"href":"https:\/\/casadolivreiro.pt\/index.php\/wp-json\/wp\/v2\/types\/product"}],"replies":[{"embeddable":true,"href":"https:\/\/casadolivreiro.pt\/index.php\/wp-json\/wp\/v2\/comments?post=1606"}],"wp:featuredmedia":[{"embeddable":true,"href":"https:\/\/casadolivreiro.pt\/index.php\/wp-json\/wp\/v2\/media\/1607"}],"wp:attachment":[{"href":"https:\/\/casadolivreiro.pt\/index.php\/wp-json\/wp\/v2\/media?parent=1606"}],"wp:term":[{"taxonomy":"product_cat","embeddable":true,"href":"https:\/\/casadolivreiro.pt\/index.php\/wp-json\/wp\/v2\/product_cat?post=1606"},{"taxonomy":"product_tag","embeddable":true,"href":"https:\/\/casadolivreiro.pt\/index.php\/wp-json\/wp\/v2\/product_tag?post=1606"}],"curies":[{"name":"wp","href":"https:\/\/api.w.org\/{rel}","templated":true}]}}