{"id":160,"date":"2024-03-02T22:26:27","date_gmt":"2024-03-02T22:26:27","guid":{"rendered":"https:\/\/casadolivreiro.pt\/?post_type=product&#038;p=160"},"modified":"2025-04-30T19:23:44","modified_gmt":"2025-04-30T19:23:44","slug":"epistole-et-evangeli-che-si-leggono-tvtto-lanno-alla-messa-secondo-luso-della-santa-romana-chiesa-ridotti-allordine-del-messale-nuouo-tradotti-in-lingva-toscana-dal-r-p-m-remigio-fiorent","status":"publish","type":"product","link":"https:\/\/casadolivreiro.pt\/index.php\/product\/epistole-et-evangeli-che-si-leggono-tvtto-lanno-alla-messa-secondo-luso-della-santa-romana-chiesa-ridotti-allordine-del-messale-nuouo-tradotti-in-lingva-toscana-dal-r-p-m-remigio-fiorent\/","title":{"rendered":"EPISTOLE, ET EVANGELI, CHE SI LEGGONO TVTTO L&#8217;ANNO ALLA MESSA, SECONDO L&#8217;USO DELLA SANTA ROMANA CHIESA, RIDOTTI ALL&#8217;ORDINE DEL MESSALE NUOUO. Tradotti in Lingva Toscana, dal R.P.M.  Remigio Fiorentino"},"content":{"rendered":"<p>EPISTOLE, ET EVANGELI, CHE SI LEGGONO TVTTO L&#8217;ANNO ALLA MESSA, SECONDO L&#8217;USO DELLA SANTA ROMANA CHIESA, RIDOTTI ALL&#8217;ORDINE DEL MESSALE NUOUO.<br \/>\nTradotti in Lingva Toscana, dal R.P.M.\u00a0 Remigio Fiorentino<br \/>\nNANNINI, REMIGIO<br \/>\nEditor: G. Giolito de\u2019Ferrari<br \/>\nData de Lan\u00e7amento: 1576<br \/>\nIdioma:\u00a0 Italiano<br \/>\nDimens\u00f5es:\u00a0 17.5cm x 5.8cm x 24cm<br \/>\nEncaderna\u00e7\u00e3o: Capa dura<br \/>\nP\u00e1ginas:\u00a0 684<\/p>\n<p>Profusamente ilustrado com mais de 100 ilustra\u00e7\u00f5es em xilogravura. Em boa condi\u00e7\u00e3o.<br \/>\nRecupera\u00e7\u00e3o da capa dura em 1900<\/p>\n","protected":false},"excerpt":{"rendered":"<p>EPISTOLE, ET EVANGELI, CHE SI LEGGONO TVTTO L&#8217;ANNO ALLA MESSA, SECONDO L&#8217;USO DELLA SANTA ROMANA CHIESA, RIDOTTI ALL&#8217;ORDINE DEL MESSALE NUOUO. Tradotti in Lingva Toscana, dal R.P.M.\u00a0 Remigio Fiorentino NANNINI, REMIGIO Editor: G. Giolito de\u2019Ferrari Data de Lan\u00e7amento: 1576 Idioma:\u00a0 Italiano Dimens\u00f5es:\u00a0 17.5cm x 5.8cm x 24cm Encaderna\u00e7\u00e3o: Capa dura P\u00e1ginas:\u00a0 684 Profusamente ilustrado com [&hellip;]<\/p>\n","protected":false},"featured_media":161,"comment_status":"open","ping_status":"closed","template":"","meta":{"om_disable_all_campaigns":false,"_monsterinsights_skip_tracking":false,"_monsterinsights_sitenote_active":false,"_monsterinsights_sitenote_note":"","_monsterinsights_sitenote_category":0,"_uf_show_specific_survey":0,"_uf_disable_surveys":false},"product_cat":[33,60,62,53],"product_tag":[],"aioseo_notices":[],"jetpack_sharing_enabled":true,"_links":{"self":[{"href":"https:\/\/casadolivreiro.pt\/index.php\/wp-json\/wp\/v2\/product\/160"}],"collection":[{"href":"https:\/\/casadolivreiro.pt\/index.php\/wp-json\/wp\/v2\/product"}],"about":[{"href":"https:\/\/casadolivreiro.pt\/index.php\/wp-json\/wp\/v2\/types\/product"}],"replies":[{"embeddable":true,"href":"https:\/\/casadolivreiro.pt\/index.php\/wp-json\/wp\/v2\/comments?post=160"}],"wp:featuredmedia":[{"embeddable":true,"href":"https:\/\/casadolivreiro.pt\/index.php\/wp-json\/wp\/v2\/media\/161"}],"wp:attachment":[{"href":"https:\/\/casadolivreiro.pt\/index.php\/wp-json\/wp\/v2\/media?parent=160"}],"wp:term":[{"taxonomy":"product_cat","embeddable":true,"href":"https:\/\/casadolivreiro.pt\/index.php\/wp-json\/wp\/v2\/product_cat?post=160"},{"taxonomy":"product_tag","embeddable":true,"href":"https:\/\/casadolivreiro.pt\/index.php\/wp-json\/wp\/v2\/product_tag?post=160"}],"curies":[{"name":"wp","href":"https:\/\/api.w.org\/{rel}","templated":true}]}}