{"id":1598,"date":"2024-03-31T18:50:38","date_gmt":"2024-03-31T18:50:38","guid":{"rendered":"https:\/\/casadolivreiro.pt\/?post_type=product&#038;p=1598"},"modified":"2024-03-31T18:55:44","modified_gmt":"2024-03-31T18:55:44","slug":"manolete-ya-se-ha-muerto-muerto-esta-que-yo-lo-vi-k-hito","status":"publish","type":"product","link":"https:\/\/casadolivreiro.pt\/index.php\/product\/manolete-ya-se-ha-muerto-muerto-esta-que-yo-lo-vi-k-hito\/","title":{"rendered":"MANOLETE YA SE H\u00c1 MUERTO: Muerto est\u00e1, que yo lo vi &#8211;  K\u2013Hito"},"content":{"rendered":"<p>MANOLETE YA SE H\u00c1 MUERTO: Muerto est\u00e1, que yo lo vi<br \/>\nK \u2013 Hito<br \/>\nAno de edi\u00e7\u00e3o:\u00a0 1947?<br \/>\nEditor: La Editorial Catolica S.A. . Madrid (Anaquel de \u2018\u2019Digame\u2019\u2019)<br \/>\nIdioma: Espanhol<br \/>\nDimens\u00f5es: 14 x 1.5\u00a0 x 21.5 cm<br \/>\nEncaderna\u00e7\u00e3o: Capa mole<br \/>\nP\u00e1ginas: 350<\/p>\n","protected":false},"excerpt":{"rendered":"<p>MANOLETE YA SE H\u00c1 MUERTO: Muerto est\u00e1, que yo lo vi K \u2013 Hito Ano de edi\u00e7\u00e3o:\u00a0 1947? Editor: La Editorial Catolica S.A. . Madrid (Anaquel de \u2018\u2019Digame\u2019\u2019) Idioma: Espanhol Dimens\u00f5es: 14 x 1.5\u00a0 x 21.5 cm Encaderna\u00e7\u00e3o: Capa mole P\u00e1ginas: 350<\/p>\n","protected":false},"featured_media":1599,"comment_status":"open","ping_status":"closed","template":"","meta":{"om_disable_all_campaigns":false,"_monsterinsights_skip_tracking":false,"_monsterinsights_sitenote_active":false,"_monsterinsights_sitenote_note":"","_monsterinsights_sitenote_category":0,"_uf_show_specific_survey":0,"_uf_disable_surveys":false},"product_cat":[28,57,59,36],"product_tag":[],"aioseo_notices":[],"jetpack_sharing_enabled":true,"_links":{"self":[{"href":"https:\/\/casadolivreiro.pt\/index.php\/wp-json\/wp\/v2\/product\/1598"}],"collection":[{"href":"https:\/\/casadolivreiro.pt\/index.php\/wp-json\/wp\/v2\/product"}],"about":[{"href":"https:\/\/casadolivreiro.pt\/index.php\/wp-json\/wp\/v2\/types\/product"}],"replies":[{"embeddable":true,"href":"https:\/\/casadolivreiro.pt\/index.php\/wp-json\/wp\/v2\/comments?post=1598"}],"wp:featuredmedia":[{"embeddable":true,"href":"https:\/\/casadolivreiro.pt\/index.php\/wp-json\/wp\/v2\/media\/1599"}],"wp:attachment":[{"href":"https:\/\/casadolivreiro.pt\/index.php\/wp-json\/wp\/v2\/media?parent=1598"}],"wp:term":[{"taxonomy":"product_cat","embeddable":true,"href":"https:\/\/casadolivreiro.pt\/index.php\/wp-json\/wp\/v2\/product_cat?post=1598"},{"taxonomy":"product_tag","embeddable":true,"href":"https:\/\/casadolivreiro.pt\/index.php\/wp-json\/wp\/v2\/product_tag?post=1598"}],"curies":[{"name":"wp","href":"https:\/\/api.w.org\/{rel}","templated":true}]}}