{"id":1595,"date":"2024-03-31T18:46:54","date_gmt":"2024-03-31T18:46:54","guid":{"rendered":"https:\/\/casadolivreiro.pt\/?post_type=product&#038;p=1595"},"modified":"2024-03-31T18:46:55","modified_gmt":"2024-03-31T18:46:55","slug":"as-pedras-do-sonho-marques-gastao","status":"publish","type":"product","link":"https:\/\/casadolivreiro.pt\/index.php\/product\/as-pedras-do-sonho-marques-gastao\/","title":{"rendered":"AS PEDRAS DO SONHO &#8211; Marques Gast\u00e3o"},"content":{"rendered":"<p>AS PEDRAS DO SONHO<br \/>\nMarques Gast\u00e3o<br \/>\nAno de edi\u00e7\u00e3o:\u00a0 1974<br \/>\nEditor: Edi\u00e7\u00e3o de autor, Lisboa<br \/>\nIdioma: Portugu\u00eas<br \/>\nDimens\u00f5es: 15.8 x 1.5\u00a0 x 22 cm<br \/>\nEncaderna\u00e7\u00e3o: Capa mole<br \/>\nP\u00e1ginas: 294<\/p>\n<p>Jornalista de profiss\u00e3o, o A. apresenta uma resenha (que subtitulou \u2018Contos\u2019) de impress\u00f5es de viagem, al\u00e9m de impress\u00f5es sobre as v\u00e1rias\u00a0 personalidades bem conhecidas da \u00e1rea pol\u00edtica, liter\u00e1ria, musical, etc. que teve oportunidade de conhecer e que, nalguns casos, tamb\u00e9m entrevistou, como Stravinski, Maria Callas, maestro Eleazar de Carvalho, Ot\u00e1vio Paz, Rafael Solana, papa Jo\u00e3o XXIII, entre outros.<\/p>\n","protected":false},"excerpt":{"rendered":"<p>AS PEDRAS DO SONHO Marques Gast\u00e3o Ano de edi\u00e7\u00e3o:\u00a0 1974 Editor: Edi\u00e7\u00e3o de autor, Lisboa Idioma: Portugu\u00eas Dimens\u00f5es: 15.8 x 1.5\u00a0 x 22 cm Encaderna\u00e7\u00e3o: Capa mole P\u00e1ginas: 294 Jornalista de profiss\u00e3o, o A. apresenta uma resenha (que subtitulou \u2018Contos\u2019) de impress\u00f5es de viagem, al\u00e9m de impress\u00f5es sobre as v\u00e1rias\u00a0 personalidades bem conhecidas da \u00e1rea [&hellip;]<\/p>\n","protected":false},"featured_media":1596,"comment_status":"open","ping_status":"closed","template":"","meta":{"om_disable_all_campaigns":false,"_monsterinsights_skip_tracking":false,"_monsterinsights_sitenote_active":false,"_monsterinsights_sitenote_note":"","_monsterinsights_sitenote_category":0,"_uf_show_specific_survey":0,"_uf_disable_surveys":false},"product_cat":[59,36],"product_tag":[],"aioseo_notices":[],"jetpack_sharing_enabled":true,"_links":{"self":[{"href":"https:\/\/casadolivreiro.pt\/index.php\/wp-json\/wp\/v2\/product\/1595"}],"collection":[{"href":"https:\/\/casadolivreiro.pt\/index.php\/wp-json\/wp\/v2\/product"}],"about":[{"href":"https:\/\/casadolivreiro.pt\/index.php\/wp-json\/wp\/v2\/types\/product"}],"replies":[{"embeddable":true,"href":"https:\/\/casadolivreiro.pt\/index.php\/wp-json\/wp\/v2\/comments?post=1595"}],"wp:featuredmedia":[{"embeddable":true,"href":"https:\/\/casadolivreiro.pt\/index.php\/wp-json\/wp\/v2\/media\/1596"}],"wp:attachment":[{"href":"https:\/\/casadolivreiro.pt\/index.php\/wp-json\/wp\/v2\/media?parent=1595"}],"wp:term":[{"taxonomy":"product_cat","embeddable":true,"href":"https:\/\/casadolivreiro.pt\/index.php\/wp-json\/wp\/v2\/product_cat?post=1595"},{"taxonomy":"product_tag","embeddable":true,"href":"https:\/\/casadolivreiro.pt\/index.php\/wp-json\/wp\/v2\/product_tag?post=1595"}],"curies":[{"name":"wp","href":"https:\/\/api.w.org\/{rel}","templated":true}]}}