{"id":1593,"date":"2024-03-31T18:42:09","date_gmt":"2024-03-31T18:42:09","guid":{"rendered":"https:\/\/casadolivreiro.pt\/?post_type=product&#038;p=1593"},"modified":"2024-03-31T18:42:09","modified_gmt":"2024-03-31T18:42:09","slug":"carta-aberta-a-mario-soares-ruben-sottomayor","status":"publish","type":"product","link":"https:\/\/casadolivreiro.pt\/index.php\/product\/carta-aberta-a-mario-soares-ruben-sottomayor\/","title":{"rendered":"CARTA ABERTA A M\u00c1RIO SOARES &#8211; Ruben Sottomayor"},"content":{"rendered":"<p>CARTA ABERTA A M\u00c1RIO SOARES<br \/>\nRuben Sottomayor<br \/>\nAno de edi\u00e7\u00e3o:\u00a0 1970<br \/>\nEditor: Editorial J. Castelo Branco, Lisboa<br \/>\nIdioma: Portugu\u00eas<br \/>\nDimens\u00f5es: 14.8 x 0.3\u00a0 x 20.5 cm<br \/>\nEncaderna\u00e7\u00e3o: Capa mole<br \/>\nP\u00e1ginas: 23<\/p>\n","protected":false},"excerpt":{"rendered":"<p>CARTA ABERTA A M\u00c1RIO SOARES Ruben Sottomayor Ano de edi\u00e7\u00e3o:\u00a0 1970 Editor: Editorial J. Castelo Branco, Lisboa Idioma: Portugu\u00eas Dimens\u00f5es: 14.8 x 0.3\u00a0 x 20.5 cm Encaderna\u00e7\u00e3o: Capa mole P\u00e1ginas: 23<\/p>\n","protected":false},"featured_media":1594,"comment_status":"open","ping_status":"closed","template":"","meta":{"om_disable_all_campaigns":false,"_monsterinsights_skip_tracking":false,"_monsterinsights_sitenote_active":false,"_monsterinsights_sitenote_note":"","_monsterinsights_sitenote_category":0,"_uf_show_specific_survey":0,"_uf_disable_surveys":false},"product_cat":[59,51],"product_tag":[],"aioseo_notices":[],"jetpack_sharing_enabled":true,"_links":{"self":[{"href":"https:\/\/casadolivreiro.pt\/index.php\/wp-json\/wp\/v2\/product\/1593"}],"collection":[{"href":"https:\/\/casadolivreiro.pt\/index.php\/wp-json\/wp\/v2\/product"}],"about":[{"href":"https:\/\/casadolivreiro.pt\/index.php\/wp-json\/wp\/v2\/types\/product"}],"replies":[{"embeddable":true,"href":"https:\/\/casadolivreiro.pt\/index.php\/wp-json\/wp\/v2\/comments?post=1593"}],"wp:featuredmedia":[{"embeddable":true,"href":"https:\/\/casadolivreiro.pt\/index.php\/wp-json\/wp\/v2\/media\/1594"}],"wp:attachment":[{"href":"https:\/\/casadolivreiro.pt\/index.php\/wp-json\/wp\/v2\/media?parent=1593"}],"wp:term":[{"taxonomy":"product_cat","embeddable":true,"href":"https:\/\/casadolivreiro.pt\/index.php\/wp-json\/wp\/v2\/product_cat?post=1593"},{"taxonomy":"product_tag","embeddable":true,"href":"https:\/\/casadolivreiro.pt\/index.php\/wp-json\/wp\/v2\/product_tag?post=1593"}],"curies":[{"name":"wp","href":"https:\/\/api.w.org\/{rel}","templated":true}]}}