{"id":1591,"date":"2024-03-31T18:37:56","date_gmt":"2024-03-31T18:37:56","guid":{"rendered":"https:\/\/casadolivreiro.pt\/?post_type=product&#038;p=1591"},"modified":"2024-03-31T18:38:14","modified_gmt":"2024-03-31T18:38:14","slug":"o-valente-soldado-chveik-jaroslav-hasek","status":"publish","type":"product","link":"https:\/\/casadolivreiro.pt\/index.php\/product\/o-valente-soldado-chveik-jaroslav-hasek\/","title":{"rendered":"O VALENTE SOLDADO CHV\u00c9IK &#8211; Jaroslav Hasek"},"content":{"rendered":"<p>O VALENTE SOLDADO CHV\u00c9IK<br \/>\nJaroslav Hasek<br \/>\nTradu\u00e7\u00e3o de Alexandre Cabral<br \/>\nColec\u00e7\u00e3o Os Romances Universais No. XXIV<br \/>\nAno de edi\u00e7\u00e3o:\u00a0 1961<br \/>\nEditor: Portugalia Editora, Lisboa<br \/>\nIdioma: Portugu\u00eas<br \/>\nDimens\u00f5es: 14.8 x 1.4\u00a0 x 21.5 cm<br \/>\nEncaderna\u00e7\u00e3o: Capa mole<br \/>\nP\u00e1ginas: 234<\/p>\n","protected":false},"excerpt":{"rendered":"<p>O VALENTE SOLDADO CHV\u00c9IK Jaroslav Hasek Tradu\u00e7\u00e3o de Alexandre Cabral Colec\u00e7\u00e3o Os Romances Universais No. XXIV Ano de edi\u00e7\u00e3o:\u00a0 1961 Editor: Portugalia Editora, Lisboa Idioma: Portugu\u00eas Dimens\u00f5es: 14.8 x 1.4\u00a0 x 21.5 cm Encaderna\u00e7\u00e3o: Capa mole P\u00e1ginas: 234<\/p>\n","protected":false},"featured_media":1592,"comment_status":"open","ping_status":"closed","template":"","meta":{"om_disable_all_campaigns":false,"_monsterinsights_skip_tracking":false,"_monsterinsights_sitenote_active":false,"_monsterinsights_sitenote_note":"","_monsterinsights_sitenote_category":0,"_uf_show_specific_survey":0,"_uf_disable_surveys":false},"product_cat":[26,59],"product_tag":[],"aioseo_notices":[],"jetpack_sharing_enabled":true,"_links":{"self":[{"href":"https:\/\/casadolivreiro.pt\/index.php\/wp-json\/wp\/v2\/product\/1591"}],"collection":[{"href":"https:\/\/casadolivreiro.pt\/index.php\/wp-json\/wp\/v2\/product"}],"about":[{"href":"https:\/\/casadolivreiro.pt\/index.php\/wp-json\/wp\/v2\/types\/product"}],"replies":[{"embeddable":true,"href":"https:\/\/casadolivreiro.pt\/index.php\/wp-json\/wp\/v2\/comments?post=1591"}],"wp:featuredmedia":[{"embeddable":true,"href":"https:\/\/casadolivreiro.pt\/index.php\/wp-json\/wp\/v2\/media\/1592"}],"wp:attachment":[{"href":"https:\/\/casadolivreiro.pt\/index.php\/wp-json\/wp\/v2\/media?parent=1591"}],"wp:term":[{"taxonomy":"product_cat","embeddable":true,"href":"https:\/\/casadolivreiro.pt\/index.php\/wp-json\/wp\/v2\/product_cat?post=1591"},{"taxonomy":"product_tag","embeddable":true,"href":"https:\/\/casadolivreiro.pt\/index.php\/wp-json\/wp\/v2\/product_tag?post=1591"}],"curies":[{"name":"wp","href":"https:\/\/api.w.org\/{rel}","templated":true}]}}