{"id":1589,"date":"2024-03-31T18:34:11","date_gmt":"2024-03-31T18:34:11","guid":{"rendered":"https:\/\/casadolivreiro.pt\/?post_type=product&#038;p=1589"},"modified":"2024-03-31T18:34:11","modified_gmt":"2024-03-31T18:34:11","slug":"o-servico-secreto-reinhard-gehlen","status":"publish","type":"product","link":"https:\/\/casadolivreiro.pt\/index.php\/product\/o-servico-secreto-reinhard-gehlen\/","title":{"rendered":"O SERVI\u00c7O SECRETO &#8211; Reinhard Gehlen"},"content":{"rendered":"<p>O SERVI\u00c7O SECRETO<br \/>\nReinhard Gehlen<br \/>\nColec\u00e7\u00e3o Vida e Aventura<br \/>\nTradu\u00e7\u00e3o de\u00a0 Luiz Carlos Luchetti e Luiz Cor\u00e7\u00e3o<br \/>\nAno de edi\u00e7\u00e3o:\u00a0 196?\u00a0\u00a0\u00a0 (2.a edi\u00e7\u00e3o)<br \/>\nEditor: Edi\u00e7\u00e3o Livros do Brasil, Lisboa<br \/>\nIdioma: Portugu\u00eas<br \/>\nDimens\u00f5es: 15 x 2.5\u00a0 x 21.5 cm<br \/>\nEncaderna\u00e7\u00e3o: Capa mole<br \/>\nP\u00e1ginas: 425<\/p>\n<p>As mem\u00f3rias do maior espi\u00e3o do s\u00e9culo, o homem sem face que sabia todos os segredos dos nazis, dos comunistas e da C. I. A. de 1942 a 1971. Ilustrado em extratexto sobre papel couch\u00e9 com a reprodu\u00e7\u00e3o de um documento e fotografias a preto e branco.<\/p>\n","protected":false},"excerpt":{"rendered":"<p>O SERVI\u00c7O SECRETO Reinhard Gehlen Colec\u00e7\u00e3o Vida e Aventura Tradu\u00e7\u00e3o de\u00a0 Luiz Carlos Luchetti e Luiz Cor\u00e7\u00e3o Ano de edi\u00e7\u00e3o:\u00a0 196?\u00a0\u00a0\u00a0 (2.a edi\u00e7\u00e3o) Editor: Edi\u00e7\u00e3o Livros do Brasil, Lisboa Idioma: Portugu\u00eas Dimens\u00f5es: 15 x 2.5\u00a0 x 21.5 cm Encaderna\u00e7\u00e3o: Capa mole P\u00e1ginas: 425 As mem\u00f3rias do maior espi\u00e3o do s\u00e9culo, o homem sem face que [&hellip;]<\/p>\n","protected":false},"featured_media":1590,"comment_status":"open","ping_status":"closed","template":"","meta":{"om_disable_all_campaigns":false,"_monsterinsights_skip_tracking":false,"_monsterinsights_sitenote_active":false,"_monsterinsights_sitenote_note":"","_monsterinsights_sitenote_category":0,"_uf_show_specific_survey":0,"_uf_disable_surveys":false},"product_cat":[30,59,44],"product_tag":[],"aioseo_notices":[],"jetpack_sharing_enabled":true,"_links":{"self":[{"href":"https:\/\/casadolivreiro.pt\/index.php\/wp-json\/wp\/v2\/product\/1589"}],"collection":[{"href":"https:\/\/casadolivreiro.pt\/index.php\/wp-json\/wp\/v2\/product"}],"about":[{"href":"https:\/\/casadolivreiro.pt\/index.php\/wp-json\/wp\/v2\/types\/product"}],"replies":[{"embeddable":true,"href":"https:\/\/casadolivreiro.pt\/index.php\/wp-json\/wp\/v2\/comments?post=1589"}],"wp:featuredmedia":[{"embeddable":true,"href":"https:\/\/casadolivreiro.pt\/index.php\/wp-json\/wp\/v2\/media\/1590"}],"wp:attachment":[{"href":"https:\/\/casadolivreiro.pt\/index.php\/wp-json\/wp\/v2\/media?parent=1589"}],"wp:term":[{"taxonomy":"product_cat","embeddable":true,"href":"https:\/\/casadolivreiro.pt\/index.php\/wp-json\/wp\/v2\/product_cat?post=1589"},{"taxonomy":"product_tag","embeddable":true,"href":"https:\/\/casadolivreiro.pt\/index.php\/wp-json\/wp\/v2\/product_tag?post=1589"}],"curies":[{"name":"wp","href":"https:\/\/api.w.org\/{rel}","templated":true}]}}