{"id":1587,"date":"2024-03-31T18:30:38","date_gmt":"2024-03-31T18:30:38","guid":{"rendered":"https:\/\/casadolivreiro.pt\/?post_type=product&#038;p=1587"},"modified":"2024-03-31T18:30:39","modified_gmt":"2024-03-31T18:30:39","slug":"a-vida-quotidiana-em-roma-no-apogeu-do-imperio-jerome-carcopino","status":"publish","type":"product","link":"https:\/\/casadolivreiro.pt\/index.php\/product\/a-vida-quotidiana-em-roma-no-apogeu-do-imperio-jerome-carcopino\/","title":{"rendered":"A VIDA QUOTIDIANA EM ROMA NO APOGEU DO IMP\u00c9RIO &#8211; J\u00e9rome Carcopino"},"content":{"rendered":"<p>A VIDA QUOTIDIANA EM ROMA NO APOGEU DO IMP\u00c9RIO<br \/>\nJ\u00e9rome Carcopino<br \/>\nTradu\u00e7\u00e3o de\u00a0 Ant\u00f3nio Jos\u00e9 Saraiva<br \/>\nAno de edi\u00e7\u00e3o: \u00a0196?\u00a0\u00a0 \u00a0(2.a edi\u00e7\u00e3o)<br \/>\nEditor: Edi\u00e7\u00e3o Livros do Brasil, Lisboa<br \/>\nIdioma: Portugu\u00eas<br \/>\nDimens\u00f5es: 15 x 2.1\u00a0 x 21.5 cm<br \/>\nEncaderna\u00e7\u00e3o: Capa mole<br \/>\nP\u00e1ginas: 369<\/p>\n","protected":false},"excerpt":{"rendered":"<p>A VIDA QUOTIDIANA EM ROMA NO APOGEU DO IMP\u00c9RIO J\u00e9rome Carcopino Tradu\u00e7\u00e3o de\u00a0 Ant\u00f3nio Jos\u00e9 Saraiva Ano de edi\u00e7\u00e3o: \u00a0196?\u00a0\u00a0 \u00a0(2.a edi\u00e7\u00e3o) Editor: Edi\u00e7\u00e3o Livros do Brasil, Lisboa Idioma: Portugu\u00eas Dimens\u00f5es: 15 x 2.1\u00a0 x 21.5 cm Encaderna\u00e7\u00e3o: Capa mole P\u00e1ginas: 369<\/p>\n","protected":false},"featured_media":1588,"comment_status":"open","ping_status":"closed","template":"","meta":{"om_disable_all_campaigns":false,"_monsterinsights_skip_tracking":false,"_monsterinsights_sitenote_active":false,"_monsterinsights_sitenote_note":"","_monsterinsights_sitenote_category":0,"_uf_show_specific_survey":0,"_uf_disable_surveys":false},"product_cat":[30,59],"product_tag":[],"aioseo_notices":[],"jetpack_sharing_enabled":true,"_links":{"self":[{"href":"https:\/\/casadolivreiro.pt\/index.php\/wp-json\/wp\/v2\/product\/1587"}],"collection":[{"href":"https:\/\/casadolivreiro.pt\/index.php\/wp-json\/wp\/v2\/product"}],"about":[{"href":"https:\/\/casadolivreiro.pt\/index.php\/wp-json\/wp\/v2\/types\/product"}],"replies":[{"embeddable":true,"href":"https:\/\/casadolivreiro.pt\/index.php\/wp-json\/wp\/v2\/comments?post=1587"}],"wp:featuredmedia":[{"embeddable":true,"href":"https:\/\/casadolivreiro.pt\/index.php\/wp-json\/wp\/v2\/media\/1588"}],"wp:attachment":[{"href":"https:\/\/casadolivreiro.pt\/index.php\/wp-json\/wp\/v2\/media?parent=1587"}],"wp:term":[{"taxonomy":"product_cat","embeddable":true,"href":"https:\/\/casadolivreiro.pt\/index.php\/wp-json\/wp\/v2\/product_cat?post=1587"},{"taxonomy":"product_tag","embeddable":true,"href":"https:\/\/casadolivreiro.pt\/index.php\/wp-json\/wp\/v2\/product_tag?post=1587"}],"curies":[{"name":"wp","href":"https:\/\/api.w.org\/{rel}","templated":true}]}}