{"id":158,"date":"2024-03-02T22:13:20","date_gmt":"2024-03-02T22:13:20","guid":{"rendered":"https:\/\/casadolivreiro.pt\/?post_type=product&#038;p=158"},"modified":"2024-03-29T00:56:23","modified_gmt":"2024-03-29T00:56:23","slug":"diccionario-poetico-para-o-uso-dos-que-principiao-a-exercitarse-na-poesia-portugueza","status":"publish","type":"product","link":"https:\/\/casadolivreiro.pt\/index.php\/product\/diccionario-poetico-para-o-uso-dos-que-principiao-a-exercitarse-na-poesia-portugueza\/","title":{"rendered":"DICCIONARIO POETICO Para o uso dos que principia\u00f5 a exercitarse na Poesia Portugueza"},"content":{"rendered":"<p>DICCIONARIO POETICO<br \/>\nPara o uso dos que principia\u00f5 a exercitarse na Poesia Portugueza obra igualmente \u00fatil AO ORADOR PRINCIPIANTE. SEU AUTHOR CANDIDO LUSITANO. LISBOA, Na Offic. Patriarcal de Francisco Luiz Ameno. MDCCLXV [1765].<br \/>\nObra em 2 volumes.<br \/>\nEditor: Offic. Patriarcal de Francisco Luiz Ameno, Lisboa<br \/>\nData de Lan\u00e7amento:\u00a0 1765<br \/>\nIdioma:\u00a0 Portugu\u00eas<br \/>\nDimens\u00f5es:\u00a0\u00a0\u00a0\u00a012.5cm x 4.9cm x 19.5 cm<br \/>\nEncaderna\u00e7\u00e3o: Capa dura<br \/>\nP\u00e1ginas:\u00a0 Vol I &#8211; 408, Vol II &#8211; 344<\/p>\n<p>Exemplar com ex-libris. Primeira edi\u00e7\u00e3o deste dicion\u00e1rio, contendo no final do segundo volume um &#8216;Socorro Po\u00e9tico de varios similes e compara\u00e7\u00f5es&#8217; onde se explicam o sentido po\u00e9toco de v\u00e1rias palavras e express\u00f5es nas alegorias dos poetas cl\u00e1ssicos.<\/p>\n","protected":false},"excerpt":{"rendered":"<p>DICCIONARIO POETICO Para o uso dos que principia\u00f5 a exercitarse na Poesia Portugueza obra igualmente \u00fatil AO ORADOR PRINCIPIANTE. SEU AUTHOR CANDIDO LUSITANO. LISBOA, Na Offic. Patriarcal de Francisco Luiz Ameno. MDCCLXV [1765]. Obra em 2 volumes. Editor: Offic. Patriarcal de Francisco Luiz Ameno, Lisboa Data de Lan\u00e7amento:\u00a0 1765 Idioma:\u00a0 Portugu\u00eas Dimens\u00f5es:\u00a0\u00a0\u00a0\u00a012.5cm x 4.9cm x [&hellip;]<\/p>\n","protected":false},"featured_media":159,"comment_status":"open","ping_status":"closed","template":"","meta":{"om_disable_all_campaigns":false,"_monsterinsights_skip_tracking":false,"_monsterinsights_sitenote_active":false,"_monsterinsights_sitenote_note":"","_monsterinsights_sitenote_category":0,"_uf_show_specific_survey":0,"_uf_disable_surveys":false},"product_cat":[60,62,27,54],"product_tag":[],"aioseo_notices":[],"jetpack_sharing_enabled":true,"_links":{"self":[{"href":"https:\/\/casadolivreiro.pt\/index.php\/wp-json\/wp\/v2\/product\/158"}],"collection":[{"href":"https:\/\/casadolivreiro.pt\/index.php\/wp-json\/wp\/v2\/product"}],"about":[{"href":"https:\/\/casadolivreiro.pt\/index.php\/wp-json\/wp\/v2\/types\/product"}],"replies":[{"embeddable":true,"href":"https:\/\/casadolivreiro.pt\/index.php\/wp-json\/wp\/v2\/comments?post=158"}],"wp:featuredmedia":[{"embeddable":true,"href":"https:\/\/casadolivreiro.pt\/index.php\/wp-json\/wp\/v2\/media\/159"}],"wp:attachment":[{"href":"https:\/\/casadolivreiro.pt\/index.php\/wp-json\/wp\/v2\/media?parent=158"}],"wp:term":[{"taxonomy":"product_cat","embeddable":true,"href":"https:\/\/casadolivreiro.pt\/index.php\/wp-json\/wp\/v2\/product_cat?post=158"},{"taxonomy":"product_tag","embeddable":true,"href":"https:\/\/casadolivreiro.pt\/index.php\/wp-json\/wp\/v2\/product_tag?post=158"}],"curies":[{"name":"wp","href":"https:\/\/api.w.org\/{rel}","templated":true}]}}