{"id":1579,"date":"2024-03-31T18:19:31","date_gmt":"2024-03-31T18:19:31","guid":{"rendered":"https:\/\/casadolivreiro.pt\/?post_type=product&#038;p=1579"},"modified":"2024-03-31T18:19:31","modified_gmt":"2024-03-31T18:19:31","slug":"o-retrato-de-ricardina-camillo-castello-branco","status":"publish","type":"product","link":"https:\/\/casadolivreiro.pt\/index.php\/product\/o-retrato-de-ricardina-camillo-castello-branco\/","title":{"rendered":"O RETRATO DE RICARDINA &#8211; Camillo Castello Branco"},"content":{"rendered":"<p>O RETRATO DE RICARDINA<br \/>\nCamillo Castello Branco<br \/>\nAno de edi\u00e7\u00e3o: 1926 (7.a edi\u00e7\u00e3o, conforme a 2.a \u00fanica revista pelo auctor)<br \/>\nEditor: Parceria A. Maria Pereira, Lisboa<br \/>\nIdioma: Portugu\u00eas<br \/>\nDimens\u00f5es: 12 x 1.6\u00a0 x 16.5 cm<br \/>\nEncaderna\u00e7\u00e3o: Capa dura<br \/>\nP\u00e1ginas: 248<br \/>\nEncaderna\u00e7\u00f5es do editor com grava\u00e7\u00f5es a ouro nas lombadas nas capas anteriores.<\/p>\n","protected":false},"excerpt":{"rendered":"<p>O RETRATO DE RICARDINA Camillo Castello Branco Ano de edi\u00e7\u00e3o: 1926 (7.a edi\u00e7\u00e3o, conforme a 2.a \u00fanica revista pelo auctor) Editor: Parceria A. Maria Pereira, Lisboa Idioma: Portugu\u00eas Dimens\u00f5es: 12 x 1.6\u00a0 x 16.5 cm Encaderna\u00e7\u00e3o: Capa dura P\u00e1ginas: 248 Encaderna\u00e7\u00f5es do editor com grava\u00e7\u00f5es a ouro nas lombadas nas capas anteriores.<\/p>\n","protected":false},"featured_media":1580,"comment_status":"open","ping_status":"closed","template":"","meta":{"om_disable_all_campaigns":false,"_monsterinsights_skip_tracking":false,"_monsterinsights_sitenote_active":false,"_monsterinsights_sitenote_note":"","_monsterinsights_sitenote_category":0,"_uf_show_specific_survey":0,"_uf_disable_surveys":false},"product_cat":[25,59],"product_tag":[],"aioseo_notices":[],"jetpack_sharing_enabled":true,"_links":{"self":[{"href":"https:\/\/casadolivreiro.pt\/index.php\/wp-json\/wp\/v2\/product\/1579"}],"collection":[{"href":"https:\/\/casadolivreiro.pt\/index.php\/wp-json\/wp\/v2\/product"}],"about":[{"href":"https:\/\/casadolivreiro.pt\/index.php\/wp-json\/wp\/v2\/types\/product"}],"replies":[{"embeddable":true,"href":"https:\/\/casadolivreiro.pt\/index.php\/wp-json\/wp\/v2\/comments?post=1579"}],"wp:featuredmedia":[{"embeddable":true,"href":"https:\/\/casadolivreiro.pt\/index.php\/wp-json\/wp\/v2\/media\/1580"}],"wp:attachment":[{"href":"https:\/\/casadolivreiro.pt\/index.php\/wp-json\/wp\/v2\/media?parent=1579"}],"wp:term":[{"taxonomy":"product_cat","embeddable":true,"href":"https:\/\/casadolivreiro.pt\/index.php\/wp-json\/wp\/v2\/product_cat?post=1579"},{"taxonomy":"product_tag","embeddable":true,"href":"https:\/\/casadolivreiro.pt\/index.php\/wp-json\/wp\/v2\/product_tag?post=1579"}],"curies":[{"name":"wp","href":"https:\/\/api.w.org\/{rel}","templated":true}]}}