{"id":1576,"date":"2024-03-31T18:15:18","date_gmt":"2024-03-31T18:15:18","guid":{"rendered":"https:\/\/casadolivreiro.pt\/?post_type=product&#038;p=1576"},"modified":"2024-03-31T18:15:18","modified_gmt":"2024-03-31T18:15:18","slug":"novellas-do-minho-camillo-castello-branco","status":"publish","type":"product","link":"https:\/\/casadolivreiro.pt\/index.php\/product\/novellas-do-minho-camillo-castello-branco\/","title":{"rendered":"NOVELLAS DO MINHO &#8211; Camillo Castello Branco"},"content":{"rendered":"<p>NOVELLAS DO MINHO<br \/>\nCamillo Castello Branco<br \/>\nAno de edi\u00e7\u00e3o: 1924 (4.a edi\u00e7\u00e3o, conforme a 1.a \u00fanica revista pelo auctor)<br \/>\nEditor: Parceria A. Maria Pereira, Lisboa<br \/>\nIdioma: Portugu\u00eas<br \/>\nDimens\u00f5es: 12 x 1.4\u00a0 x 16.5 cm<br \/>\nEncaderna\u00e7\u00e3o: Capa dura<br \/>\nP\u00e1ginas: 214<br \/>\nEncaderna\u00e7\u00f5es do editor com grava\u00e7\u00f5es a ouro nas lombadas nas capas anteriores.<\/p>\n","protected":false},"excerpt":{"rendered":"<p>NOVELLAS DO MINHO Camillo Castello Branco Ano de edi\u00e7\u00e3o: 1924 (4.a edi\u00e7\u00e3o, conforme a 1.a \u00fanica revista pelo auctor) Editor: Parceria A. Maria Pereira, Lisboa Idioma: Portugu\u00eas Dimens\u00f5es: 12 x 1.4\u00a0 x 16.5 cm Encaderna\u00e7\u00e3o: Capa dura P\u00e1ginas: 214 Encaderna\u00e7\u00f5es do editor com grava\u00e7\u00f5es a ouro nas lombadas nas capas anteriores.<\/p>\n","protected":false},"featured_media":1577,"comment_status":"open","ping_status":"closed","template":"","meta":{"om_disable_all_campaigns":false,"_monsterinsights_skip_tracking":false,"_monsterinsights_sitenote_active":false,"_monsterinsights_sitenote_note":"","_monsterinsights_sitenote_category":0,"_uf_show_specific_survey":0,"_uf_disable_surveys":false},"product_cat":[25,59],"product_tag":[],"aioseo_notices":[],"jetpack_sharing_enabled":true,"_links":{"self":[{"href":"https:\/\/casadolivreiro.pt\/index.php\/wp-json\/wp\/v2\/product\/1576"}],"collection":[{"href":"https:\/\/casadolivreiro.pt\/index.php\/wp-json\/wp\/v2\/product"}],"about":[{"href":"https:\/\/casadolivreiro.pt\/index.php\/wp-json\/wp\/v2\/types\/product"}],"replies":[{"embeddable":true,"href":"https:\/\/casadolivreiro.pt\/index.php\/wp-json\/wp\/v2\/comments?post=1576"}],"wp:featuredmedia":[{"embeddable":true,"href":"https:\/\/casadolivreiro.pt\/index.php\/wp-json\/wp\/v2\/media\/1577"}],"wp:attachment":[{"href":"https:\/\/casadolivreiro.pt\/index.php\/wp-json\/wp\/v2\/media?parent=1576"}],"wp:term":[{"taxonomy":"product_cat","embeddable":true,"href":"https:\/\/casadolivreiro.pt\/index.php\/wp-json\/wp\/v2\/product_cat?post=1576"},{"taxonomy":"product_tag","embeddable":true,"href":"https:\/\/casadolivreiro.pt\/index.php\/wp-json\/wp\/v2\/product_tag?post=1576"}],"curies":[{"name":"wp","href":"https:\/\/api.w.org\/{rel}","templated":true}]}}