{"id":1567,"date":"2024-03-31T17:53:29","date_gmt":"2024-03-31T17:53:29","guid":{"rendered":"https:\/\/casadolivreiro.pt\/?post_type=product&#038;p=1567"},"modified":"2024-03-31T17:53:29","modified_gmt":"2024-03-31T17:53:29","slug":"escola-franciscana-historia-e-filosofia-p-ilidio-de-sousa-ribeiro-o-f-m-professor-de-filosofia","status":"publish","type":"product","link":"https:\/\/casadolivreiro.pt\/index.php\/product\/escola-franciscana-historia-e-filosofia-p-ilidio-de-sousa-ribeiro-o-f-m-professor-de-filosofia\/","title":{"rendered":"ESCOLA FRANCISCANA (Hist\u00f3ria e filosofia) &#8211; P. Il\u00eddio de Sousa Ribeiro, o.f.m. professor de filosofia"},"content":{"rendered":"<p>ESCOLA FRANCISCANA (Hist\u00f3ria e filosofia)<br \/>\nP. Il\u00eddio de Sousa Ribeiro, o.f.m. professor de filosofia<br \/>\nAno de edi\u00e7\u00e3o: 1943<br \/>\nEditor: Edi\u00e7\u00f5es Gama, Lisboa<br \/>\nIdioma: Portugu\u00eas<br \/>\nDimens\u00f5es: 12 x 1\u00a0 x 19 cm<br \/>\nEncaderna\u00e7\u00e3o: Capa mole<br \/>\nP\u00e1ginas: 203<\/p>\n","protected":false},"excerpt":{"rendered":"<p>ESCOLA FRANCISCANA (Hist\u00f3ria e filosofia) P. Il\u00eddio de Sousa Ribeiro, o.f.m. professor de filosofia Ano de edi\u00e7\u00e3o: 1943 Editor: Edi\u00e7\u00f5es Gama, Lisboa Idioma: Portugu\u00eas Dimens\u00f5es: 12 x 1\u00a0 x 19 cm Encaderna\u00e7\u00e3o: Capa mole P\u00e1ginas: 203<\/p>\n","protected":false},"featured_media":1568,"comment_status":"open","ping_status":"closed","template":"","meta":{"om_disable_all_campaigns":false,"_monsterinsights_skip_tracking":false,"_monsterinsights_sitenote_active":false,"_monsterinsights_sitenote_note":"","_monsterinsights_sitenote_category":0,"_uf_show_specific_survey":0,"_uf_disable_surveys":false},"product_cat":[47,29,30],"product_tag":[],"aioseo_notices":[],"jetpack_sharing_enabled":true,"_links":{"self":[{"href":"https:\/\/casadolivreiro.pt\/index.php\/wp-json\/wp\/v2\/product\/1567"}],"collection":[{"href":"https:\/\/casadolivreiro.pt\/index.php\/wp-json\/wp\/v2\/product"}],"about":[{"href":"https:\/\/casadolivreiro.pt\/index.php\/wp-json\/wp\/v2\/types\/product"}],"replies":[{"embeddable":true,"href":"https:\/\/casadolivreiro.pt\/index.php\/wp-json\/wp\/v2\/comments?post=1567"}],"wp:featuredmedia":[{"embeddable":true,"href":"https:\/\/casadolivreiro.pt\/index.php\/wp-json\/wp\/v2\/media\/1568"}],"wp:attachment":[{"href":"https:\/\/casadolivreiro.pt\/index.php\/wp-json\/wp\/v2\/media?parent=1567"}],"wp:term":[{"taxonomy":"product_cat","embeddable":true,"href":"https:\/\/casadolivreiro.pt\/index.php\/wp-json\/wp\/v2\/product_cat?post=1567"},{"taxonomy":"product_tag","embeddable":true,"href":"https:\/\/casadolivreiro.pt\/index.php\/wp-json\/wp\/v2\/product_tag?post=1567"}],"curies":[{"name":"wp","href":"https:\/\/api.w.org\/{rel}","templated":true}]}}