{"id":1564,"date":"2024-03-31T17:50:02","date_gmt":"2024-03-31T17:50:02","guid":{"rendered":"https:\/\/casadolivreiro.pt\/?post_type=product&#038;p=1564"},"modified":"2024-03-31T17:50:02","modified_gmt":"2024-03-31T17:50:02","slug":"para-uma-psicologia-na-primeira-pessoa-manuel-breda-simoes","status":"publish","type":"product","link":"https:\/\/casadolivreiro.pt\/index.php\/product\/para-uma-psicologia-na-primeira-pessoa-manuel-breda-simoes\/","title":{"rendered":"PARA UMA PSICOLOGIA NA PRIMEIRA PESSOA &#8211; Manuel Breda Sim\u00f5es"},"content":{"rendered":"<p>PARA UMA PSICOLOGIA NA PRIMEIRA PESSOA<br \/>\nManuel Breda Sim\u00f5es<br \/>\nAno de edi\u00e7\u00e3o: 1961<br \/>\nEditor: Sociedade de Expans\u00e3o Cultural<br \/>\nIdioma: Portugu\u00eas<br \/>\nDimens\u00f5es: 12 x 0.7\u00a0 x 19 cm<br \/>\nEncaderna\u00e7\u00e3o: Capa mole<br \/>\nP\u00e1ginas: 75<\/p>\n","protected":false},"excerpt":{"rendered":"<p>PARA UMA PSICOLOGIA NA PRIMEIRA PESSOA Manuel Breda Sim\u00f5es Ano de edi\u00e7\u00e3o: 1961 Editor: Sociedade de Expans\u00e3o Cultural Idioma: Portugu\u00eas Dimens\u00f5es: 12 x 0.7\u00a0 x 19 cm Encaderna\u00e7\u00e3o: Capa mole P\u00e1ginas: 75<\/p>\n","protected":false},"featured_media":1566,"comment_status":"open","ping_status":"closed","template":"","meta":{"om_disable_all_campaigns":false,"_monsterinsights_skip_tracking":false,"_monsterinsights_sitenote_active":false,"_monsterinsights_sitenote_note":"","_monsterinsights_sitenote_category":0,"_uf_show_specific_survey":0,"_uf_disable_surveys":false},"product_cat":[47,29,59],"product_tag":[],"aioseo_notices":[],"jetpack_sharing_enabled":true,"_links":{"self":[{"href":"https:\/\/casadolivreiro.pt\/index.php\/wp-json\/wp\/v2\/product\/1564"}],"collection":[{"href":"https:\/\/casadolivreiro.pt\/index.php\/wp-json\/wp\/v2\/product"}],"about":[{"href":"https:\/\/casadolivreiro.pt\/index.php\/wp-json\/wp\/v2\/types\/product"}],"replies":[{"embeddable":true,"href":"https:\/\/casadolivreiro.pt\/index.php\/wp-json\/wp\/v2\/comments?post=1564"}],"wp:featuredmedia":[{"embeddable":true,"href":"https:\/\/casadolivreiro.pt\/index.php\/wp-json\/wp\/v2\/media\/1566"}],"wp:attachment":[{"href":"https:\/\/casadolivreiro.pt\/index.php\/wp-json\/wp\/v2\/media?parent=1564"}],"wp:term":[{"taxonomy":"product_cat","embeddable":true,"href":"https:\/\/casadolivreiro.pt\/index.php\/wp-json\/wp\/v2\/product_cat?post=1564"},{"taxonomy":"product_tag","embeddable":true,"href":"https:\/\/casadolivreiro.pt\/index.php\/wp-json\/wp\/v2\/product_tag?post=1564"}],"curies":[{"name":"wp","href":"https:\/\/api.w.org\/{rel}","templated":true}]}}