{"id":1562,"date":"2024-03-31T17:46:23","date_gmt":"2024-03-31T17:46:23","guid":{"rendered":"https:\/\/casadolivreiro.pt\/?post_type=product&#038;p=1562"},"modified":"2024-03-31T17:46:23","modified_gmt":"2024-03-31T17:46:23","slug":"a-sociedade-das-nacoes-e-a-sua-accao-economica-conferencia-proferida-no-instituto-superior-de-comercio-de-lisboa-na-noute-de-17-de-julho-de-1929-moses-bensabat-amzalak","status":"publish","type":"product","link":"https:\/\/casadolivreiro.pt\/index.php\/product\/a-sociedade-das-nacoes-e-a-sua-accao-economica-conferencia-proferida-no-instituto-superior-de-comercio-de-lisboa-na-noute-de-17-de-julho-de-1929-moses-bensabat-amzalak\/","title":{"rendered":"A SOCIEDADE DAS NA\u00c7\u00d5ES E A SUA AC\u00c7\u00c3O ECONOMICA Conferencia proferida no instituto superior de comercio de Lisboa na noute de 17 de julho de 1929  &#8211; Moses Bensabat Amzalak"},"content":{"rendered":"<p>A SOCIEDADE DAS NA\u00c7\u00d5ES E A SUA AC\u00c7\u00c3O ECONOMICA<br \/>\nConferencia proferida no instituto superior de comercio de Lisboa na noute de 17 de julho de 1929<br \/>\nMoses Bensabat Amzalak<br \/>\nAno de edi\u00e7\u00e3o: 1929<br \/>\nEditor: Instituto Superior de Comercio de Lisboa<br \/>\nIdioma: Portugu\u00eas<br \/>\nDimens\u00f5es: 12.2 x 0.6\u00a0 x 19 cm<br \/>\nEncaderna\u00e7\u00e3o: Capa mole<br \/>\nP\u00e1ginas: 73<\/p>\n","protected":false},"excerpt":{"rendered":"<p>A SOCIEDADE DAS NA\u00c7\u00d5ES E A SUA AC\u00c7\u00c3O ECONOMICA Conferencia proferida no instituto superior de comercio de Lisboa na noute de 17 de julho de 1929 Moses Bensabat Amzalak Ano de edi\u00e7\u00e3o: 1929 Editor: Instituto Superior de Comercio de Lisboa Idioma: Portugu\u00eas Dimens\u00f5es: 12.2 x 0.6\u00a0 x 19 cm Encaderna\u00e7\u00e3o: Capa mole P\u00e1ginas: 73<\/p>\n","protected":false},"featured_media":1563,"comment_status":"open","ping_status":"closed","template":"","meta":{"om_disable_all_campaigns":false,"_monsterinsights_skip_tracking":false,"_monsterinsights_sitenote_active":false,"_monsterinsights_sitenote_note":"","_monsterinsights_sitenote_category":0,"_uf_show_specific_survey":0,"_uf_disable_surveys":false},"product_cat":[41,30,59,51],"product_tag":[],"aioseo_notices":[],"jetpack_sharing_enabled":true,"_links":{"self":[{"href":"https:\/\/casadolivreiro.pt\/index.php\/wp-json\/wp\/v2\/product\/1562"}],"collection":[{"href":"https:\/\/casadolivreiro.pt\/index.php\/wp-json\/wp\/v2\/product"}],"about":[{"href":"https:\/\/casadolivreiro.pt\/index.php\/wp-json\/wp\/v2\/types\/product"}],"replies":[{"embeddable":true,"href":"https:\/\/casadolivreiro.pt\/index.php\/wp-json\/wp\/v2\/comments?post=1562"}],"wp:featuredmedia":[{"embeddable":true,"href":"https:\/\/casadolivreiro.pt\/index.php\/wp-json\/wp\/v2\/media\/1563"}],"wp:attachment":[{"href":"https:\/\/casadolivreiro.pt\/index.php\/wp-json\/wp\/v2\/media?parent=1562"}],"wp:term":[{"taxonomy":"product_cat","embeddable":true,"href":"https:\/\/casadolivreiro.pt\/index.php\/wp-json\/wp\/v2\/product_cat?post=1562"},{"taxonomy":"product_tag","embeddable":true,"href":"https:\/\/casadolivreiro.pt\/index.php\/wp-json\/wp\/v2\/product_tag?post=1562"}],"curies":[{"name":"wp","href":"https:\/\/api.w.org\/{rel}","templated":true}]}}