{"id":1560,"date":"2024-03-31T17:42:41","date_gmt":"2024-03-31T17:42:41","guid":{"rendered":"https:\/\/casadolivreiro.pt\/?post_type=product&#038;p=1560"},"modified":"2024-03-31T17:42:41","modified_gmt":"2024-03-31T17:42:41","slug":"nada-de-novo-na-russia-paul-thomas","status":"publish","type":"product","link":"https:\/\/casadolivreiro.pt\/index.php\/product\/nada-de-novo-na-russia-paul-thomas\/","title":{"rendered":"NADA DE NOVO NA R\u00daSSIA &#8211; Paul Thomas"},"content":{"rendered":"<p>NADA DE NOVO NA R\u00daSSIA<br \/>\nPaul Thomas<br \/>\nTradu\u00e7\u00e3o de Adelaide Felix<br \/>\nAno de edi\u00e7\u00e3o: 1940<br \/>\nEditor: Editora ARGO, Lisboa<br \/>\nIdioma: Portugu\u00eas<br \/>\nDimens\u00f5es: 12 x 0.7 x 19.3 cm<br \/>\nEncaderna\u00e7\u00e3o: Capa mole<br \/>\nP\u00e1ginas: 131<\/p>\n","protected":false},"excerpt":{"rendered":"<p>NADA DE NOVO NA R\u00daSSIA Paul Thomas Tradu\u00e7\u00e3o de Adelaide Felix Ano de edi\u00e7\u00e3o: 1940 Editor: Editora ARGO, Lisboa Idioma: Portugu\u00eas Dimens\u00f5es: 12 x 0.7 x 19.3 cm Encaderna\u00e7\u00e3o: Capa mole P\u00e1ginas: 131<\/p>\n","protected":false},"featured_media":1561,"comment_status":"open","ping_status":"closed","template":"","meta":{"om_disable_all_campaigns":false,"_monsterinsights_skip_tracking":false,"_monsterinsights_sitenote_active":false,"_monsterinsights_sitenote_note":"","_monsterinsights_sitenote_category":0,"_uf_show_specific_survey":0,"_uf_disable_surveys":false},"product_cat":[30,59,51],"product_tag":[],"aioseo_notices":[],"jetpack_sharing_enabled":true,"_links":{"self":[{"href":"https:\/\/casadolivreiro.pt\/index.php\/wp-json\/wp\/v2\/product\/1560"}],"collection":[{"href":"https:\/\/casadolivreiro.pt\/index.php\/wp-json\/wp\/v2\/product"}],"about":[{"href":"https:\/\/casadolivreiro.pt\/index.php\/wp-json\/wp\/v2\/types\/product"}],"replies":[{"embeddable":true,"href":"https:\/\/casadolivreiro.pt\/index.php\/wp-json\/wp\/v2\/comments?post=1560"}],"wp:featuredmedia":[{"embeddable":true,"href":"https:\/\/casadolivreiro.pt\/index.php\/wp-json\/wp\/v2\/media\/1561"}],"wp:attachment":[{"href":"https:\/\/casadolivreiro.pt\/index.php\/wp-json\/wp\/v2\/media?parent=1560"}],"wp:term":[{"taxonomy":"product_cat","embeddable":true,"href":"https:\/\/casadolivreiro.pt\/index.php\/wp-json\/wp\/v2\/product_cat?post=1560"},{"taxonomy":"product_tag","embeddable":true,"href":"https:\/\/casadolivreiro.pt\/index.php\/wp-json\/wp\/v2\/product_tag?post=1560"}],"curies":[{"name":"wp","href":"https:\/\/api.w.org\/{rel}","templated":true}]}}