{"id":1557,"date":"2024-03-31T17:37:33","date_gmt":"2024-03-31T17:37:33","guid":{"rendered":"https:\/\/casadolivreiro.pt\/?post_type=product&#038;p=1557"},"modified":"2024-03-31T17:37:33","modified_gmt":"2024-03-31T17:37:33","slug":"apostasia-de-um-bispo-novella-inacreditavel-mas-verdadeira-de-um-homem-que-foi-fidalgo-frade-bispo-nababo-general-e-o-mais-galanteador-dos-principes-da-egreja-eduardo-de-noronha","status":"publish","type":"product","link":"https:\/\/casadolivreiro.pt\/index.php\/product\/apostasia-de-um-bispo-novella-inacreditavel-mas-verdadeira-de-um-homem-que-foi-fidalgo-frade-bispo-nababo-general-e-o-mais-galanteador-dos-principes-da-egreja-eduardo-de-noronha\/","title":{"rendered":"APOSTASIA DE UM BISPO: Novella inacredit\u00e1vel, mas verdadeira, de um homem que foi fidalgo, frade, bispo, nababo, general e o mais galanteador dos pr\u00edncipes da egreja &#8211; Eduardo de Noronha"},"content":{"rendered":"<p>APOSTASIA DE UM BISPO: Novella inacredit\u00e1vel, mas verdadeira, de um homem que foi fidalgo, frade, bispo, nababo, general e o mais galanteador dos pr\u00edncipes da egreja<br \/>\nEduardo de Noronha<br \/>\nAno de edi\u00e7\u00e3o: 1910 (Primeira edi\u00e7\u00e3o.)<br \/>\nEditor: Magalh\u00e3es &amp; Moniz Lda. Editores, Porto<br \/>\nIdioma: Portugu\u00eas<br \/>\nDimens\u00f5es: 11 x 2 x 19 cm<br \/>\nEncaderna\u00e7\u00e3o: Capa dura<br \/>\nP\u00e1ginas: 430<br \/>\nIlustrado com 24 gravuras. Exemplar em bom estado.<\/p>\n","protected":false},"excerpt":{"rendered":"<p>APOSTASIA DE UM BISPO: Novella inacredit\u00e1vel, mas verdadeira, de um homem que foi fidalgo, frade, bispo, nababo, general e o mais galanteador dos pr\u00edncipes da egreja Eduardo de Noronha Ano de edi\u00e7\u00e3o: 1910 (Primeira edi\u00e7\u00e3o.) Editor: Magalh\u00e3es &amp; Moniz Lda. Editores, Porto Idioma: Portugu\u00eas Dimens\u00f5es: 11 x 2 x 19 cm Encaderna\u00e7\u00e3o: Capa dura P\u00e1ginas: [&hellip;]<\/p>\n","protected":false},"featured_media":1558,"comment_status":"open","ping_status":"closed","template":"","meta":{"om_disable_all_campaigns":false,"_monsterinsights_skip_tracking":false,"_monsterinsights_sitenote_active":false,"_monsterinsights_sitenote_note":"","_monsterinsights_sitenote_category":0,"_uf_show_specific_survey":0,"_uf_disable_surveys":false},"product_cat":[33,29,25,36],"product_tag":[],"aioseo_notices":[],"jetpack_sharing_enabled":true,"_links":{"self":[{"href":"https:\/\/casadolivreiro.pt\/index.php\/wp-json\/wp\/v2\/product\/1557"}],"collection":[{"href":"https:\/\/casadolivreiro.pt\/index.php\/wp-json\/wp\/v2\/product"}],"about":[{"href":"https:\/\/casadolivreiro.pt\/index.php\/wp-json\/wp\/v2\/types\/product"}],"replies":[{"embeddable":true,"href":"https:\/\/casadolivreiro.pt\/index.php\/wp-json\/wp\/v2\/comments?post=1557"}],"wp:featuredmedia":[{"embeddable":true,"href":"https:\/\/casadolivreiro.pt\/index.php\/wp-json\/wp\/v2\/media\/1558"}],"wp:attachment":[{"href":"https:\/\/casadolivreiro.pt\/index.php\/wp-json\/wp\/v2\/media?parent=1557"}],"wp:term":[{"taxonomy":"product_cat","embeddable":true,"href":"https:\/\/casadolivreiro.pt\/index.php\/wp-json\/wp\/v2\/product_cat?post=1557"},{"taxonomy":"product_tag","embeddable":true,"href":"https:\/\/casadolivreiro.pt\/index.php\/wp-json\/wp\/v2\/product_tag?post=1557"}],"curies":[{"name":"wp","href":"https:\/\/api.w.org\/{rel}","templated":true}]}}